{"id":17434,"date":"2023-09-05T15:55:55","date_gmt":"2023-09-05T13:55:55","guid":{"rendered":"https:\/\/www.lindt-home-of-chocolate.com\/?page_id=17434"},"modified":"2026-03-30T14:35:35","modified_gmt":"2026-03-30T12:35:35","slug":"oeffnungszeiten","status":"publish","type":"page","link":"https:\/\/www.lindt-home-of-chocolate.com\/de\/oeffnungszeiten\/","title":{"rendered":"\u00d6ffnungszeiten"},"content":{"rendered":"<div class=\"wpb-content-wrapper\"><p>[vc_row full_width=&#8220;stretch_row_content&#8220;][vc_column]\r\n\t\t\t<div id=\"hero\" class=\"no-lazyload\"  style=\"background-image: url(https:\/\/www.lindt-home-of-chocolate.com\/wp-content\/uploads\/2023\/09\/LS_HOC_Eingang_1920x640_DE.jpg); background-position: center center; background-size: cover; background-repreat: no-repeat; display: block; \"  ><\/div>\r\n\t\t\t\t<style>\r\n\t\t\t\t@media only screen and (max-width: 767.98px) {\r\n\t\t\t\t\t#hero {\r\n\t\t\t\t\t\tbackground-image: url(https:\/\/www.lindt-home-of-chocolate.com\/wp-content\/uploads\/2023\/09\/LS_HOC_Eingang_767x607_DE.jpg) !important;\r\n\t\t\t\t\t}\r\n\t\t\t\t}\t\r\n\t\t\t\t<\/style>\r\n\t\t\t[\/vc_column][\/vc_row][vc_row el_class=&#8220;modul-4-row&#8220;][vc_column width=&#8220;2\/12&#8243;][\/vc_column][vc_column width=&#8220;8\/12&#8243;][vc_empty_space height=&#8220;45px&#8220; el_class=&#8220;mobile-20&#8243;]\r\n\t\t\t<div class=\"lindt-headline algin-center    topline-gold \">\t\t<span class=\"topline\">\u00d6ffnungszeiten<\/span>\t<h1>360 Tage im Jahr ge\u00f6ffnet<\/h1>\r\n\t\t\t<\/div>\r\n\t\t\t[vc_column_text]<\/p>\n<p style=\"text-align: center;\">Ausser an Weihnachten und Neujahr sowie an zwei Revisionstagen im Fr\u00fchling und Herbst hat das Lindt Home of Chocolate t\u00e4glich ge\u00f6ffnet. Die T\u00fcren zur Eingangshalle \u00f6ffnen jeweils um 09.30 Uhr und die erst m\u00f6gliche Tour mit Audioguide startet um 10.00 Uhr.<\/p>\n<p>[\/vc_column_text][vc_empty_space height=&#8220;20px&#8220; el_class=&#8220;spacer-20&#8243;][\/vc_column][vc_column width=&#8220;2\/12&#8243;][\/vc_column][\/vc_row][vc_row][vc_column][vc_empty_space height=&#8220;60px&#8220;][\/vc_column][\/vc_row][vc_row el_class=&#8220;modul-7-row-0&#8243;][vc_column width=&#8220;1\/12&#8243;][\/vc_column][vc_column width=&#8220;10\/12&#8243; css=&#8220;.vc_custom_1582896807765{background-color: #f0f0f0 !important;}&#8220;][vc_row_inner][vc_column_inner width=&#8220;1\/4&#8243;][\/vc_column_inner][vc_column_inner width=&#8220;1\/2&#8243;][vc_empty_space height=&#8220;40px&#8220; el_class=&#8220;spacer-40&#8243;]\r\n\t\t\t<div class=\"lindt-headline algin-center    \">\t<h2>\u00dcbersicht \u00d6ffnungszeiten<\/h2>\r\n\t\t\t<\/div>\r\n\t\t\t[vc_empty_space height=&#8220;100px&#8220; el_class=&#8220;mobile-30&#8243;][\/vc_column_inner][vc_column_inner width=&#8220;1\/4&#8243;][\/vc_column_inner][\/vc_row_inner][\/vc_column][vc_column width=&#8220;1\/12&#8243;][\/vc_column][\/vc_row][vc_row equal_height=&#8220;yes&#8220; el_class=&#8220;modul-7-row-2&#8243;][vc_column width=&#8220;1\/12&#8243;][\/vc_column][vc_column width=&#8220;5\/12&#8243; css=&#8220;.vc_custom_1582896821624{background-color: #f0f0f0 !important;}&#8220; el_class=&#8220;modul-7-row-text&#8220;]\r\n\t\t\t<div class=\"lindt-headline  bg-grey   \">\t<h3>Allgemeine \u00d6ffnungszeiten<\/h3>\r\n\t\t\t<\/div>\r\n\t\t\t[vc_column_text]<\/p>\n<p><strong>Montag \u2013 Sonntag, 10.00 \u2013 19.00 Uhr<\/strong><\/p>\n<p>[\/vc_column_text][vc_empty_space height=&#8220;20px&#8220; el_class=&#8220;spacer-20&#8243;]\r\n\t\t\t<div class=\"lindt-headline  bg-grey   \">\t<h3>Spezielle \u00d6ffnungszeiten<\/h3>\r\n\t\t\t<\/div>\r\n\t\t\t[vc_column_text css=&#8220;&#8220;]03. Mai 2026: ab 14.00 Uhr ge\u00f6ffnet<br \/>\n05. Mai 2026: geschlossen (techn. Revision)<br \/>\n06. Mai 2026: ab 12.00 Uhr ge\u00f6ffnet<br \/>\n03. November 2026: geschlossen (techn. Revision)<br \/>\n04. November 2026: ab 12.00 Uhr ge\u00f6ffnet<br \/>\n24.\/31. Dezember: ge\u00f6ffnet bis 16.00 Uhr<br \/>\n25.\/26. Dezember: geschlossen<br \/>\n1. Januar: geschlossen<br \/>\n4. Mai 2027: geschlossen (techn. Revision)<br \/>\n5. Mai 2027: ab 12.00 Uhr ge\u00f6ffnet<br \/>\n2. November 2027: geschlossen (techn. Revision)<br \/>\n3. November 2027: ab 12.00 Uhr ge\u00f6ffnet[\/vc_column_text][\/vc_column][vc_column width=&#8220;5\/12&#8243; css=&#8220;.vc_custom_1582896827094{background-color: #f0f0f0 !important;}&#8220; el_class=&#8220;modul-7-row-img&#8220;][vc_single_image image=&#8220;17697&#8243; img_size=&#8220;720&#215;470&#8243;][\/vc_column][vc_column width=&#8220;1\/12&#8243;][\/vc_column][\/vc_row][vc_row equal_height=&#8220;yes&#8220; el_class=&#8220;modul-7-row-1&#8243;][vc_column width=&#8220;1\/12&#8243;][\/vc_column][vc_column width=&#8220;5\/12&#8243; css=&#8220;.vc_custom_1582896833179{background-color: #f0f0f0 !important;}&#8220; el_class=&#8220;modul-7-row-img&#8220;][vc_single_image image=&#8220;3235&#8243; img_size=&#8220;720&#215;470&#8243;][\/vc_column][vc_column width=&#8220;5\/12&#8243; css=&#8220;.vc_custom_1582896838386{background-color: #f0f0f0 !important;}&#8220; el_class=&#8220;modul-7-row-text&#8220;]\r\n\t\t\t<div class=\"lindt-headline  bg-grey ````  \">\t<h3>\u00d6ffnungszeiten Museum<\/h3>\r\n\t\t\t<\/div>\r\n\t\t\t[vc_column_text]<strong>10.00 &#8211; 19.00 Uhr<\/strong>[\/vc_column_text][vc_empty_space height=&#8220;20px&#8220; el_class=&#8220;spacer-20&#8243;][vc_column_text css=&#8220;&#8220;]Der letzte slot f\u00fcr den Rundgang mit Audioguide ist um 17.30 Uhr buchbar. Exklusive Gruppenf\u00fchrungen k\u00f6nnen auf Anfrage und f\u00fcr einen Aufpreis auch sp\u00e4ter starten.[\/vc_column_text][vc_empty_space height=&#8220;20px&#8220; el_class=&#8220;spacer-20&#8243;]\r\n\t\t\t<div class=\"lindt-btn  btn-style-2   \">\r\n\t\t\t\t<div class=\"lindt-btn-inner\">\r\n\t\t\t\t<a href=\"https:\/\/www.lindt-home-of-chocolate.com\/de\/schokoladen-museum-tour\/\" title=\"Schokoladentour\" target=\"_blank\" class=\"\">\r\n\t\t\t\t<span>jetzt buchen<\/span><\/a><\/div>\r\n\t\t\t<\/div>\r\n\t\t\t[\/vc_column][vc_column width=&#8220;1\/12&#8243;][\/vc_column][\/vc_row][vc_row equal_height=&#8220;yes&#8220; el_class=&#8220;modul-7-row-2&#8243;][vc_column width=&#8220;1\/12&#8243;][\/vc_column][vc_column width=&#8220;5\/12&#8243; css=&#8220;.vc_custom_1582896846248{background-color: #f0f0f0 !important;}&#8220; el_class=&#8220;modul-7-row-text&#8220;]\r\n\t\t\t<div class=\"lindt-headline  bg-grey   \">\t<h3>\u00d6ffnungszeiten Shop<\/h3>\r\n\t\t\t<\/div>\r\n\t\t\t[vc_column_text]<strong>10.00 bis 19.00 Uhr<\/strong><\/p>\n<p>Im gr\u00f6ssten Lindt Shop der Welt erwartet Sie an 360 Tagen im Jahr ein Shopping-Erlebnis auf 500 m2. An der Ma\u00eetre Station erleben Sie die Handwerkskunst der Lindt Ma\u00eetre Chocolatiers hautnah.[\/vc_column_text][vc_empty_space height=&#8220;20px&#8220; el_class=&#8220;spacer-20&#8243;]\r\n\t\t\t<div class=\"lindt-btn  btn-style-2   \">\r\n\t\t\t\t<div class=\"lindt-btn-inner\">\r\n\t\t\t\t<a href=\"https:\/\/www.lindt-home-of-chocolate.com\/de\/lindt-schokoladen-shop\/\" title=\"Lindt Shop\" target=\"_blank\" class=\"\">\r\n\t\t\t\t<span>mehr erfahren<\/span><\/a><\/div>\r\n\t\t\t<\/div>\r\n\t\t\t[\/vc_column][vc_column width=&#8220;5\/12&#8243; css=&#8220;.vc_custom_1582896851760{background-color: #f0f0f0 !important;}&#8220; el_class=&#8220;modul-7-row-img&#8220;][vc_single_image image=&#8220;3312&#8243; img_size=&#8220;720&#215;470&#8243;][\/vc_column][vc_column width=&#8220;1\/12&#8243;][\/vc_column][\/vc_row][vc_row equal_height=&#8220;yes&#8220; el_class=&#8220;modul-7-row-1&#8243;][vc_column width=&#8220;1\/12&#8243;][\/vc_column][vc_column width=&#8220;5\/12&#8243; css=&#8220;.vc_custom_1582896858338{background-color: #f0f0f0 !important;}&#8220; el_class=&#8220;modul-7-row-img&#8220;][vc_single_image image=&#8220;3429&#8243; img_size=&#8220;720&#215;470&#8243;][\/vc_column][vc_column width=&#8220;5\/12&#8243; css=&#8220;.vc_custom_1582896863286{background-color: #f0f0f0 !important;}&#8220; el_class=&#8220;modul-7-row-text&#8220;]\r\n\t\t\t<div class=\"lindt-headline  bg-grey   \">\t<h3>\u00d6ffnungszeiten Caf\u00e9<\/h3>\r\n\t\t\t<\/div>\r\n\t\t\t[vc_column_text]<strong>10.00 bis 19.00 Uhr<\/strong><\/p>\n<p>Lassen Sie sich im ersten Lindt Caf\u00e9 der Schweiz an 360 Tagen im Jahr mit s\u00fcssen und herzhaften Speisen verw\u00f6hnen.[\/vc_column_text][vc_empty_space height=&#8220;20px&#8220; el_class=&#8220;spacer-20&#8243;]\r\n\t\t\t<div class=\"lindt-btn  btn-style-2   \">\r\n\t\t\t\t<div class=\"lindt-btn-inner\">\r\n\t\t\t\t<a href=\"https:\/\/www.lindt-home-of-chocolate.com\/de\/lindt-cafe\/\" title=\"Lindt Caf\u00e9\" target=\"_blank\" class=\"\">\r\n\t\t\t\t<span>mehr erfahren<\/span><\/a><\/div>\r\n\t\t\t<\/div>\r\n\t\t\t[\/vc_column][vc_column width=&#8220;1\/12&#8243;][\/vc_column][\/vc_row][vc_row][vc_column][vc_empty_space height=&#8220;40px&#8220; el_class=&#8220;mobile-30&#8243;][\/vc_column][\/vc_row][vc_row el_class=&#8220;modul-4-row&#8220;][vc_column width=&#8220;2\/12&#8243;][\/vc_column][vc_column width=&#8220;8\/12&#8243;][vc_empty_space height=&#8220;45px&#8220; el_class=&#8220;mobile-20&#8243;]\r\n\t\t\t<div class=\"lindt-headline algin-center    topline-gold \">\t\t<span class=\"topline\">Anfahrt<\/span>\t<h2>Viele Wege f\u00fchren ins Lindt Home of Chocolate<\/h2>\r\n\t\t\t<\/div>\r\n\t\t\t[vc_column_text]<\/p>\n<p style=\"text-align: center;\">Das Lindt Home of Chocolate befindet sich neben der historischen Produktionsst\u00e4tte, in der seit 1899 Schokolade produziert wird. Es ist bequem mit \u00f6ffentlichen Verkehrsmitteln zu erreichen.<\/p>\n<p>[\/vc_column_text][vc_empty_space height=&#8220;20px&#8220; el_class=&#8220;spacer-20&#8243;]\r\n\t\t\t<div class=\"lindt-btn algin-center btn-style-1   \">\r\n\t\t\t\t<div class=\"lindt-btn-inner\">\r\n\t\t\t\t<a href=\"https:\/\/www.lindt-home-of-chocolate.com\/de\/anfahrt\/\" title=\"Anreise\" target=\"_blank\" class=\"\">\r\n\t\t\t\t<span>mehr erfahren<\/span><\/a><\/div>\r\n\t\t\t<\/div>\r\n\t\t\t[vc_empty_space height=&#8220;50px&#8220; el_class=&#8220;spacer-50&#8243;][\/vc_column][vc_column width=&#8220;2\/12&#8243;][\/vc_column][\/vc_row][vc_row][vc_column][vc_empty_space height=&#8220;40px&#8220; el_class=&#8220;mobile-30&#8243;][\/vc_column][\/vc_row]<\/p>\n<\/div>","protected":false},"excerpt":{"rendered":"<p>[vc_row full_width=&#8220;stretch_row_content&#8220;][vc_column][\/vc_column][\/vc_row][vc_row el_class=&#8220;modul-4-row&#8220;][vc_column width=&#8220;2\/12&#8243;][\/vc_column][vc_column width=&#8220;8\/12&#8243;][vc_empty_space height=&#8220;45px&#8220; el_class=&#8220;mobile-20&#8243;][vc_column_text] Ausser an Weihnachten und Neujahr sowie an zwei Revisionstagen im Fr\u00fchling und Herbst hat das Lindt Home of Chocolate t\u00e4glich ge\u00f6ffnet. Die T\u00fcren zur Eingangshalle \u00f6ffnen jeweils um 09.30 Uhr und die erst m\u00f6gliche Tour mit Audioguide startet um 10.00 Uhr. [\/vc_column_text][vc_empty_space height=&#8220;20px&#8220; el_class=&#8220;spacer-20&#8243;][\/vc_column][vc_column width=&#8220;2\/12&#8243;][\/vc_column][\/vc_row][vc_row][vc_column][vc_empty_space height=&#8220;60px&#8220;][\/vc_column][\/vc_row][vc_row el_class=&#8220;modul-7-row-0&#8243;][vc_column width=&#8220;1\/12&#8243;][\/vc_column][vc_column [&hellip;]<\/p>\n","protected":false},"author":14,"featured_media":0,"parent":0,"menu_order":0,"comment_status":"closed","ping_status":"closed","template":"fullwidth.php","meta":{"_acf_changed":false,"_relevanssi_hide_post":"","_relevanssi_hide_content":"","_relevanssi_pin_for_all":"","_relevanssi_pin_keywords":"","_relevanssi_unpin_keywords":"","_relevanssi_related_keywords":"","_relevanssi_related_include_ids":"","_relevanssi_related_exclude_ids":"","_relevanssi_related_no_append":"","_relevanssi_related_not_related":"","_relevanssi_related_posts":"","_relevanssi_noindex_reason":"","footnotes":""},"class_list":["post-17434","page","type-page","status-publish","hentry"],"acf":[],"yoast_head":"<!-- This site is optimized with the Yoast SEO plugin v26.8 - https:\/\/yoast.com\/product\/yoast-seo-wordpress\/ -->\n<title>\u00d6ffnungszeiten Lindt Home of Chocolate<\/title>\n<meta name=\"description\" content=\"Das Lindt Home of Chocolate hat 360 Tage im Jahr, jeweils Montag bis Sonntag von 10.00 bis 19.00 Uhr ge\u00f6ffnet.\" \/>\n<meta name=\"robots\" content=\"index, follow, max-snippet:-1, max-image-preview:large, max-video-preview:-1\" \/>\n<link rel=\"canonical\" href=\"https:\/\/www.lindt-home-of-chocolate.com\/de\/oeffnungszeiten\/\" \/>\n<meta property=\"og:locale\" content=\"de_DE\" \/>\n<meta property=\"og:type\" content=\"article\" \/>\n<meta property=\"og:title\" content=\"\u00d6ffnungszeiten Lindt Home of Chocolate\" \/>\n<meta property=\"og:description\" content=\"Das Lindt Home of Chocolate hat 360 Tage im Jahr, jeweils Montag bis Sonntag von 10.00 bis 19.00 Uhr ge\u00f6ffnet.\" \/>\n<meta property=\"og:url\" content=\"https:\/\/www.lindt-home-of-chocolate.com\/de\/oeffnungszeiten\/\" \/>\n<meta property=\"og:site_name\" content=\"Lindt Home of Chocolate\" \/>\n<meta property=\"article:modified_time\" content=\"2026-03-30T12:35:35+00:00\" \/>\n<meta name=\"twitter:card\" content=\"summary_large_image\" \/>\n<meta name=\"twitter:label1\" content=\"Gesch\u00e4tzte Lesezeit\" \/>\n\t<meta name=\"twitter:data1\" content=\"4\u00a0Minuten\" \/>\n<script type=\"application\/ld+json\" class=\"yoast-schema-graph\">{\"@context\":\"https:\/\/schema.org\",\"@graph\":[{\"@type\":\"WebPage\",\"@id\":\"https:\/\/www.lindt-home-of-chocolate.com\/de\/oeffnungszeiten\/\",\"url\":\"https:\/\/www.lindt-home-of-chocolate.com\/de\/oeffnungszeiten\/\",\"name\":\"\u00d6ffnungszeiten Lindt Home of Chocolate\",\"isPartOf\":{\"@id\":\"https:\/\/www.lindt-home-of-chocolate.com\/de\/#website\"},\"datePublished\":\"2023-09-05T13:55:55+00:00\",\"dateModified\":\"2026-03-30T12:35:35+00:00\",\"description\":\"Das Lindt Home of Chocolate hat 360 Tage im Jahr, jeweils Montag bis Sonntag von 10.00 bis 19.00 Uhr ge\u00f6ffnet.\",\"breadcrumb\":{\"@id\":\"https:\/\/www.lindt-home-of-chocolate.com\/de\/oeffnungszeiten\/#breadcrumb\"},\"inLanguage\":\"de\",\"potentialAction\":[{\"@type\":\"ReadAction\",\"target\":[\"https:\/\/www.lindt-home-of-chocolate.com\/de\/oeffnungszeiten\/\"]}]},{\"@type\":\"BreadcrumbList\",\"@id\":\"https:\/\/www.lindt-home-of-chocolate.com\/de\/oeffnungszeiten\/#breadcrumb\",\"itemListElement\":[{\"@type\":\"ListItem\",\"position\":1,\"name\":\"Startseite\",\"item\":\"https:\/\/www.lindt-home-of-chocolate.com\/de\/\"},{\"@type\":\"ListItem\",\"position\":2,\"name\":\"\u00d6ffnungszeiten\"}]},{\"@type\":\"WebSite\",\"@id\":\"https:\/\/www.lindt-home-of-chocolate.com\/de\/#website\",\"url\":\"https:\/\/www.lindt-home-of-chocolate.com\/de\/\",\"name\":\"Lindt Home of Chocolate\",\"description\":\"Das Schokoladenmuseum\",\"potentialAction\":[{\"@type\":\"SearchAction\",\"target\":{\"@type\":\"EntryPoint\",\"urlTemplate\":\"https:\/\/www.lindt-home-of-chocolate.com\/de\/?s={search_term_string}\"},\"query-input\":{\"@type\":\"PropertyValueSpecification\",\"valueRequired\":true,\"valueName\":\"search_term_string\"}}],\"inLanguage\":\"de\"}]}<\/script>\n<!-- \/ Yoast SEO plugin. -->","yoast_head_json":{"title":"\u00d6ffnungszeiten Lindt Home of Chocolate","description":"Das Lindt Home of Chocolate hat 360 Tage im Jahr, jeweils Montag bis Sonntag von 10.00 bis 19.00 Uhr ge\u00f6ffnet.","robots":{"index":"index","follow":"follow","max-snippet":"max-snippet:-1","max-image-preview":"max-image-preview:large","max-video-preview":"max-video-preview:-1"},"canonical":"https:\/\/www.lindt-home-of-chocolate.com\/de\/oeffnungszeiten\/","og_locale":"de_DE","og_type":"article","og_title":"\u00d6ffnungszeiten Lindt Home of Chocolate","og_description":"Das Lindt Home of Chocolate hat 360 Tage im Jahr, jeweils Montag bis Sonntag von 10.00 bis 19.00 Uhr ge\u00f6ffnet.","og_url":"https:\/\/www.lindt-home-of-chocolate.com\/de\/oeffnungszeiten\/","og_site_name":"Lindt Home of Chocolate","article_modified_time":"2026-03-30T12:35:35+00:00","twitter_card":"summary_large_image","twitter_misc":{"Gesch\u00e4tzte Lesezeit":"4\u00a0Minuten"},"schema":{"@context":"https:\/\/schema.org","@graph":[{"@type":"WebPage","@id":"https:\/\/www.lindt-home-of-chocolate.com\/de\/oeffnungszeiten\/","url":"https:\/\/www.lindt-home-of-chocolate.com\/de\/oeffnungszeiten\/","name":"\u00d6ffnungszeiten Lindt Home of Chocolate","isPartOf":{"@id":"https:\/\/www.lindt-home-of-chocolate.com\/de\/#website"},"datePublished":"2023-09-05T13:55:55+00:00","dateModified":"2026-03-30T12:35:35+00:00","description":"Das Lindt Home of Chocolate hat 360 Tage im Jahr, jeweils Montag bis Sonntag von 10.00 bis 19.00 Uhr ge\u00f6ffnet.","breadcrumb":{"@id":"https:\/\/www.lindt-home-of-chocolate.com\/de\/oeffnungszeiten\/#breadcrumb"},"inLanguage":"de","potentialAction":[{"@type":"ReadAction","target":["https:\/\/www.lindt-home-of-chocolate.com\/de\/oeffnungszeiten\/"]}]},{"@type":"BreadcrumbList","@id":"https:\/\/www.lindt-home-of-chocolate.com\/de\/oeffnungszeiten\/#breadcrumb","itemListElement":[{"@type":"ListItem","position":1,"name":"Startseite","item":"https:\/\/www.lindt-home-of-chocolate.com\/de\/"},{"@type":"ListItem","position":2,"name":"\u00d6ffnungszeiten"}]},{"@type":"WebSite","@id":"https:\/\/www.lindt-home-of-chocolate.com\/de\/#website","url":"https:\/\/www.lindt-home-of-chocolate.com\/de\/","name":"Lindt Home of Chocolate","description":"Das Schokoladenmuseum","potentialAction":[{"@type":"SearchAction","target":{"@type":"EntryPoint","urlTemplate":"https:\/\/www.lindt-home-of-chocolate.com\/de\/?s={search_term_string}"},"query-input":{"@type":"PropertyValueSpecification","valueRequired":true,"valueName":"search_term_string"}}],"inLanguage":"de"}]}},"_links":{"self":[{"href":"https:\/\/www.lindt-home-of-chocolate.com\/de\/wp-json\/wp\/v2\/pages\/17434","targetHints":{"allow":["GET"]}}],"collection":[{"href":"https:\/\/www.lindt-home-of-chocolate.com\/de\/wp-json\/wp\/v2\/pages"}],"about":[{"href":"https:\/\/www.lindt-home-of-chocolate.com\/de\/wp-json\/wp\/v2\/types\/page"}],"author":[{"embeddable":true,"href":"https:\/\/www.lindt-home-of-chocolate.com\/de\/wp-json\/wp\/v2\/users\/14"}],"replies":[{"embeddable":true,"href":"https:\/\/www.lindt-home-of-chocolate.com\/de\/wp-json\/wp\/v2\/comments?post=17434"}],"version-history":[{"count":30,"href":"https:\/\/www.lindt-home-of-chocolate.com\/de\/wp-json\/wp\/v2\/pages\/17434\/revisions"}],"predecessor-version":[{"id":158652,"href":"https:\/\/www.lindt-home-of-chocolate.com\/de\/wp-json\/wp\/v2\/pages\/17434\/revisions\/158652"}],"wp:attachment":[{"href":"https:\/\/www.lindt-home-of-chocolate.com\/de\/wp-json\/wp\/v2\/media?parent=17434"}],"curies":[{"name":"wp","href":"https:\/\/api.w.org\/{rel}","templated":true}]}}