{"id":2187,"date":"2020-03-20T06:06:15","date_gmt":"2020-03-20T05:06:15","guid":{"rendered":"https:\/\/www.lindt-home-of-chocolate.com\/?page_id=2187"},"modified":"2023-08-18T16:36:59","modified_gmt":"2023-08-18T14:36:59","slug":"nutzungsbedingungen","status":"publish","type":"page","link":"https:\/\/www.lindt-home-of-chocolate.com\/de\/nutzungsbedingungen\/","title":{"rendered":"Nutzungsbedingungen"},"content":{"rendered":"<div class=\"wpb-content-wrapper\"><p>[vc_row full_width=&#8220;stretch_row_content&#8220;][vc_column]\r\n\t\t\t<div id=\"hero\" class=\"no-lazyload\"  style=\"background-image: url(https:\/\/www.lindt-home-of-chocolate.com\/wp-content\/uploads\/2020\/04\/kakaobohne-1920x640-1.jpg); background-position: center center; background-size: cover; background-repreat: no-repeat; display: block; \"  ><\/div>\r\n\t\t\t\t<style>\r\n\t\t\t\t@media only screen and (max-width: 767.98px) {\r\n\t\t\t\t\t#hero {\r\n\t\t\t\t\t\tbackground-image: url(https:\/\/www.lindt-home-of-chocolate.com\/wp-content\/uploads\/2020\/04\/kakaobohne-767x607-1.jpg) !important;\r\n\t\t\t\t\t}\r\n\t\t\t\t}\t\r\n\t\t\t\t<\/style>\r\n\t\t\t[\/vc_column][\/vc_row][vc_row el_class=&#8220;modul-4-row&#8220;][vc_column width=&#8220;2\/12&#8243;][\/vc_column][vc_column width=&#8220;8\/12&#8243;][vc_empty_space height=&#8220;45px&#8220; el_class=&#8220;mobile-20&#8243;]\r\n\t\t\t<div class=\"lindt-headline algin-center    topline-gold \">\t\t<span class=\"topline\">Nutzungsbedingungen<\/span>\t<h1>Nutzungsbedingungen f\u00fcr Websites, Applikationen und andere Seiten in sozialen Medien<\/h1>\r\n\t\t\t<\/div>\r\n\t\t\t[vc_column_text]<\/p>\n<p style=\"text-align: center;\">Wir freuen uns \u00fcber Ihren Besuch auf unserer Website.<\/p>\n<p>&nbsp;<\/p>\n<p style=\"text-align: center;\">Wir respektieren und wahren das Vertrauen der Besucher unseres Internetauftritts, zu dem unsere Websites, unsere Applikationen und unsere sozialen Webseiten (im Folgenden \u00abWebsites\u00bb genannt) geh\u00f6ren.\u00a0Diese Nutzungsbedingungen gelten f\u00fcr Besucher, Fans oder Partner und alle weiteren Personen, die mit unseren Websites interagieren. Ihr Zugriff und Ihre Nutzung der von der Lindt Chocolate Competence Foundation betriebenen \u00abLindt Home of Chocolate\u00bb-Websites oder von uns auf Plattformen Dritter betriebenen Websites unterliegen diesen Nutzungsbedingungen. Mit Ihrem Zugriff und dem Browsen auf unseren Websites und deren Nutzung best\u00e4tigen Sie, dass Sie diese Nutzungsbedingungen gelesen, verstanden und angenommen haben.\u00a0Wir behalten uns das Recht vor, diese Nutzungsbedingungen von Zeit zu Zeit zu aktualisieren, insbesondere aus rechtlichen oder regulatorischen Gr\u00fcnden oder um eine optimale Funktionsweise der Websites zu erm\u00f6glichen.<\/p>\n<p>&nbsp;<\/p>\n<p>&nbsp;<\/p>\n<h2 style=\"text-align: center;\">IMMATERIALG\u00dcTER\u00adRECHTE<\/h2>\n<p style=\"text-align: center;\">Die Lindt Chocolate Competence Foundation ist Eigent\u00fcmerin bzw. berechtigte Nutzerin aller Urheber-, Marken- und sonstigen Immaterialg\u00fcterrechte an allen Texten, Bildern und weiteren Inhalte der Websites. Wir gestatten Ihnen, auf den Websites zu browsen und Ausz\u00fcge f\u00fcr Ihren pers\u00f6nlichen Gebrauch zu vervielf\u00e4ltigen, sofern Sie keine der Urheberrechts- und Markenhinweise entfernen. Vervielf\u00e4ltigung, Verkauf oder Nutzung zu gewerblichen Zwecken sind nicht gestattet.\u00a0Sie sichern zu, dass Sie Eigent\u00fcmer aller Rechte an den eingesendeten Inhalten sind, einschliesslich der auf der Website befindlichen Ideen, R\u00fcckmeldungen oder des Erfahrungswissens, oder das Sie die Erlaubnis eingeholt haben, diese mit uns zu teilen. Sie stimmen weiterhin zu, dass die Lindt Chocolate Competence Foundation Ihre eingesendeten Inhalte unentgeltlich weiterverwenden darf.\u00a0F\u00fcr weitere Informationen (wie Bilder, Texte, Dateien, Medien), auf die Sie auf den Websites zugreifen k\u00f6nnen, ist allein die urspr\u00fcngliche Quelle dieser Inhalte verantwortlich. Die LINDT CHOCOLATE COMPETENCE FOUNDATION sichert nicht zu, dass Ihre Nutzung der auf den Websites dargestellten Inhalte keine Rechte Dritter verletzt.<\/p>\n<p>&nbsp;<\/p>\n<p>&nbsp;<\/p>\n<h2 style=\"text-align: center;\">SONSTIGE INFORMATIONEN IM ZUSAMMENHANG MIT UNSEREN WEBSITES<\/h2>\n<p style=\"text-align: center;\">Alle personenbezogenen Daten, die Sie uns \u00fcber das Internet mitteilen, sind gem\u00e4ss unserer Datenschutzrichtlinie gesch\u00fctzt. Bitte lesen Sie diese Datenschutzrichtlinie aufmerksam durch, bevor Sie uns personenbezogene Daten \u00fcberlassen.\u00a0Weitere Informationen oder Materialien, die \u00fcber das Internet, per E-Mail oder anderweitig an die LINDT CHOCOLATE COMPETENCE FOUNDATION \u00fcbermittelt werden, einschliesslich aller Dateien, Kommentare und Vorschl\u00e4ge, sind und werden nicht vertraulich behandelt und sind nicht urheberrechtlich gesch\u00fctzt.\u00a0Sie d\u00fcrfen unsere Websites nicht dazu nutzen, um die Datenschutzrechte Dritter zu verletzen und\/oder die LINDT CHOCOLATE COMPETENCE FOUNDATION, ihre Benutzer oder Partner zu verunglimpfen, unsere Systeme mit Viren anzugreifen oder Sicherheitsprobleme zu verursachen.\u00a0Sie d\u00fcrfen Links zu unseren Websites setzen, sofern Sie damit nicht zum Ausdruck bringen, dass Sie mit uns verbunden sind oder von uns empfohlen werden. Sie d\u00fcrfen kein \u00abFraming\u00bb, \u00abDeep-Linking\u00bb oder \u00e4hnliche Praktiken anwenden und m\u00fcssen sicherstellen, dass der Link zur Website in einem neuen Fenster ge\u00f6ffnet wird.<\/p>\n<p>&nbsp;<\/p>\n<p>&nbsp;<\/p>\n<h2 style=\"text-align: center;\">IHRE BEWERTUNGEN, KRITIKEN UND ANDERE ANMERKUNGEN ZU UNSEREN PRODUKTEN<\/h2>\n<p style=\"text-align: center;\">Die LINDT CHOCOLATE COMPETENCE FOUNDATION freut sich \u00fcber Ihre R\u00fcckmeldungen zu unseren Dienstleistungen im Rahmen unserer Treueprogramme oder auf unseren Websites und Plattformen. Anmerkungen zu Produkten m\u00fcssen wahrheitsgetreu und konstruktiv sein. Wir behalten uns dar\u00fcber hinaus das Recht vor, Ihre Anmerkungen hinsichtlich L\u00e4nge, Rechtschreibung usw. zu bearbeiten und Ihre Kommentare in Marketing- oder Kommunikationsmaterialien wiederzugeben.<\/p>\n<p>&nbsp;<\/p>\n<p>&nbsp;<\/p>\n<h2 style=\"text-align: center;\">ONLINE-WERBEAKTIONEN UND GEWINNSPIELE<\/h2>\n<p style=\"text-align: center;\">Sie k\u00f6nnen an den Online-Werbeaktionen und Gewinnspielen auf unseren Websites ohne eine Verpflichtung zum Kauf oder zur Bestellung von Produkten oder Dienstleistungen teilnehmen. Die Regeln jeder Werbeaktion werden zusammen mit den Teilnahmebedingungen der Werbeaktion mitgeteilt. Die Gewinner werden schriftlich von uns benachrichtigt. Unsere Datenschutzrichtlinie gilt f\u00fcr die Erhebung personenbezogener Daten f\u00fcr die Zwecke der Werbeaktion bzw. des Gewinnspiels.<\/p>\n<p>&nbsp;<\/p>\n<p>&nbsp;<\/p>\n<h2 style=\"text-align: center;\">IHR KONTO BEI UNS<\/h2>\n<p style=\"text-align: center;\">Wenn Sie ein Konto auf einer unserer Websites er\u00f6ffnen, sind Sie daf\u00fcr verantwortlich, dass die bei der Registrierung anzugebenden personenbezogenen Daten in jeder Hinsicht wahrheitsgem\u00e4ss, zutreffend und aktuell sind. Wenn sich Ihre personenbezogenen Daten \u00e4ndern oder wenn Sie Ihr Konto k\u00fcndigen m\u00f6chten, k\u00f6nnen Sie uns dies unter der Telefonnummer 0041 (0)44 716 20 00 oder \u00fcber das folgende Kontaktformular mitteilen: <a href=\"https:\/\/www.lindt-home-of-chocolate.com\/de\/kontakt\/\">www.lindt-home-of-chocolate.com\/de\/kontakt\/<\/a> Nach der Registrierung erhalten Sie ein Kennwort. Halten Sie das Kennwort geheim, da Sie allein f\u00fcr die Folgen einer Nichtwahrung der Geheimhaltung verantwortlich sind.\u00a0Wir behalten uns das Recht vor, die Dienstleistung zu verweigern und\/oder Konten ohne vorherige Ank\u00fcndigung zu schliessen, wenn diese Nutzungsbedingungen nicht eingehalten werden oder wenn dies nach unserem eigenen Ermessen im besten Interesse der LINDT CHOCOLATE COMPETENCE FOUNDATION liegt.<\/p>\n<p>&nbsp;<\/p>\n<p>&nbsp;<\/p>\n<h2 style=\"text-align: center;\">UNSERE HAFTUNG<\/h2>\n<p style=\"text-align: center;\">Obwohl wir uns bem\u00fchen, Ihnen bestm\u00f6gliche Dienste zu bieten, k\u00f6nnen wir nicht zusichern, dass die Dienste auf den Websites Ihren Anforderungen entsprechen, die Dienste fehlerfrei sind oder die Websites jederzeit verf\u00fcgbar sind.\u00a0Als Dienstleistung f\u00fcr unsere Besucher k\u00f6nnen unsere Websites Hypertext-Links enthalten, die Sie zu anderen Websites weiterleiten, die nicht von der LINDT CHOCOLATE COMPETENCE FOUNDATION betrieben oder beherrscht werden. Die LINDT CHOCOLATE COMPETENCE FOUNDATION ist f\u00fcr diese Websites nicht rechenschaftspflichtig und lehnt daher jede Verantwortung oder Haftung in Bezug auf deren Inhalt, Rechtm\u00e4ssigkeit, Richtigkeit oder Funktionen ab.\u00a0Obwohl die LINDT CHOCOLATE COMPETENCE FOUNDATION angemessene Anstrengungen unternimmt, um Viren oder andere sch\u00e4dliche Computercodes von den Websites fernzuhalten, wird in Bezug auf Viren oder solche Computercodes keine Zusicherung gegeben und keine Haftung \u00fcbernommen.\u00a0Die LINDT CHOCOLATE COMPETENCE FOUNDATION, ihre leitenden Angestellten, Gesch\u00e4ftsf\u00fchrer, Mitarbeitenden, Aktion\u00e4re oder Beauftragten schliessen im gesetzlich zul\u00e4ssigen Umfang jede Haftung und Verantwortung f\u00fcr mittelbare oder unmittelbare Verluste oder Sch\u00e4den jeder Art (einschliesslich entgangenen Gewinns, erwarteter Einsparungen oder nutzlos erfolgter Ausgaben) aus, die sich aus bzw. im Zusammenhang mit Ihrem Zugriff auf unsere Websites, deren Nutzung oder im Vertrauen auf unsere Websites unabh\u00e4ngig davon ergeben, ob ein solcher Verlust oder Schaden im gew\u00f6hnlichen Verlauf der Ereignisse eintreten w\u00fcrde, vorhersehbar ist oder durch Fehler oder Unterlassungen auf den Websites (ob fahrl\u00e4ssig oder nicht) verursacht wird. Dar\u00fcber hinaus schliessen die LINDT CHOCOLATE COMPETENCE FOUNDATION, ihre leitenden Angestellten, Gesch\u00e4ftsf\u00fchrer, Mitarbeitenden, Aktion\u00e4re oder Beauftragten in jedem Fall jegliche Haftung und Verantwortung im Zusammenhang mit der Nutzung von verlinkten Websites Dritter oder dem Zugriff auf solche Websites aus.\u00a0Im gesetzlich zul\u00e4ssigen Umfang verzichten Sie ausdr\u00fccklich auf alle Anspr\u00fcche gegen\u00fcber der LINDT CHOCOLATE COMPETENCE FOUNDATION, ihren leitenden Angestellten, Gesch\u00e4ftsf\u00fchrern, Mitarbeitenden, Aktion\u00e4ren oder Beauftragten, die sich aus Ihrer Nutzung oder Ihrem Zugriff auf unsere Websites ergeben k\u00f6nnen.<\/p>\n<p>&nbsp;<\/p>\n<h2 style=\"text-align: center;\">GELTENDES RECHT UND GERICHTSSTAND<\/h2>\n<p style=\"text-align: center;\">Diese Nutzungsbedingungen sowie die Nutzung dieser Website unterliegen schweizerischem materiellem Recht, ohne Ber\u00fccksichtigung der Grunds\u00e4tze des Kollisionsrechts. Ausschliesslicher Gerichtsstand f\u00fcr alle Streitf\u00e4lle oder Anspr\u00fcche im Zusammenhang mit diesen Nutzungsbedingungen ist Z\u00fcrich 1, Schweiz. Die LINDT CHOCOLATE COMPETENCE FOUNDATION ist jedoch berechtigt, bei jedem anderen zust\u00e4ndigen Gericht ein Verfahren anzustrengen.\u00a0Diese Website wird von oder im Auftrag der Lindt Chocolate Competence Foundation betrieben, die in der Schweiz unter der Nummer CHE-356.778.969 mit Sitz unter der Anschrift Seestrasse 204, 8802 Kilchberg, Schweiz eingetragen ist. Wenn Sie Fragen zu diesen Nutzungsbedingungen haben, kontaktieren Sie uns bitte \u00fcber das Online-Formular: <a href=\"https:\/\/www.lindt-home-of-chocolate.com\/de\/kontakt\/#contact\">www.lindt-home-of-chocolate.com\/de\/kontakt<\/a> oder wenden Sie sich unter oben genannten Anschrift an uns.\u00a0Wird eine Bedingung f\u00fcr rechtswidrig oder anderweitig nicht durchsetzbar erkl\u00e4rt, wird die betreffende Bedingung aus den Nutzungsbedingungen gestrichen. Die \u00fcbrigen durchsetzbaren Bedingungen bleiben in vollem Umfang wirksam.<\/p>\n<p>&nbsp;<\/p>\n<h3 style=\"text-align: center;\">BILDNACHWEIS<\/h3>\n<p style=\"text-align: center;\">Foto SBB RailAway: \u00a9 SBB CFF FFS<\/p>\n<p>&nbsp;<\/p>\n<p>&nbsp;<\/p>\n<p style=\"text-align: center;\">\u00a9 Lindt Chocolate Competence Foundation 2023<\/p>\n<p>[\/vc_column_text][\/vc_column][vc_column width=&#8220;2\/12&#8243;][\/vc_column][\/vc_row][vc_row][vc_column][vc_empty_space height=&#8220;40px&#8220; el_class=&#8220;mobile-30&#8243;][\/vc_column][\/vc_row]<\/p>\n<\/div>","protected":false},"excerpt":{"rendered":"<p>[vc_row full_width=&#8220;stretch_row_content&#8220;][vc_column][\/vc_column][\/vc_row][vc_row el_class=&#8220;modul-4-row&#8220;][vc_column width=&#8220;2\/12&#8243;][\/vc_column][vc_column width=&#8220;8\/12&#8243;][vc_empty_space height=&#8220;45px&#8220; el_class=&#8220;mobile-20&#8243;][vc_column_text] Wir freuen uns \u00fcber Ihren Besuch auf unserer Website. &nbsp; Wir respektieren und wahren das Vertrauen der Besucher unseres Internetauftritts, zu dem unsere Websites, unsere Applikationen und unsere sozialen Webseiten (im Folgenden \u00abWebsites\u00bb genannt) geh\u00f6ren.\u00a0Diese Nutzungsbedingungen gelten f\u00fcr Besucher, Fans oder Partner und alle weiteren Personen, die mit [&hellip;]<\/p>\n","protected":false},"author":3,"featured_media":0,"parent":0,"menu_order":0,"comment_status":"closed","ping_status":"closed","template":"fullwidth.php","meta":{"_acf_changed":false,"_relevanssi_hide_post":"","_relevanssi_hide_content":"","_relevanssi_pin_for_all":"","_relevanssi_pin_keywords":"","_relevanssi_unpin_keywords":"","_relevanssi_related_keywords":"","_relevanssi_related_include_ids":"","_relevanssi_related_exclude_ids":"","_relevanssi_related_no_append":"","_relevanssi_related_not_related":"","_relevanssi_related_posts":"","_relevanssi_noindex_reason":"","footnotes":""},"class_list":["post-2187","page","type-page","status-publish","hentry"],"acf":[],"yoast_head":"<!-- This site is optimized with the Yoast SEO plugin v26.8 - https:\/\/yoast.com\/product\/yoast-seo-wordpress\/ -->\n<title>Nutzungsbedingungen \u2013 Lindt Home of Chocolate<\/title>\n<meta name=\"description\" content=\"Auf dieser Seite haben wir alle Informatinen rund um die Nutzungsbedinungen der Seite www.lindt-home-of-chocolate.com f\u00fcr Sie bereitgestellt.\" \/>\n<meta name=\"robots\" content=\"index, follow, max-snippet:-1, max-image-preview:large, max-video-preview:-1\" \/>\n<link rel=\"canonical\" href=\"https:\/\/www.lindt-home-of-chocolate.com\/de\/nutzungsbedingungen\/\" \/>\n<meta property=\"og:locale\" content=\"de_DE\" \/>\n<meta property=\"og:type\" content=\"article\" \/>\n<meta property=\"og:title\" content=\"Nutzungsbedingungen \u2013 Lindt Home of Chocolate\" \/>\n<meta property=\"og:description\" content=\"Auf dieser Seite haben wir alle Informatinen rund um die Nutzungsbedinungen der Seite www.lindt-home-of-chocolate.com f\u00fcr Sie bereitgestellt.\" \/>\n<meta property=\"og:url\" content=\"https:\/\/www.lindt-home-of-chocolate.com\/de\/nutzungsbedingungen\/\" \/>\n<meta property=\"og:site_name\" content=\"Lindt Home of Chocolate\" \/>\n<meta property=\"article:modified_time\" content=\"2023-08-18T14:36:59+00:00\" \/>\n<meta property=\"og:image\" content=\"https:\/\/www.lindt-home-of-chocolate.com\/wp-content\/uploads\/2020\/04\/rechtliches-facebook.jpg\" \/>\n\t<meta property=\"og:image:width\" content=\"1200\" \/>\n\t<meta property=\"og:image:height\" content=\"630\" \/>\n\t<meta property=\"og:image:type\" content=\"image\/jpeg\" \/>\n<meta name=\"twitter:card\" content=\"summary_large_image\" \/>\n<meta name=\"twitter:image\" content=\"https:\/\/www.lindt-home-of-chocolate.com\/wp-content\/uploads\/2020\/04\/rechtliches-twitter.jpg\" \/>\n<meta name=\"twitter:label1\" content=\"Gesch\u00e4tzte Lesezeit\" \/>\n\t<meta name=\"twitter:data1\" content=\"7\u00a0Minuten\" \/>\n<script type=\"application\/ld+json\" class=\"yoast-schema-graph\">{\"@context\":\"https:\/\/schema.org\",\"@graph\":[{\"@type\":\"WebPage\",\"@id\":\"https:\/\/www.lindt-home-of-chocolate.com\/de\/nutzungsbedingungen\/\",\"url\":\"https:\/\/www.lindt-home-of-chocolate.com\/de\/nutzungsbedingungen\/\",\"name\":\"Nutzungsbedingungen \u2013 Lindt Home of Chocolate\",\"isPartOf\":{\"@id\":\"https:\/\/www.lindt-home-of-chocolate.com\/de\/#website\"},\"datePublished\":\"2020-03-20T05:06:15+00:00\",\"dateModified\":\"2023-08-18T14:36:59+00:00\",\"description\":\"Auf dieser Seite haben wir alle Informatinen rund um die Nutzungsbedinungen der Seite www.lindt-home-of-chocolate.com f\u00fcr Sie bereitgestellt.\",\"breadcrumb\":{\"@id\":\"https:\/\/www.lindt-home-of-chocolate.com\/de\/nutzungsbedingungen\/#breadcrumb\"},\"inLanguage\":\"de\",\"potentialAction\":[{\"@type\":\"ReadAction\",\"target\":[\"https:\/\/www.lindt-home-of-chocolate.com\/de\/nutzungsbedingungen\/\"]}]},{\"@type\":\"BreadcrumbList\",\"@id\":\"https:\/\/www.lindt-home-of-chocolate.com\/de\/nutzungsbedingungen\/#breadcrumb\",\"itemListElement\":[{\"@type\":\"ListItem\",\"position\":1,\"name\":\"Startseite\",\"item\":\"https:\/\/www.lindt-home-of-chocolate.com\/de\/\"},{\"@type\":\"ListItem\",\"position\":2,\"name\":\"Nutzungsbedingungen\"}]},{\"@type\":\"WebSite\",\"@id\":\"https:\/\/www.lindt-home-of-chocolate.com\/de\/#website\",\"url\":\"https:\/\/www.lindt-home-of-chocolate.com\/de\/\",\"name\":\"Lindt Home of Chocolate\",\"description\":\"Das Schokoladenmuseum\",\"potentialAction\":[{\"@type\":\"SearchAction\",\"target\":{\"@type\":\"EntryPoint\",\"urlTemplate\":\"https:\/\/www.lindt-home-of-chocolate.com\/de\/?s={search_term_string}\"},\"query-input\":{\"@type\":\"PropertyValueSpecification\",\"valueRequired\":true,\"valueName\":\"search_term_string\"}}],\"inLanguage\":\"de\"}]}<\/script>\n<!-- \/ Yoast SEO plugin. -->","yoast_head_json":{"title":"Nutzungsbedingungen \u2013 Lindt Home of Chocolate","description":"Auf dieser Seite haben wir alle Informatinen rund um die Nutzungsbedinungen der Seite www.lindt-home-of-chocolate.com f\u00fcr Sie bereitgestellt.","robots":{"index":"index","follow":"follow","max-snippet":"max-snippet:-1","max-image-preview":"max-image-preview:large","max-video-preview":"max-video-preview:-1"},"canonical":"https:\/\/www.lindt-home-of-chocolate.com\/de\/nutzungsbedingungen\/","og_locale":"de_DE","og_type":"article","og_title":"Nutzungsbedingungen \u2013 Lindt Home of Chocolate","og_description":"Auf dieser Seite haben wir alle Informatinen rund um die Nutzungsbedinungen der Seite www.lindt-home-of-chocolate.com f\u00fcr Sie bereitgestellt.","og_url":"https:\/\/www.lindt-home-of-chocolate.com\/de\/nutzungsbedingungen\/","og_site_name":"Lindt Home of Chocolate","article_modified_time":"2023-08-18T14:36:59+00:00","og_image":[{"width":1200,"height":630,"url":"https:\/\/www.lindt-home-of-chocolate.com\/wp-content\/uploads\/2020\/04\/rechtliches-facebook.jpg","type":"image\/jpeg"}],"twitter_card":"summary_large_image","twitter_image":"https:\/\/www.lindt-home-of-chocolate.com\/wp-content\/uploads\/2020\/04\/rechtliches-twitter.jpg","twitter_misc":{"Gesch\u00e4tzte Lesezeit":"7\u00a0Minuten"},"schema":{"@context":"https:\/\/schema.org","@graph":[{"@type":"WebPage","@id":"https:\/\/www.lindt-home-of-chocolate.com\/de\/nutzungsbedingungen\/","url":"https:\/\/www.lindt-home-of-chocolate.com\/de\/nutzungsbedingungen\/","name":"Nutzungsbedingungen \u2013 Lindt Home of Chocolate","isPartOf":{"@id":"https:\/\/www.lindt-home-of-chocolate.com\/de\/#website"},"datePublished":"2020-03-20T05:06:15+00:00","dateModified":"2023-08-18T14:36:59+00:00","description":"Auf dieser Seite haben wir alle Informatinen rund um die Nutzungsbedinungen der Seite www.lindt-home-of-chocolate.com f\u00fcr Sie bereitgestellt.","breadcrumb":{"@id":"https:\/\/www.lindt-home-of-chocolate.com\/de\/nutzungsbedingungen\/#breadcrumb"},"inLanguage":"de","potentialAction":[{"@type":"ReadAction","target":["https:\/\/www.lindt-home-of-chocolate.com\/de\/nutzungsbedingungen\/"]}]},{"@type":"BreadcrumbList","@id":"https:\/\/www.lindt-home-of-chocolate.com\/de\/nutzungsbedingungen\/#breadcrumb","itemListElement":[{"@type":"ListItem","position":1,"name":"Startseite","item":"https:\/\/www.lindt-home-of-chocolate.com\/de\/"},{"@type":"ListItem","position":2,"name":"Nutzungsbedingungen"}]},{"@type":"WebSite","@id":"https:\/\/www.lindt-home-of-chocolate.com\/de\/#website","url":"https:\/\/www.lindt-home-of-chocolate.com\/de\/","name":"Lindt Home of Chocolate","description":"Das Schokoladenmuseum","potentialAction":[{"@type":"SearchAction","target":{"@type":"EntryPoint","urlTemplate":"https:\/\/www.lindt-home-of-chocolate.com\/de\/?s={search_term_string}"},"query-input":{"@type":"PropertyValueSpecification","valueRequired":true,"valueName":"search_term_string"}}],"inLanguage":"de"}]}},"_links":{"self":[{"href":"https:\/\/www.lindt-home-of-chocolate.com\/de\/wp-json\/wp\/v2\/pages\/2187","targetHints":{"allow":["GET"]}}],"collection":[{"href":"https:\/\/www.lindt-home-of-chocolate.com\/de\/wp-json\/wp\/v2\/pages"}],"about":[{"href":"https:\/\/www.lindt-home-of-chocolate.com\/de\/wp-json\/wp\/v2\/types\/page"}],"author":[{"embeddable":true,"href":"https:\/\/www.lindt-home-of-chocolate.com\/de\/wp-json\/wp\/v2\/users\/3"}],"replies":[{"embeddable":true,"href":"https:\/\/www.lindt-home-of-chocolate.com\/de\/wp-json\/wp\/v2\/comments?post=2187"}],"version-history":[{"count":18,"href":"https:\/\/www.lindt-home-of-chocolate.com\/de\/wp-json\/wp\/v2\/pages\/2187\/revisions"}],"predecessor-version":[{"id":16638,"href":"https:\/\/www.lindt-home-of-chocolate.com\/de\/wp-json\/wp\/v2\/pages\/2187\/revisions\/16638"}],"wp:attachment":[{"href":"https:\/\/www.lindt-home-of-chocolate.com\/de\/wp-json\/wp\/v2\/media?parent=2187"}],"curies":[{"name":"wp","href":"https:\/\/api.w.org\/{rel}","templated":true}]}}