{"id":2199,"date":"2020-03-20T06:16:47","date_gmt":"2020-03-20T05:16:47","guid":{"rendered":"https:\/\/www.lindt-home-of-chocolate.com\/?page_id=2199"},"modified":"2023-08-18T16:39:13","modified_gmt":"2023-08-18T14:39:13","slug":"cookie-richtlinien","status":"publish","type":"page","link":"https:\/\/www.lindt-home-of-chocolate.com\/de\/cookie-richtlinien\/","title":{"rendered":"Cookie Richtlinien"},"content":{"rendered":"<div class=\"wpb-content-wrapper\"><p>[vc_row full_width=&#8220;stretch_row_content&#8220;][vc_column]\r\n\t\t\t<div id=\"hero\" class=\"no-lazyload\"  style=\"background-image: url(https:\/\/www.lindt-home-of-chocolate.com\/wp-content\/uploads\/2020\/04\/kakaobohne-1920x640-1.jpg); background-position: center center; background-size: cover; background-repreat: no-repeat; display: block; \"  ><\/div>\r\n\t\t\t\t<style>\r\n\t\t\t\t@media only screen and (max-width: 767.98px) {\r\n\t\t\t\t\t#hero {\r\n\t\t\t\t\t\tbackground-image: url(https:\/\/www.lindt-home-of-chocolate.com\/wp-content\/uploads\/2020\/04\/kakaobohne-767x607-1.jpg) !important;\r\n\t\t\t\t\t}\r\n\t\t\t\t}\t\r\n\t\t\t\t<\/style>\r\n\t\t\t[\/vc_column][\/vc_row][vc_row el_class=&#8220;modul-4-row&#8220;][vc_column width=&#8220;2\/12&#8243;][\/vc_column][vc_column width=&#8220;8\/12&#8243;][vc_empty_space height=&#8220;45px&#8220; el_class=&#8220;mobile-20&#8243;]\r\n\t\t\t<div class=\"lindt-headline algin-center    topline-gold \">\t\t<span class=\"topline\">Cookie Policy<\/span>\t<h1>Cookie-Richtlinien<\/h1>\r\n\t\t\t<\/div>\r\n\t\t\t[vc_column_text]<\/p>\n<p style=\"text-align: center;\">Die Lindt Chocolate Competence Foundation verwendet Cookies und Tracking-Technologies aus verschiedenen Gr\u00fcnden, unter anderem, um den Betrieb unserer Websites zu unterst\u00fctzen, um zu verstehen, wie Sie und andere Besucher auf unseren Webseiten interagieren, und um Werbemitteilungen an bestimmte Zielgruppen zu richten. Weitere Informationen zur Verwendung von Cookies finden Sie in dieser Cookie-Richtlinie.<\/p>\n<p>&nbsp;<\/p>\n<h2 style=\"text-align: center;\">Web-Beacons<\/h2>\n<p style=\"text-align: center;\">Unsere Verwendung von Web-Beacons oder Pixel-Tags erm\u00f6glicht uns eine Z\u00e4hlung der Besucher, die unsere Webseiten angesehen oder unsere E-Mail-Werbemitteilungen\/Newsletter gelesen haben. Ein Web-Beacon ist eine 1&#215;1\u00a0Pixel grosse, nicht sichtbare Grafik, die mit der Benutzer-ID jedes einzelnen Abonnenten des Newsletters oder Benutzers der Website zusammenh\u00e4ngt. Durch die Verwendung dieser Web-Beacons in E-Mail-Werbemitteilungen\/Newslettern erhalten wir Informationen \u00fcber die verwendete Adressdatei, das Thema und die Anzahl gesendeter E-Mail-Werbemitteilungen\/Newsletter. Dar\u00fcber hinaus kann eingesehen werden, welche Adressen die Mitteilung noch nicht erhalten haben, an welche Adresse das E-Mail gesendet wurde und bei welchen Adressen die Zustellung fehlgeschlagen ist. Dar\u00fcber hinaus kann die \u00d6ffnungsrate dar\u00fcber Aufschluss geben, welche Adressen die E-Mail-Werbemitteilung\/den Newsletter ge\u00f6ffnet und welche Adressen das Abonnement gek\u00fcndigt haben. Wir nutzen diese Daten f\u00fcr statistische Zwecke und zur Optimierung von Inhalten und Struktur der E-Mail-Werbemitteilungen\/des Newsletters. Dies gestattet uns eine bessere Ausrichtung der Informationen und Angebote in unseren Mitteilungen an den Interessen der einzelnen Empf\u00e4nger. Das Tracking-Pixel wird gel\u00f6scht, wenn Sie die E-Mail-Werbemitteilung\/den Newsletter l\u00f6schen oder die entsprechende Seite verlassen.\u00a0Um die Nutzung von Web-Beacons oder Pixel-Tags auf unseren Webseiten zu verhindern, deaktivieren Sie bitte die Einstellung f\u00fcr Performance- und Analyse-Cookies auf unseren Webseiten in unserem Datenschutz-Einstellungscenter. Sie k\u00f6nnen die Nutzung des Web-Beacons in unseren E-Mail-Werbemitteilungen\/Newslettern auch verhindern, indem Sie Ihr E-Mail-Programm so einstellen, dass kein HTML in Nachrichten angezeigt wird, sofern dies nicht schon standardm\u00e4ssig der Fall ist. Auf den folgenden Seiten finden Sie Erl\u00e4uterungen dazu, wie Sie diese Einstellung f\u00fcr die g\u00e4ngigsten E-Mail-Programme vornehmen.<\/p>\n<p>&nbsp;<\/p>\n<p style=\"text-align: center;\">Microsoft <a href=\"https:\/\/support.microsoft.com\/de-ch\/office\/lesen-von-e-mail-nachrichten-im-nur-text-format-16dfe54a-fadc-4261-b2ce-19ad072ed7e3?omkt=de-ch&amp;ui=de-de&amp;rs=de-ch&amp;ad=ch\">Outlook<\/a><\/p>\n<p style=\"text-align: center;\"><a href=\"https:\/\/support.apple.com\/de-ch\/guide\/mail\/mlhlp1009\/mac\">E-Mail f\u00fcr Mac (\u00abRemoteinhalt in Nachrichten herunterladen\u00bb)<\/a><\/p>\n<h2 style=\"text-align: center;\"><\/h2>\n<p><!-- CookiePro Cookies List start --><\/p>\n<div id=\"ot-sdk-cookie-policy\"><\/div>\n<p><!-- CookiePro Cookies List end --><\/p>\n<h2 style=\"text-align: center;\">Steuern von Cookies<\/h2>\n<h3 style=\"text-align: center;\">Datenschutz-Einstellungscenter<\/h3>\n<p style=\"text-align: center;\">Sie k\u00f6nnen das Datenschutz-Einstellungscenter von Lindt zur individuellen Anpassung Ihrer Cookie-Einstellungen verwenden. Unsere Website wird regelm\u00e4ssig durch unser Cookie-Scanning-Tool gepr\u00fcft, um die Liste auf dem m\u00f6glichst neuesten Stand zu halten. Sie k\u00f6nnen jede Cookie-Kategorie einzeln abw\u00e4hlen, indem Sie auf die Schaltfl\u00e4che \u00abCookie-Einstellungen\u00bb unten klicken. Notwendige Cookies k\u00f6nnen nicht deaktiviert werden und das Tool kann nicht verwendet werden, um Cookies auf von unserer Website verlinkten Websites von Dritten zu blockieren.<\/p>\n<p style=\"text-align: center;\"><!-- CookiePro Cookies Settings button start --><br \/>\n<button id=\"ot-sdk-btn\" class=\"ot-sdk-show-settings\">Cookie Settings<\/button><br \/>\n<!-- CookiePro Cookies Settings button end --><\/p>\n<h3 style=\"text-align: center;\">Nutzung Ihres Browsers<\/h3>\n<p style=\"text-align: center;\">Viele der auf unserer Website verwendeten Cookies k\u00f6nnen \u00fcber das Datenschutz-Einstellungscenter von Lindt aktiviert oder deaktiviert werden, oder Sie k\u00f6nnen die Cookies \u00fcber Ihren Browser deaktivieren. Die Mehrzahl der Web-Browser ist so eingestellt, dass Cookies akzeptiert werden. Sie k\u00f6nnen Ihren Browser jedoch so einstellen, dass \u2013 sofern Sie dies w\u00fcnschen \u2013 die Anzahl akzeptierter Cookies beschr\u00e4nkt wird oder alle Cookies blockiert werden, indem Sie die Browsereinstellungen wie folgt \u00e4ndern:<\/p>\n<p>&nbsp;<\/p>\n<table style=\"border-collapse: collapse; width: 100%;\">\n<tbody>\n<tr>\n<td style=\"width: 100%;\">\n<ul style=\"text-align: center;\">\n<li style=\"text-align: left;\">Microsoft Internet Explorer: Klicken Sie auf \u00abExtras\u00bb in der rechten oberen Ecke und w\u00e4hlen Sie \u00abInternetoptionen\u00bb aus. W\u00e4hlen Sie im sich \u00f6ffnenden Fenster die Registerkarte \u00abDatenschutz\u00bb aus. Hier k\u00f6nnen Sie die Cookie-Einstellungen \u00e4ndern.<\/li>\n<li style=\"text-align: left;\">Google Chrome: Klicken Sie auf das Symbol in der rechten oberen Ecke und w\u00e4hlen Sie \u00abEinstellungen\u00bb aus. W\u00e4hlen Sie anschliessend \u00abErweiterte Einstellungen anzeigen\u00bb aus und \u00e4ndern Sie die \u00abDatenschutz\u00bb-Einstellungen.<\/li>\n<li style=\"text-align: left;\">Mozilla Firefox: W\u00e4hlen Sie im Men\u00fc rechts oben \u00abEinstellungen\u00bb aus. W\u00e4hlen Sie im sich \u00f6ffnenden Fenster \u00abDatenschutz\u00bb aus. Hier k\u00f6nnen Sie die Cookie-Einstellungen \u00e4ndern.<\/li>\n<li style=\"text-align: left;\">Safari: W\u00e4hlen Sie im Men\u00fc rechts oben \u00abEinstellungen\u00bb aus. W\u00e4hlen Sie anschliessend \u00abSicherheit\u00bb aus und \u00e4ndern Sie die Cookie-Einstellungen.<\/li>\n<\/ul>\n<\/td>\n<\/tr>\n<\/tbody>\n<\/table>\n<p>&nbsp;<\/p>\n<p style=\"text-align: center;\">Um diesen Vorgang auf mobilen Ger\u00e4ten durchzuf\u00fchren, lesen Sie bitte das Handbuch des Ger\u00e4ts.\u00a0Bitte beachten Sie, dass bestimmte Funktionen nicht verf\u00fcgbar sein k\u00f6nnen, wenn Sie alle Cookies auf der Website deaktivieren.<\/p>\n<p>&nbsp;<\/p>\n<p style=\"text-align: center;\">Alternativ k\u00f6nnen Sie auch\u00a0<a href=\"https:\/\/www.allaboutcookies.org\/ge\/\">http:\/\/www.allaboutcookies.org\/ge\/<\/a> besuchen, wo Sie umfassende Informationen zum Verwalten und Blockieren von Cookies finden, die sich auf eine Vielzahl von Browsern beziehen (<a href=\"https:\/\/www.allaboutcookies.org\/ge\/cookies-verwalten\/\">http:\/\/www.allaboutcookies.org\/ge\/cookies-verwalten\/<\/a>).\u00a0Wir behalten uns das Recht vor, diese Cookie-Richtlinie zu \u00e4ndern und zu berichtigen. Falls erforderlich werden wir um Ihre Einwilligung in neue Cookies und andere Tracking-Technologien erneut anfragen. Bitte besuchen Sie diese Seite gelegentlich, um unsere Liste von Cookies und anderen Tracking-Technologien zu \u00fcberpr\u00fcfen.<\/p>\n<p>&nbsp;<\/p>\n<p style=\"text-align: center;\">\u00a9 Lindt Chocolate Competence Foundation AG 2023<\/p>\n<p>[\/vc_column_text][\/vc_column][vc_column width=&#8220;2\/12&#8243;][\/vc_column][\/vc_row][vc_row][vc_column][vc_empty_space height=&#8220;40px&#8220; el_class=&#8220;mobile-30&#8243;][\/vc_column][\/vc_row]<\/p>\n<\/div>","protected":false},"excerpt":{"rendered":"<p>[vc_row full_width=&#8220;stretch_row_content&#8220;][vc_column][\/vc_column][\/vc_row][vc_row el_class=&#8220;modul-4-row&#8220;][vc_column width=&#8220;2\/12&#8243;][\/vc_column][vc_column width=&#8220;8\/12&#8243;][vc_empty_space height=&#8220;45px&#8220; el_class=&#8220;mobile-20&#8243;][vc_column_text] Die Lindt Chocolate Competence Foundation verwendet Cookies und Tracking-Technologies aus verschiedenen Gr\u00fcnden, unter anderem, um den Betrieb unserer Websites zu unterst\u00fctzen, um zu verstehen, wie Sie und andere Besucher auf unseren Webseiten interagieren, und um Werbemitteilungen an bestimmte Zielgruppen zu richten. Weitere Informationen zur Verwendung von Cookies finden [&hellip;]<\/p>\n","protected":false},"author":3,"featured_media":0,"parent":0,"menu_order":0,"comment_status":"closed","ping_status":"closed","template":"fullwidth.php","meta":{"_acf_changed":false,"_relevanssi_hide_post":"","_relevanssi_hide_content":"","_relevanssi_pin_for_all":"","_relevanssi_pin_keywords":"","_relevanssi_unpin_keywords":"","_relevanssi_related_keywords":"","_relevanssi_related_include_ids":"","_relevanssi_related_exclude_ids":"","_relevanssi_related_no_append":"","_relevanssi_related_not_related":"","_relevanssi_related_posts":"","_relevanssi_noindex_reason":"","footnotes":""},"class_list":["post-2199","page","type-page","status-publish","hentry"],"acf":[],"yoast_head":"<!-- This site is optimized with the Yoast SEO plugin v26.8 - https:\/\/yoast.com\/product\/yoast-seo-wordpress\/ -->\n<title>Cookie Richlintlinien \u2013 Lindt Home of Chocolate<\/title>\n<meta name=\"description\" content=\"Finden Sie hier unsere Cookie Richtlinen und rechtliche Hinweise unserer Seite www.lindt-home-of-chocolate.com\" \/>\n<meta name=\"robots\" content=\"index, follow, max-snippet:-1, max-image-preview:large, max-video-preview:-1\" \/>\n<link rel=\"canonical\" href=\"https:\/\/www.lindt-home-of-chocolate.com\/de\/cookie-richtlinien\/\" \/>\n<meta property=\"og:locale\" content=\"de_DE\" \/>\n<meta property=\"og:type\" content=\"article\" \/>\n<meta property=\"og:title\" content=\"Cookie Richlintlinien \u2013 Lindt Home of Chocolate\" \/>\n<meta property=\"og:description\" content=\"Finden Sie hier unsere Cookie Richtlinen und rechtliche Hinweise unserer Seite www.lindt-home-of-chocolate.com\" \/>\n<meta property=\"og:url\" content=\"https:\/\/www.lindt-home-of-chocolate.com\/de\/cookie-richtlinien\/\" \/>\n<meta property=\"og:site_name\" content=\"Lindt Home of Chocolate\" \/>\n<meta property=\"article:modified_time\" content=\"2023-08-18T14:39:13+00:00\" \/>\n<meta property=\"og:image\" content=\"https:\/\/www.lindt-home-of-chocolate.com\/wp-content\/uploads\/2020\/04\/rechtliches-facebook.jpg\" \/>\n\t<meta property=\"og:image:width\" content=\"1200\" \/>\n\t<meta property=\"og:image:height\" content=\"630\" \/>\n\t<meta property=\"og:image:type\" content=\"image\/jpeg\" \/>\n<meta name=\"twitter:card\" content=\"summary_large_image\" \/>\n<meta name=\"twitter:image\" content=\"https:\/\/www.lindt-home-of-chocolate.com\/wp-content\/uploads\/2020\/04\/rechtliches-twitter.jpg\" \/>\n<meta name=\"twitter:label1\" content=\"Gesch\u00e4tzte Lesezeit\" \/>\n\t<meta name=\"twitter:data1\" content=\"4\u00a0Minuten\" \/>\n<script type=\"application\/ld+json\" class=\"yoast-schema-graph\">{\"@context\":\"https:\/\/schema.org\",\"@graph\":[{\"@type\":\"WebPage\",\"@id\":\"https:\/\/www.lindt-home-of-chocolate.com\/de\/cookie-richtlinien\/\",\"url\":\"https:\/\/www.lindt-home-of-chocolate.com\/de\/cookie-richtlinien\/\",\"name\":\"Cookie Richlintlinien \u2013 Lindt Home of Chocolate\",\"isPartOf\":{\"@id\":\"https:\/\/www.lindt-home-of-chocolate.com\/de\/#website\"},\"datePublished\":\"2020-03-20T05:16:47+00:00\",\"dateModified\":\"2023-08-18T14:39:13+00:00\",\"description\":\"Finden Sie hier unsere Cookie Richtlinen und rechtliche Hinweise unserer Seite www.lindt-home-of-chocolate.com\",\"breadcrumb\":{\"@id\":\"https:\/\/www.lindt-home-of-chocolate.com\/de\/cookie-richtlinien\/#breadcrumb\"},\"inLanguage\":\"de\",\"potentialAction\":[{\"@type\":\"ReadAction\",\"target\":[\"https:\/\/www.lindt-home-of-chocolate.com\/de\/cookie-richtlinien\/\"]}]},{\"@type\":\"BreadcrumbList\",\"@id\":\"https:\/\/www.lindt-home-of-chocolate.com\/de\/cookie-richtlinien\/#breadcrumb\",\"itemListElement\":[{\"@type\":\"ListItem\",\"position\":1,\"name\":\"Startseite\",\"item\":\"https:\/\/www.lindt-home-of-chocolate.com\/de\/\"},{\"@type\":\"ListItem\",\"position\":2,\"name\":\"Cookie Richtlinien\"}]},{\"@type\":\"WebSite\",\"@id\":\"https:\/\/www.lindt-home-of-chocolate.com\/de\/#website\",\"url\":\"https:\/\/www.lindt-home-of-chocolate.com\/de\/\",\"name\":\"Lindt Home of Chocolate\",\"description\":\"Das Schokoladenmuseum\",\"potentialAction\":[{\"@type\":\"SearchAction\",\"target\":{\"@type\":\"EntryPoint\",\"urlTemplate\":\"https:\/\/www.lindt-home-of-chocolate.com\/de\/?s={search_term_string}\"},\"query-input\":{\"@type\":\"PropertyValueSpecification\",\"valueRequired\":true,\"valueName\":\"search_term_string\"}}],\"inLanguage\":\"de\"}]}<\/script>\n<!-- \/ Yoast SEO plugin. -->","yoast_head_json":{"title":"Cookie Richlintlinien \u2013 Lindt Home of Chocolate","description":"Finden Sie hier unsere Cookie Richtlinen und rechtliche Hinweise unserer Seite www.lindt-home-of-chocolate.com","robots":{"index":"index","follow":"follow","max-snippet":"max-snippet:-1","max-image-preview":"max-image-preview:large","max-video-preview":"max-video-preview:-1"},"canonical":"https:\/\/www.lindt-home-of-chocolate.com\/de\/cookie-richtlinien\/","og_locale":"de_DE","og_type":"article","og_title":"Cookie Richlintlinien \u2013 Lindt Home of Chocolate","og_description":"Finden Sie hier unsere Cookie Richtlinen und rechtliche Hinweise unserer Seite www.lindt-home-of-chocolate.com","og_url":"https:\/\/www.lindt-home-of-chocolate.com\/de\/cookie-richtlinien\/","og_site_name":"Lindt Home of Chocolate","article_modified_time":"2023-08-18T14:39:13+00:00","og_image":[{"width":1200,"height":630,"url":"https:\/\/www.lindt-home-of-chocolate.com\/wp-content\/uploads\/2020\/04\/rechtliches-facebook.jpg","type":"image\/jpeg"}],"twitter_card":"summary_large_image","twitter_image":"https:\/\/www.lindt-home-of-chocolate.com\/wp-content\/uploads\/2020\/04\/rechtliches-twitter.jpg","twitter_misc":{"Gesch\u00e4tzte Lesezeit":"4\u00a0Minuten"},"schema":{"@context":"https:\/\/schema.org","@graph":[{"@type":"WebPage","@id":"https:\/\/www.lindt-home-of-chocolate.com\/de\/cookie-richtlinien\/","url":"https:\/\/www.lindt-home-of-chocolate.com\/de\/cookie-richtlinien\/","name":"Cookie Richlintlinien \u2013 Lindt Home of Chocolate","isPartOf":{"@id":"https:\/\/www.lindt-home-of-chocolate.com\/de\/#website"},"datePublished":"2020-03-20T05:16:47+00:00","dateModified":"2023-08-18T14:39:13+00:00","description":"Finden Sie hier unsere Cookie Richtlinen und rechtliche Hinweise unserer Seite www.lindt-home-of-chocolate.com","breadcrumb":{"@id":"https:\/\/www.lindt-home-of-chocolate.com\/de\/cookie-richtlinien\/#breadcrumb"},"inLanguage":"de","potentialAction":[{"@type":"ReadAction","target":["https:\/\/www.lindt-home-of-chocolate.com\/de\/cookie-richtlinien\/"]}]},{"@type":"BreadcrumbList","@id":"https:\/\/www.lindt-home-of-chocolate.com\/de\/cookie-richtlinien\/#breadcrumb","itemListElement":[{"@type":"ListItem","position":1,"name":"Startseite","item":"https:\/\/www.lindt-home-of-chocolate.com\/de\/"},{"@type":"ListItem","position":2,"name":"Cookie Richtlinien"}]},{"@type":"WebSite","@id":"https:\/\/www.lindt-home-of-chocolate.com\/de\/#website","url":"https:\/\/www.lindt-home-of-chocolate.com\/de\/","name":"Lindt Home of Chocolate","description":"Das Schokoladenmuseum","potentialAction":[{"@type":"SearchAction","target":{"@type":"EntryPoint","urlTemplate":"https:\/\/www.lindt-home-of-chocolate.com\/de\/?s={search_term_string}"},"query-input":{"@type":"PropertyValueSpecification","valueRequired":true,"valueName":"search_term_string"}}],"inLanguage":"de"}]}},"_links":{"self":[{"href":"https:\/\/www.lindt-home-of-chocolate.com\/de\/wp-json\/wp\/v2\/pages\/2199","targetHints":{"allow":["GET"]}}],"collection":[{"href":"https:\/\/www.lindt-home-of-chocolate.com\/de\/wp-json\/wp\/v2\/pages"}],"about":[{"href":"https:\/\/www.lindt-home-of-chocolate.com\/de\/wp-json\/wp\/v2\/types\/page"}],"author":[{"embeddable":true,"href":"https:\/\/www.lindt-home-of-chocolate.com\/de\/wp-json\/wp\/v2\/users\/3"}],"replies":[{"embeddable":true,"href":"https:\/\/www.lindt-home-of-chocolate.com\/de\/wp-json\/wp\/v2\/comments?post=2199"}],"version-history":[{"count":21,"href":"https:\/\/www.lindt-home-of-chocolate.com\/de\/wp-json\/wp\/v2\/pages\/2199\/revisions"}],"predecessor-version":[{"id":16641,"href":"https:\/\/www.lindt-home-of-chocolate.com\/de\/wp-json\/wp\/v2\/pages\/2199\/revisions\/16641"}],"wp:attachment":[{"href":"https:\/\/www.lindt-home-of-chocolate.com\/de\/wp-json\/wp\/v2\/media?parent=2199"}],"curies":[{"name":"wp","href":"https:\/\/api.w.org\/{rel}","templated":true}]}}