{"id":537,"date":"2020-03-02T18:55:53","date_gmt":"2020-03-02T17:55:53","guid":{"rendered":"https:\/\/www.lindt-home-of-chocolate.com\/?page_id=537"},"modified":"2023-02-28T13:14:04","modified_gmt":"2023-02-28T12:14:04","slug":"schokoladenbrunnen","status":"publish","type":"page","link":"https:\/\/www.lindt-home-of-chocolate.com\/de\/schokoladenbrunnen\/","title":{"rendered":"Schokoladenbrunnen"},"content":{"rendered":"<div class=\"wpb-content-wrapper\"><p>[vc_row full_width=&#8220;stretch_row_content&#8220;][vc_column]\r\n\t\t\t<div id=\"hero\" class=\"no-lazyload\"  style=\"background-image: url(https:\/\/www.lindt-home-of-chocolate.com\/wp-content\/uploads\/2020\/09\/lindt-schokoladenbrunnen-1920x640-1.jpg); background-position: center center; background-size: cover; background-repreat: no-repeat; display: block; \"  ><\/div>\r\n\t\t\t\t<style>\r\n\t\t\t\t@media only screen and (max-width: 767.98px) {\r\n\t\t\t\t\t#hero {\r\n\t\t\t\t\t\tbackground-image: url(https:\/\/www.lindt-home-of-chocolate.com\/wp-content\/uploads\/2020\/09\/lindt-schokoladenbrunnen-767x607-1.jpg) !important;\r\n\t\t\t\t\t}\r\n\t\t\t\t}\t\r\n\t\t\t\t<\/style>\r\n\t\t\t[\/vc_column][\/vc_row][vc_row el_class=&#8220;modul-4-row&#8220;][vc_column width=&#8220;2\/12&#8243;][\/vc_column][vc_column width=&#8220;8\/12&#8243;][vc_empty_space height=&#8220;45px&#8220; el_class=&#8220;mobile-15&#8243;]\r\n\t\t\t<div class=\"lindt-headline algin-center    topline-gold \">\t\t<span class=\"topline\">SCHOKOLADENBRUNNEN<\/span>\t<h1>Der sch\u00f6nste Schokoladenbrunnen der Welt<\/h1>\r\n\t\t\t<\/div>\r\n\t\t\t[vc_column_text]<\/p>\n<p style=\"text-align: center;\">Das Lindt Home of Chocolate heisst die Besucherinnen und Besucher mit einem \u00fcber neun Meter grossen Highlight willkommen: dem sch\u00f6nsten Schokoladenbrunnen der Welt. Die schwerelos wirkende Konstruktion umfliessen 1400 kg echte Schokolade \u2013 der perfekte Auftakt f\u00fcr das unvergleichliche Erlebnis im Lindt Home of Chocolate. \u00dcberzeugen Sie sich selber und erleben Sie den traumhaften Schokoladenbrunnen im Schokoladenmuseum.<\/p>\n<p>[\/vc_column_text][vc_empty_space height=&#8220;20px&#8220; el_class=&#8220;spacer-20&#8243;]\r\n\t\t\t<div class=\"lindt-btn algin-center btn-style-1   \">\r\n\t\t\t\t<div class=\"lindt-btn-inner\">\r\n\t\t\t\t<a href=\"https:\/\/www.lindt-home-of-chocolate.com\/de\/anfahrt-und-oeffnungszeiten\/\" title=\"Anfahrt & \u00d6ffnungszeiten\" target=\"\" class=\"\">\r\n\t\t\t\t<span>ANFAHRT &amp; \u00d6FFNUNGSZEITEN<\/span><\/a><\/div>\r\n\t\t\t<\/div>\r\n\t\t\t[\/vc_column][vc_column width=&#8220;2\/12&#8243;][\/vc_column][\/vc_row][vc_row][vc_column][vc_empty_space height=&#8220;60px&#8220; el_class=&#8220;mobile-30&#8243;][\/vc_column][\/vc_row][vc_row el_class=&#8220;modul-7-row-0&#8243;][vc_column width=&#8220;1\/12&#8243;][\/vc_column][vc_column width=&#8220;10\/12&#8243; css=&#8220;.vc_custom_1582896392100{background-color: #f0f0f0 !important;}&#8220;][vc_row_inner][vc_column_inner width=&#8220;1\/4&#8243;][\/vc_column_inner][vc_column_inner width=&#8220;1\/2&#8243;][vc_empty_space height=&#8220;40px&#8220; el_class=&#8220;mobile-30&#8243;]\r\n\t\t\t<div class=\"lindt-headline algin-center bg-grey   \">\t<h2>Ein Wahrzeichen f\u00fcr das Schokoladenland Schweiz<\/h2>\r\n\t\t\t<\/div>\r\n\t\t\t[vc_empty_space height=&#8220;100px&#8220; el_class=&#8220;mobile-30 tablet-30&#8243;][\/vc_column_inner][vc_column_inner width=&#8220;1\/4&#8243;][\/vc_column_inner][\/vc_row_inner][\/vc_column][vc_column width=&#8220;1\/12&#8243;][\/vc_column][\/vc_row][vc_row equal_height=&#8220;yes&#8220; el_class=&#8220;modul-7-row-1&#8243;][vc_column width=&#8220;1\/12&#8243;][\/vc_column][vc_column width=&#8220;5\/12&#8243; css=&#8220;.vc_custom_1581412437030{background-color: #f0f0f0 !important;}&#8220; el_class=&#8220;modul-7-row-img&#8220;][vc_single_image image=&#8220;6920&#8243; img_size=&#8220;720&#215;470&#8243;][\/vc_column][vc_column width=&#8220;5\/12&#8243; css=&#8220;.vc_custom_1581412468282{background-color: #f0f0f0 !important;}&#8220; el_class=&#8220;modul-7-row-text&#8220;]\r\n\t\t\t<div class=\"lindt-headline  bg-grey   \">\t<h3>1400 kg Schokolade und ein Hauch Magie<\/h3>\r\n\t\t\t<\/div>\r\n\t\t\t[vc_column_text]<\/p>\n<p style=\"text-align: left;\">Unseren imposanten Schokoladenbrunnen haben wir allen Schokoladenfans und ganz besonders unseren Ma\u00eetres Chocolatiers gewidmet. Der spektakul\u00e4re, wie von Zauberhand gef\u00fchrte Schokoladenbrunnen verzaubert Klein und Gross.<\/p>\n<p>[\/vc_column_text][vc_empty_space height=&#8220;20px&#8220; el_class=&#8220;spacer-20&#8243;][\/vc_column][vc_column width=&#8220;1\/12&#8243;][\/vc_column][\/vc_row][vc_row equal_height=&#8220;yes&#8220; el_class=&#8220;modul-7-row-2 modul-7-row-bottom&#8220;][vc_column width=&#8220;1\/12&#8243;][\/vc_column][vc_column width=&#8220;5\/12&#8243; css=&#8220;.vc_custom_1581412848278{background-color: #f0f0f0 !important;}&#8220; el_class=&#8220;modul-7-row-text&#8220;]\r\n\t\t\t<div class=\"lindt-headline  bg-grey   \">\t<h3>Die Fakten<\/h3>\r\n\t\t\t<\/div>\r\n\t\t\t[vc_column_text]<\/p>\n<p style=\"text-align: left;\">So schwerelos der Schokoladenbrunnen wirkt, darin steckt richtig viel Konstruktion, Planung und Material. Ganze drei Tonnen ist er schwer, davon sind 1400 kg feine Schokolade. Sie fliesst mit einer Geschwindigkeit von einem Kilo pro Sekunde durch den Brunnen. Damit das m\u00f6glich ist, wurden Rohre mit einer Gesamtl\u00e4nge von 94 Metern in dem exakt 9,3 Meter hohen Schokoladenbrunnen verlegt.<\/p>\n<p>[\/vc_column_text][vc_empty_space height=&#8220;20px&#8220; el_class=&#8220;spacer-20&#8243;][\/vc_column][vc_column width=&#8220;5\/12&#8243; css=&#8220;.vc_custom_1581412853703{background-color: #f0f0f0 !important;}&#8220; el_class=&#8220;modul-7-row-img&#8220;][vc_single_image image=&#8220;6924&#8243; img_size=&#8220;720&#215;470&#8243;][\/vc_column][vc_column width=&#8220;1\/12&#8243;][\/vc_column][\/vc_row][vc_row el_class=&#8220;modul-X-row&#8220;][vc_column width=&#8220;1\/12&#8243;][\/vc_column][vc_column width=&#8220;10\/12&#8243; css=&#8220;.vc_custom_1582896392100{background-color: #f0f0f0 !important;}&#8220;][vc_row_inner][vc_column_inner width=&#8220;1\/4&#8243;][\/vc_column_inner][vc_column_inner width=&#8220;1\/2&#8243;]\r\n\t\t\t<div class=\"lindt-btn algin-center btn-style-2   \">\r\n\t\t\t\t<div class=\"lindt-btn-inner\">\r\n\t\t\t\t<a href=\"https:\/\/www.lindt-home-of-chocolate.com\/de\/anfahrt-und-oeffnungszeiten\/\" title=\"Anfahrt & \u00d6ffnungszeiten\" target=\"\" class=\"\">\r\n\t\t\t\t<span>ANFAHRT &amp; \u00d6FFNUNGSZEITEN<\/span><\/a><\/div>\r\n\t\t\t<\/div>\r\n\t\t\t[vc_empty_space height=&#8220;90px&#8220; el_class=&#8220;mobile-60&#8243;]\r\n\t\t\t<div class=\"lindt-headline algin-center    \">\t<h2>Die Schokoladen\u00adbrunnen-Galerie<\/h2>\r\n\t\t\t<\/div>\r\n\t\t\t[\/vc_column_inner][vc_column_inner width=&#8220;1\/4&#8243;][\/vc_column_inner][\/vc_row_inner][\/vc_column][vc_column width=&#8220;1\/12&#8243;][\/vc_column][\/vc_row][vc_row][vc_column]\r\n\t\t\t<div class=\"lindt-slider  bg-grey   \"><div class=\"lindt-slide\"><div class=\"lindt-slide-images\"><div class=\"\"><img loading=\"lazy\" decoding=\"async\" width=\"1440\" height=\"800\" src=\"https:\/\/www.lindt-home-of-chocolate.com\/wp-content\/uploads\/2020\/09\/der-lindt-Schokoladen-brunenn.jpg\" class=\"attachment-1440x800 size-1440x800\" alt=\"Der Lindt Schokoladenbrunnen\" srcset=\"https:\/\/www.lindt-home-of-chocolate.com\/wp-content\/uploads\/2020\/09\/der-lindt-Schokoladen-brunenn.jpg 1440w, https:\/\/www.lindt-home-of-chocolate.com\/wp-content\/uploads\/2020\/09\/der-lindt-Schokoladen-brunenn-300x167.jpg 300w, https:\/\/www.lindt-home-of-chocolate.com\/wp-content\/uploads\/2020\/09\/der-lindt-Schokoladen-brunenn-1024x569.jpg 1024w, https:\/\/www.lindt-home-of-chocolate.com\/wp-content\/uploads\/2020\/09\/der-lindt-Schokoladen-brunenn-768x427.jpg 768w, https:\/\/www.lindt-home-of-chocolate.com\/wp-content\/uploads\/2020\/09\/der-lindt-Schokoladen-brunenn-1152x640.jpg 1152w, https:\/\/www.lindt-home-of-chocolate.com\/wp-content\/uploads\/2020\/09\/der-lindt-Schokoladen-brunenn-990x550.jpg 990w, https:\/\/www.lindt-home-of-chocolate.com\/wp-content\/uploads\/2020\/09\/der-lindt-Schokoladen-brunenn-767x426.jpg 767w, https:\/\/www.lindt-home-of-chocolate.com\/wp-content\/uploads\/2020\/09\/der-lindt-Schokoladen-brunenn-720x400.jpg 720w, https:\/\/www.lindt-home-of-chocolate.com\/wp-content\/uploads\/2020\/09\/der-lindt-Schokoladen-brunenn-575x319.jpg 575w, https:\/\/www.lindt-home-of-chocolate.com\/wp-content\/uploads\/2020\/09\/der-lindt-Schokoladen-brunenn-540x300.jpg 540w, https:\/\/www.lindt-home-of-chocolate.com\/wp-content\/uploads\/2020\/09\/der-lindt-Schokoladen-brunenn-500x278.jpg 500w, https:\/\/www.lindt-home-of-chocolate.com\/wp-content\/uploads\/2020\/09\/der-lindt-Schokoladen-brunenn-484x269.jpg 484w\" sizes=\"auto, (max-width: 1440px) 100vw, 1440px\" \/><\/div><\/div><div class=\"lindt-slide-caption\"><\/div><\/div><div class=\"lindt-slide\"><div class=\"lindt-slide-images\"><div class=\"\"><img loading=\"lazy\" decoding=\"async\" width=\"1440\" height=\"800\" src=\"https:\/\/www.lindt-home-of-chocolate.com\/wp-content\/uploads\/2020\/09\/Schokoladenbrunnen-bringt-freude.jpg\" class=\"attachment-1440x800 size-1440x800\" alt=\"Der Schokoladenbrunnen, der Freude bringt\" srcset=\"https:\/\/www.lindt-home-of-chocolate.com\/wp-content\/uploads\/2020\/09\/Schokoladenbrunnen-bringt-freude.jpg 1440w, https:\/\/www.lindt-home-of-chocolate.com\/wp-content\/uploads\/2020\/09\/Schokoladenbrunnen-bringt-freude-300x167.jpg 300w, https:\/\/www.lindt-home-of-chocolate.com\/wp-content\/uploads\/2020\/09\/Schokoladenbrunnen-bringt-freude-1024x569.jpg 1024w, https:\/\/www.lindt-home-of-chocolate.com\/wp-content\/uploads\/2020\/09\/Schokoladenbrunnen-bringt-freude-768x427.jpg 768w, https:\/\/www.lindt-home-of-chocolate.com\/wp-content\/uploads\/2020\/09\/Schokoladenbrunnen-bringt-freude-1152x640.jpg 1152w, https:\/\/www.lindt-home-of-chocolate.com\/wp-content\/uploads\/2020\/09\/Schokoladenbrunnen-bringt-freude-990x550.jpg 990w, https:\/\/www.lindt-home-of-chocolate.com\/wp-content\/uploads\/2020\/09\/Schokoladenbrunnen-bringt-freude-767x426.jpg 767w, https:\/\/www.lindt-home-of-chocolate.com\/wp-content\/uploads\/2020\/09\/Schokoladenbrunnen-bringt-freude-720x400.jpg 720w, https:\/\/www.lindt-home-of-chocolate.com\/wp-content\/uploads\/2020\/09\/Schokoladenbrunnen-bringt-freude-575x319.jpg 575w, https:\/\/www.lindt-home-of-chocolate.com\/wp-content\/uploads\/2020\/09\/Schokoladenbrunnen-bringt-freude-540x300.jpg 540w, https:\/\/www.lindt-home-of-chocolate.com\/wp-content\/uploads\/2020\/09\/Schokoladenbrunnen-bringt-freude-500x278.jpg 500w, https:\/\/www.lindt-home-of-chocolate.com\/wp-content\/uploads\/2020\/09\/Schokoladenbrunnen-bringt-freude-484x269.jpg 484w\" sizes=\"auto, (max-width: 1440px) 100vw, 1440px\" \/><\/div><\/div><div class=\"lindt-slide-caption\"><\/div><\/div>\r\n\t\t\t<\/div>\r\n\t\t\t<div class=\"vc_row wpb_row vc_inner vc_row-fluid lindt-slider-bottom\">\r\n<div class=\"wpb_column vc_column_container vc_col-sm-1\"><div class=\"vc_column-inner\"><div class=\"wpb_wrapper\"><\/div><\/div><\/div>\r\n<div class=\"wpb_column vc_column_container vc_col-sm-10 vc_col-has-fill\"><div class=\"vc_column-inner lindt-slider-bg-grey\" >\r\n<div class=\"wpb_wrapper\"><div class=\"vc_row wpb_row vc_inner vc_row-fluid\">\r\n<div class=\"wpb_column vc_column_container vc_col-sm-12\">\r\n<div class=\"vc_column-inner\"><div class=\"wpb_wrapper\"><div class=\"vc_empty_space\" style=\"height: 80px\"><span class=\"vc_empty_space_inner\"><\/span><\/div><\/div><\/div><\/div><\/div><\/div><\/div><\/div>\r\n<div class=\"wpb_column vc_column_container vc_col-sm-1\"><div class=\"vc_column-inner\"><div class=\"wpb_wrapper\"><\/div><\/div><\/div>\r\n<\/div>[\/vc_column][\/vc_row][vc_row][vc_column][vc_empty_space height=&#8220;40px&#8220; el_class=&#8220;mobile-30&#8243;][\/vc_column][\/vc_row][vc_row content_placement=&#8220;middle&#8220; css=&#8220;.vc_custom_1583153876280{background-color: #dbb86e !important;}&#8220; el_class=&#8220;modul-2-row&#8220;][vc_column width=&#8220;6\/12&#8243;][vc_single_image image=&#8220;3235&#8243; img_size=&#8220;720&#215;470&#8243;][\/vc_column][vc_column width=&#8220;1\/12&#8243;][\/vc_column][vc_column width=&#8220;4\/12&#8243;]\r\n\t\t\t<div class=\"lindt-headline  bg-gold   \">\t\t<span class=\"topline\">SCHOKOLADENTOUR<\/span>\t<h2>Eine interaktive Entdeckungsreise<\/h2>\r\n\t\t\t<\/div>\r\n\t\t\t[vc_column_text el_class=&#8220;hide-tablet hide-mobile&#8220;]Reisen Sie in unserem Museum zu den Urspr\u00fcngen der Schokolade und erfahren Sie, wie der Kakao Europa erobert hat. Begegnen Sie den Schweizer Schokoladenpionieren, die mit ihren Erfindungen unser Leben vers\u00fcsst haben. Verfolgen Sie die Herstellung von Schokolade auf unseren modernen Versuchsanlagen. Und probieren Sie selbst, wie unwiderstehlich Schweizer Schokolade ist.[\/vc_column_text][vc_empty_space height=&#8220;20px&#8220; el_class=&#8220;spacer-20 hide-tablet hide-mobile&#8220;]\r\n\t\t\t<div class=\"lindt-btn  btn-style-4  hide-tablet hide-mobile \">\r\n\t\t\t\t<div class=\"lindt-btn-inner\">\r\n\t\t\t\t<a href=\"https:\/\/www.lindt-home-of-chocolate.com\/de\/schokoladen-museum-tour\/\" title=\"Mehr erfahren\" target=\"\" class=\"\">\r\n\t\t\t\t<span>MEHR ERFAHREN<\/span><\/a><\/div>\r\n\t\t\t<\/div>\r\n\t\t\t\r\n\t\t\t<div class=\"lindt-btn lindt-btn-icon  btn-style-1  popup hide-tablet hide-mobile\">\r\n\t\t\t\t<a href=\"https:\/\/www.lindt-home-of-chocolate.com\/de\/flyout\/tourauswahl\/\" title=\"Jetzt kaufen\" target=\"\">\r\n\t\t\t\t<img decoding=\"async\" class=\"no-lazyload\" src=\"\/wp-content\/themes\/wp-bootstrap-starter-lindt\/Icons\/tickets-icon.svg\" \/><img decoding=\"async\" class=\"icon-hover no-lazyload\" src=\"\/wp-content\/themes\/wp-bootstrap-starter-lindt\/Icons\/tickets-icon-white.svg\" \/><\/a><\/div>\r\n\t\t\t[vc_empty_space height=&#8220;15px&#8220; el_class=&#8220;spacer-30&#8243;][\/vc_column][vc_column width=&#8220;1\/12&#8243;][\/vc_column][\/vc_row][vc_row][vc_column][vc_empty_space height=&#8220;40px&#8220; el_class=&#8220;mobile-30&#8243;][\/vc_column][\/vc_row]<\/p>\n<\/div>","protected":false},"excerpt":{"rendered":"<p>[vc_row full_width=&#8220;stretch_row_content&#8220;][vc_column][\/vc_column][\/vc_row][vc_row el_class=&#8220;modul-4-row&#8220;][vc_column width=&#8220;2\/12&#8243;][\/vc_column][vc_column width=&#8220;8\/12&#8243;][vc_empty_space height=&#8220;45px&#8220; el_class=&#8220;mobile-15&#8243;][vc_column_text] Das Lindt Home of Chocolate heisst die Besucherinnen und Besucher mit einem \u00fcber neun Meter grossen Highlight willkommen: dem sch\u00f6nsten Schokoladenbrunnen der Welt. Die schwerelos wirkende Konstruktion umfliessen 1400 kg echte Schokolade \u2013 der perfekte Auftakt f\u00fcr das unvergleichliche Erlebnis im Lindt Home of Chocolate. \u00dcberzeugen Sie sich [&hellip;]<\/p>\n","protected":false},"author":3,"featured_media":0,"parent":0,"menu_order":0,"comment_status":"closed","ping_status":"closed","template":"fullwidth.php","meta":{"_acf_changed":false,"_relevanssi_hide_post":"","_relevanssi_hide_content":"","_relevanssi_pin_for_all":"","_relevanssi_pin_keywords":"","_relevanssi_unpin_keywords":"","_relevanssi_related_keywords":"","_relevanssi_related_include_ids":"","_relevanssi_related_exclude_ids":"","_relevanssi_related_no_append":"","_relevanssi_related_not_related":"","_relevanssi_related_posts":"","_relevanssi_noindex_reason":"","footnotes":""},"class_list":["post-537","page","type-page","status-publish","hentry"],"acf":[],"yoast_head":"<!-- This site is optimized with the Yoast SEO plugin v26.8 - https:\/\/yoast.com\/product\/yoast-seo-wordpress\/ -->\n<title>\u00dcber 9 Meter hoher Brunnen mit fliessender Schokolade<\/title>\n<meta name=\"description\" content=\"Erfahren Sie hier alles \u00fcber unseren neun Meter hohen Schokoladenbrunnen, das einmalige Kunstwerk, in dem 1400 kg feinste Schokolade fliessen.\" \/>\n<meta name=\"robots\" content=\"index, follow, max-snippet:-1, max-image-preview:large, max-video-preview:-1\" \/>\n<link rel=\"canonical\" href=\"https:\/\/www.lindt-home-of-chocolate.com\/de\/schokoladenbrunnen\/\" \/>\n<meta property=\"og:locale\" content=\"de_DE\" \/>\n<meta property=\"og:type\" content=\"article\" \/>\n<meta property=\"og:title\" content=\"\u00dcber 9 Meter hoher Brunnen mit fliessender Schokolade\" \/>\n<meta property=\"og:description\" content=\"Erfahren Sie hier alles \u00fcber unseren neun Meter hohen Schokoladenbrunnen, das einmalige Kunstwerk, in dem 1400 kg feinste Schokolade fliessen.\" \/>\n<meta property=\"og:url\" content=\"https:\/\/www.lindt-home-of-chocolate.com\/de\/schokoladenbrunnen\/\" \/>\n<meta property=\"og:site_name\" content=\"Lindt Home of Chocolate\" \/>\n<meta property=\"article:modified_time\" content=\"2023-02-28T12:14:04+00:00\" \/>\n<meta property=\"og:image\" content=\"https:\/\/www.lindt-home-of-chocolate.com\/wp-content\/uploads\/2020\/04\/schokoladenbrunnen-facebook.jpg\" \/>\n\t<meta property=\"og:image:width\" content=\"1200\" \/>\n\t<meta property=\"og:image:height\" content=\"630\" \/>\n\t<meta property=\"og:image:type\" content=\"image\/jpeg\" \/>\n<meta name=\"twitter:card\" content=\"summary_large_image\" \/>\n<meta name=\"twitter:image\" content=\"https:\/\/www.lindt-home-of-chocolate.com\/wp-content\/uploads\/2020\/04\/schokoladenbrunnen-twitter.jpg\" \/>\n<meta name=\"twitter:label1\" content=\"Gesch\u00e4tzte Lesezeit\" \/>\n\t<meta name=\"twitter:data1\" content=\"3\u00a0Minuten\" \/>\n<script type=\"application\/ld+json\" class=\"yoast-schema-graph\">{\"@context\":\"https:\/\/schema.org\",\"@graph\":[{\"@type\":\"WebPage\",\"@id\":\"https:\/\/www.lindt-home-of-chocolate.com\/de\/schokoladenbrunnen\/\",\"url\":\"https:\/\/www.lindt-home-of-chocolate.com\/de\/schokoladenbrunnen\/\",\"name\":\"\u00dcber 9 Meter hoher Brunnen mit fliessender Schokolade\",\"isPartOf\":{\"@id\":\"https:\/\/www.lindt-home-of-chocolate.com\/de\/#website\"},\"datePublished\":\"2020-03-02T17:55:53+00:00\",\"dateModified\":\"2023-02-28T12:14:04+00:00\",\"description\":\"Erfahren Sie hier alles \u00fcber unseren neun Meter hohen Schokoladenbrunnen, das einmalige Kunstwerk, in dem 1400 kg feinste Schokolade fliessen.\",\"breadcrumb\":{\"@id\":\"https:\/\/www.lindt-home-of-chocolate.com\/de\/schokoladenbrunnen\/#breadcrumb\"},\"inLanguage\":\"de\",\"potentialAction\":[{\"@type\":\"ReadAction\",\"target\":[\"https:\/\/www.lindt-home-of-chocolate.com\/de\/schokoladenbrunnen\/\"]}]},{\"@type\":\"BreadcrumbList\",\"@id\":\"https:\/\/www.lindt-home-of-chocolate.com\/de\/schokoladenbrunnen\/#breadcrumb\",\"itemListElement\":[{\"@type\":\"ListItem\",\"position\":1,\"name\":\"Startseite\",\"item\":\"https:\/\/www.lindt-home-of-chocolate.com\/de\/\"},{\"@type\":\"ListItem\",\"position\":2,\"name\":\"Schokoladenbrunnen\"}]},{\"@type\":\"WebSite\",\"@id\":\"https:\/\/www.lindt-home-of-chocolate.com\/de\/#website\",\"url\":\"https:\/\/www.lindt-home-of-chocolate.com\/de\/\",\"name\":\"Lindt Home of Chocolate\",\"description\":\"Das Schokoladenmuseum\",\"potentialAction\":[{\"@type\":\"SearchAction\",\"target\":{\"@type\":\"EntryPoint\",\"urlTemplate\":\"https:\/\/www.lindt-home-of-chocolate.com\/de\/?s={search_term_string}\"},\"query-input\":{\"@type\":\"PropertyValueSpecification\",\"valueRequired\":true,\"valueName\":\"search_term_string\"}}],\"inLanguage\":\"de\"}]}<\/script>\n<!-- \/ Yoast SEO plugin. -->","yoast_head_json":{"title":"\u00dcber 9 Meter hoher Brunnen mit fliessender Schokolade","description":"Erfahren Sie hier alles \u00fcber unseren neun Meter hohen Schokoladenbrunnen, das einmalige Kunstwerk, in dem 1400 kg feinste Schokolade fliessen.","robots":{"index":"index","follow":"follow","max-snippet":"max-snippet:-1","max-image-preview":"max-image-preview:large","max-video-preview":"max-video-preview:-1"},"canonical":"https:\/\/www.lindt-home-of-chocolate.com\/de\/schokoladenbrunnen\/","og_locale":"de_DE","og_type":"article","og_title":"\u00dcber 9 Meter hoher Brunnen mit fliessender Schokolade","og_description":"Erfahren Sie hier alles \u00fcber unseren neun Meter hohen Schokoladenbrunnen, das einmalige Kunstwerk, in dem 1400 kg feinste Schokolade fliessen.","og_url":"https:\/\/www.lindt-home-of-chocolate.com\/de\/schokoladenbrunnen\/","og_site_name":"Lindt Home of Chocolate","article_modified_time":"2023-02-28T12:14:04+00:00","og_image":[{"width":1200,"height":630,"url":"https:\/\/www.lindt-home-of-chocolate.com\/wp-content\/uploads\/2020\/04\/schokoladenbrunnen-facebook.jpg","type":"image\/jpeg"}],"twitter_card":"summary_large_image","twitter_image":"https:\/\/www.lindt-home-of-chocolate.com\/wp-content\/uploads\/2020\/04\/schokoladenbrunnen-twitter.jpg","twitter_misc":{"Gesch\u00e4tzte Lesezeit":"3\u00a0Minuten"},"schema":{"@context":"https:\/\/schema.org","@graph":[{"@type":"WebPage","@id":"https:\/\/www.lindt-home-of-chocolate.com\/de\/schokoladenbrunnen\/","url":"https:\/\/www.lindt-home-of-chocolate.com\/de\/schokoladenbrunnen\/","name":"\u00dcber 9 Meter hoher Brunnen mit fliessender Schokolade","isPartOf":{"@id":"https:\/\/www.lindt-home-of-chocolate.com\/de\/#website"},"datePublished":"2020-03-02T17:55:53+00:00","dateModified":"2023-02-28T12:14:04+00:00","description":"Erfahren Sie hier alles \u00fcber unseren neun Meter hohen Schokoladenbrunnen, das einmalige Kunstwerk, in dem 1400 kg feinste Schokolade fliessen.","breadcrumb":{"@id":"https:\/\/www.lindt-home-of-chocolate.com\/de\/schokoladenbrunnen\/#breadcrumb"},"inLanguage":"de","potentialAction":[{"@type":"ReadAction","target":["https:\/\/www.lindt-home-of-chocolate.com\/de\/schokoladenbrunnen\/"]}]},{"@type":"BreadcrumbList","@id":"https:\/\/www.lindt-home-of-chocolate.com\/de\/schokoladenbrunnen\/#breadcrumb","itemListElement":[{"@type":"ListItem","position":1,"name":"Startseite","item":"https:\/\/www.lindt-home-of-chocolate.com\/de\/"},{"@type":"ListItem","position":2,"name":"Schokoladenbrunnen"}]},{"@type":"WebSite","@id":"https:\/\/www.lindt-home-of-chocolate.com\/de\/#website","url":"https:\/\/www.lindt-home-of-chocolate.com\/de\/","name":"Lindt Home of Chocolate","description":"Das Schokoladenmuseum","potentialAction":[{"@type":"SearchAction","target":{"@type":"EntryPoint","urlTemplate":"https:\/\/www.lindt-home-of-chocolate.com\/de\/?s={search_term_string}"},"query-input":{"@type":"PropertyValueSpecification","valueRequired":true,"valueName":"search_term_string"}}],"inLanguage":"de"}]}},"_links":{"self":[{"href":"https:\/\/www.lindt-home-of-chocolate.com\/de\/wp-json\/wp\/v2\/pages\/537","targetHints":{"allow":["GET"]}}],"collection":[{"href":"https:\/\/www.lindt-home-of-chocolate.com\/de\/wp-json\/wp\/v2\/pages"}],"about":[{"href":"https:\/\/www.lindt-home-of-chocolate.com\/de\/wp-json\/wp\/v2\/types\/page"}],"author":[{"embeddable":true,"href":"https:\/\/www.lindt-home-of-chocolate.com\/de\/wp-json\/wp\/v2\/users\/3"}],"replies":[{"embeddable":true,"href":"https:\/\/www.lindt-home-of-chocolate.com\/de\/wp-json\/wp\/v2\/comments?post=537"}],"version-history":[{"count":65,"href":"https:\/\/www.lindt-home-of-chocolate.com\/de\/wp-json\/wp\/v2\/pages\/537\/revisions"}],"predecessor-version":[{"id":11726,"href":"https:\/\/www.lindt-home-of-chocolate.com\/de\/wp-json\/wp\/v2\/pages\/537\/revisions\/11726"}],"wp:attachment":[{"href":"https:\/\/www.lindt-home-of-chocolate.com\/de\/wp-json\/wp\/v2\/media?parent=537"}],"curies":[{"name":"wp","href":"https:\/\/api.w.org\/{rel}","templated":true}]}}