{"id":574,"date":"2020-03-03T01:34:36","date_gmt":"2020-03-03T00:34:36","guid":{"rendered":"https:\/\/www.lindt-home-of-chocolate.com\/?page_id=574"},"modified":"2022-07-13T10:20:29","modified_gmt":"2022-07-13T08:20:29","slug":"jobs","status":"publish","type":"page","link":"https:\/\/www.lindt-home-of-chocolate.com\/de\/jobs\/","title":{"rendered":"Jobs"},"content":{"rendered":"<div class=\"wpb-content-wrapper\"><p>[vc_row full_width=&#8220;stretch_row_content&#8220;][vc_column]\r\n\t\t\t<div id=\"hero\" class=\"no-lazyload\"  style=\"background-image: url(https:\/\/www.lindt-home-of-chocolate.com\/wp-content\/uploads\/2020\/04\/lindt-maitre-prefektioniert-pralines-1920x640-1.jpg); background-position: center center; background-size: cover; background-repreat: no-repeat; display: block; \"  ><\/div>\r\n\t\t\t\t<style>\r\n\t\t\t\t@media only screen and (max-width: 767.98px) {\r\n\t\t\t\t\t#hero {\r\n\t\t\t\t\t\tbackground-image: url(https:\/\/www.lindt-home-of-chocolate.com\/wp-content\/uploads\/2020\/04\/lindt-maitre-prefektioniert-pralines-767x607-1.jpg) !important;\r\n\t\t\t\t\t}\r\n\t\t\t\t}\t\r\n\t\t\t\t<\/style>\r\n\t\t\t[\/vc_column][\/vc_row][vc_row][vc_column][vc_empty_space height=&#8220;40px&#8220; el_class=&#8220;mobile-30&#8243;][\/vc_column][\/vc_row][vc_row el_class=&#8220;modul-4-row&#8220;][vc_column width=&#8220;1\/12&#8243;][\/vc_column][vc_column width=&#8220;10\/12&#8243; css=&#8220;.vc_custom_1581409526094{background-color: #f0f0f0 !important;}&#8220;][vc_row_inner][vc_column_inner width=&#8220;2\/12&#8243;][\/vc_column_inner][vc_column_inner width=&#8220;8\/12&#8243;][vc_empty_space height=&#8220;45px&#8220; el_class=&#8220;mobile-15&#8243;]\r\n\t\t\t<div class=\"lindt-headline algin-center    topline-gold \">\t\t<span class=\"topline\">JOBS<\/span>\t<h1>Offene Stellen im Lindt Home of Chocolate<\/h1>\r\n\t\t\t<\/div>\r\n\t\t\t[vc_column_text]<\/p>\n<p style=\"text-align: center;\">Wir erf\u00fcllen nicht nur Schokoladentr\u00e4ume, sondern vielleicht schon bald Ihre beruflichen Tr\u00e4ume.<\/p>\n<p style=\"text-align: center;\">Wir freuen uns auf Ihre Bewerbung!<\/p>\n<p>[\/vc_column_text][vc_empty_space height=&#8220;60px&#8220; el_class=&#8220;mobile-30&#8243;][\/vc_column_inner][vc_column_inner width=&#8220;2\/12&#8243;][\/vc_column_inner][\/vc_row_inner]\r\n\t\t\t<div class=\"lindt-btn algin-center btn-style-2  filter_30 \">\r\n\t\t\t\t<div class=\"lindt-btn-inner\">\r\n\t\t\t\t<a href=\"https:\/\/ohws.prospective.ch\/public\/v1\/careercenter\/1004870\/?lang=de&filter_30=1394833\" title=\"Zum Job-Portal\" target=\"_blank\" class=\"\">\r\n\t\t\t\t<span>ZUM JOB-PORTAL<\/span><\/a><\/div>\r\n\t\t\t<\/div>\r\n\t\t\t[vc_empty_space height=&#8220;50px&#8220; el_class=&#8220;mobile-30&#8243;][\/vc_column][vc_column width=&#8220;1\/12&#8243;][\/vc_column][\/vc_row][vc_row][vc_column][vc_empty_space height=&#8220;40px&#8220; el_class=&#8220;mobile-30&#8243;][\/vc_column][\/vc_row]<\/p>\n<\/div>","protected":false},"excerpt":{"rendered":"<p>[vc_row full_width=&#8220;stretch_row_content&#8220;][vc_column][\/vc_column][\/vc_row][vc_row][vc_column][vc_empty_space height=&#8220;40px&#8220; el_class=&#8220;mobile-30&#8243;][\/vc_column][\/vc_row][vc_row el_class=&#8220;modul-4-row&#8220;][vc_column width=&#8220;1\/12&#8243;][\/vc_column][vc_column width=&#8220;10\/12&#8243; css=&#8220;.vc_custom_1581409526094{background-color: #f0f0f0 !important;}&#8220;][vc_row_inner][vc_column_inner width=&#8220;2\/12&#8243;][\/vc_column_inner][vc_column_inner width=&#8220;8\/12&#8243;][vc_empty_space height=&#8220;45px&#8220; el_class=&#8220;mobile-15&#8243;][vc_column_text] Wir erf\u00fcllen nicht nur Schokoladentr\u00e4ume, sondern vielleicht schon bald Ihre beruflichen Tr\u00e4ume. Wir freuen uns auf Ihre Bewerbung! [\/vc_column_text][vc_empty_space height=&#8220;60px&#8220; el_class=&#8220;mobile-30&#8243;][\/vc_column_inner][vc_column_inner width=&#8220;2\/12&#8243;][\/vc_column_inner][\/vc_row_inner][vc_empty_space height=&#8220;50px&#8220; el_class=&#8220;mobile-30&#8243;][\/vc_column][vc_column width=&#8220;1\/12&#8243;][\/vc_column][\/vc_row][vc_row][vc_column][vc_empty_space height=&#8220;40px&#8220; el_class=&#8220;mobile-30&#8243;][\/vc_column][\/vc_row]<\/p>\n","protected":false},"author":3,"featured_media":0,"parent":0,"menu_order":0,"comment_status":"closed","ping_status":"closed","template":"fullwidth.php","meta":{"_acf_changed":false,"_relevanssi_hide_post":"","_relevanssi_hide_content":"","_relevanssi_pin_for_all":"","_relevanssi_pin_keywords":"","_relevanssi_unpin_keywords":"","_relevanssi_related_keywords":"","_relevanssi_related_include_ids":"","_relevanssi_related_exclude_ids":"","_relevanssi_related_no_append":"","_relevanssi_related_not_related":"","_relevanssi_related_posts":"","_relevanssi_noindex_reason":"","footnotes":""},"class_list":["post-574","page","type-page","status-publish","hentry"],"acf":[],"yoast_head":"<!-- This site is optimized with the Yoast SEO plugin v26.8 - https:\/\/yoast.com\/product\/yoast-seo-wordpress\/ -->\n<title>Jobs im Lindt Home of Chocolate<\/title>\n<meta name=\"description\" content=\"Erfahren Sie hier alles zu unseren offenen Stellen im Lindt Home of Chocolate und finden Sie vielleicht schon bald Ihren Traumjob.\" \/>\n<meta name=\"robots\" content=\"index, follow, max-snippet:-1, max-image-preview:large, max-video-preview:-1\" \/>\n<link rel=\"canonical\" href=\"https:\/\/www.lindt-home-of-chocolate.com\/de\/jobs\/\" \/>\n<meta property=\"og:locale\" content=\"de_DE\" \/>\n<meta property=\"og:type\" content=\"article\" \/>\n<meta property=\"og:title\" content=\"Jobs im Lindt Home of Chocolate\" \/>\n<meta property=\"og:description\" content=\"Erfahren Sie hier alles zu unseren offenen Stellen im Lindt Home of Chocolate und finden Sie vielleicht schon bald Ihren Traumjob.\" \/>\n<meta property=\"og:url\" content=\"https:\/\/www.lindt-home-of-chocolate.com\/de\/jobs\/\" \/>\n<meta property=\"og:site_name\" content=\"Lindt Home of Chocolate\" \/>\n<meta property=\"article:modified_time\" content=\"2022-07-13T08:20:29+00:00\" \/>\n<meta property=\"og:image\" content=\"https:\/\/www.lindt-home-of-chocolate.com\/wp-content\/uploads\/2020\/04\/jobs-facebook.jpg\" \/>\n\t<meta property=\"og:image:width\" content=\"1200\" \/>\n\t<meta property=\"og:image:height\" content=\"630\" \/>\n\t<meta property=\"og:image:type\" content=\"image\/jpeg\" \/>\n<meta name=\"twitter:card\" content=\"summary_large_image\" \/>\n<meta name=\"twitter:image\" content=\"https:\/\/www.lindt-home-of-chocolate.com\/wp-content\/uploads\/2020\/04\/jobs-twitter.jpg\" \/>\n<meta name=\"twitter:label1\" content=\"Gesch\u00e4tzte Lesezeit\" \/>\n\t<meta name=\"twitter:data1\" content=\"1\u00a0Minute\" \/>\n<script type=\"application\/ld+json\" class=\"yoast-schema-graph\">{\"@context\":\"https:\/\/schema.org\",\"@graph\":[{\"@type\":\"WebPage\",\"@id\":\"https:\/\/www.lindt-home-of-chocolate.com\/de\/jobs\/\",\"url\":\"https:\/\/www.lindt-home-of-chocolate.com\/de\/jobs\/\",\"name\":\"Jobs im Lindt Home of Chocolate\",\"isPartOf\":{\"@id\":\"https:\/\/www.lindt-home-of-chocolate.com\/de\/#website\"},\"datePublished\":\"2020-03-03T00:34:36+00:00\",\"dateModified\":\"2022-07-13T08:20:29+00:00\",\"description\":\"Erfahren Sie hier alles zu unseren offenen Stellen im Lindt Home of Chocolate und finden Sie vielleicht schon bald Ihren Traumjob.\",\"breadcrumb\":{\"@id\":\"https:\/\/www.lindt-home-of-chocolate.com\/de\/jobs\/#breadcrumb\"},\"inLanguage\":\"de\",\"potentialAction\":[{\"@type\":\"ReadAction\",\"target\":[\"https:\/\/www.lindt-home-of-chocolate.com\/de\/jobs\/\"]}]},{\"@type\":\"BreadcrumbList\",\"@id\":\"https:\/\/www.lindt-home-of-chocolate.com\/de\/jobs\/#breadcrumb\",\"itemListElement\":[{\"@type\":\"ListItem\",\"position\":1,\"name\":\"Startseite\",\"item\":\"https:\/\/www.lindt-home-of-chocolate.com\/de\/\"},{\"@type\":\"ListItem\",\"position\":2,\"name\":\"Jobs\"}]},{\"@type\":\"WebSite\",\"@id\":\"https:\/\/www.lindt-home-of-chocolate.com\/de\/#website\",\"url\":\"https:\/\/www.lindt-home-of-chocolate.com\/de\/\",\"name\":\"Lindt Home of Chocolate\",\"description\":\"Das Schokoladenmuseum\",\"potentialAction\":[{\"@type\":\"SearchAction\",\"target\":{\"@type\":\"EntryPoint\",\"urlTemplate\":\"https:\/\/www.lindt-home-of-chocolate.com\/de\/?s={search_term_string}\"},\"query-input\":{\"@type\":\"PropertyValueSpecification\",\"valueRequired\":true,\"valueName\":\"search_term_string\"}}],\"inLanguage\":\"de\"}]}<\/script>\n<!-- \/ Yoast SEO plugin. -->","yoast_head_json":{"title":"Jobs im Lindt Home of Chocolate","description":"Erfahren Sie hier alles zu unseren offenen Stellen im Lindt Home of Chocolate und finden Sie vielleicht schon bald Ihren Traumjob.","robots":{"index":"index","follow":"follow","max-snippet":"max-snippet:-1","max-image-preview":"max-image-preview:large","max-video-preview":"max-video-preview:-1"},"canonical":"https:\/\/www.lindt-home-of-chocolate.com\/de\/jobs\/","og_locale":"de_DE","og_type":"article","og_title":"Jobs im Lindt Home of Chocolate","og_description":"Erfahren Sie hier alles zu unseren offenen Stellen im Lindt Home of Chocolate und finden Sie vielleicht schon bald Ihren Traumjob.","og_url":"https:\/\/www.lindt-home-of-chocolate.com\/de\/jobs\/","og_site_name":"Lindt Home of Chocolate","article_modified_time":"2022-07-13T08:20:29+00:00","og_image":[{"width":1200,"height":630,"url":"https:\/\/www.lindt-home-of-chocolate.com\/wp-content\/uploads\/2020\/04\/jobs-facebook.jpg","type":"image\/jpeg"}],"twitter_card":"summary_large_image","twitter_image":"https:\/\/www.lindt-home-of-chocolate.com\/wp-content\/uploads\/2020\/04\/jobs-twitter.jpg","twitter_misc":{"Gesch\u00e4tzte Lesezeit":"1\u00a0Minute"},"schema":{"@context":"https:\/\/schema.org","@graph":[{"@type":"WebPage","@id":"https:\/\/www.lindt-home-of-chocolate.com\/de\/jobs\/","url":"https:\/\/www.lindt-home-of-chocolate.com\/de\/jobs\/","name":"Jobs im Lindt Home of Chocolate","isPartOf":{"@id":"https:\/\/www.lindt-home-of-chocolate.com\/de\/#website"},"datePublished":"2020-03-03T00:34:36+00:00","dateModified":"2022-07-13T08:20:29+00:00","description":"Erfahren Sie hier alles zu unseren offenen Stellen im Lindt Home of Chocolate und finden Sie vielleicht schon bald Ihren Traumjob.","breadcrumb":{"@id":"https:\/\/www.lindt-home-of-chocolate.com\/de\/jobs\/#breadcrumb"},"inLanguage":"de","potentialAction":[{"@type":"ReadAction","target":["https:\/\/www.lindt-home-of-chocolate.com\/de\/jobs\/"]}]},{"@type":"BreadcrumbList","@id":"https:\/\/www.lindt-home-of-chocolate.com\/de\/jobs\/#breadcrumb","itemListElement":[{"@type":"ListItem","position":1,"name":"Startseite","item":"https:\/\/www.lindt-home-of-chocolate.com\/de\/"},{"@type":"ListItem","position":2,"name":"Jobs"}]},{"@type":"WebSite","@id":"https:\/\/www.lindt-home-of-chocolate.com\/de\/#website","url":"https:\/\/www.lindt-home-of-chocolate.com\/de\/","name":"Lindt Home of Chocolate","description":"Das Schokoladenmuseum","potentialAction":[{"@type":"SearchAction","target":{"@type":"EntryPoint","urlTemplate":"https:\/\/www.lindt-home-of-chocolate.com\/de\/?s={search_term_string}"},"query-input":{"@type":"PropertyValueSpecification","valueRequired":true,"valueName":"search_term_string"}}],"inLanguage":"de"}]}},"_links":{"self":[{"href":"https:\/\/www.lindt-home-of-chocolate.com\/de\/wp-json\/wp\/v2\/pages\/574","targetHints":{"allow":["GET"]}}],"collection":[{"href":"https:\/\/www.lindt-home-of-chocolate.com\/de\/wp-json\/wp\/v2\/pages"}],"about":[{"href":"https:\/\/www.lindt-home-of-chocolate.com\/de\/wp-json\/wp\/v2\/types\/page"}],"author":[{"embeddable":true,"href":"https:\/\/www.lindt-home-of-chocolate.com\/de\/wp-json\/wp\/v2\/users\/3"}],"replies":[{"embeddable":true,"href":"https:\/\/www.lindt-home-of-chocolate.com\/de\/wp-json\/wp\/v2\/comments?post=574"}],"version-history":[{"count":17,"href":"https:\/\/www.lindt-home-of-chocolate.com\/de\/wp-json\/wp\/v2\/pages\/574\/revisions"}],"predecessor-version":[{"id":10525,"href":"https:\/\/www.lindt-home-of-chocolate.com\/de\/wp-json\/wp\/v2\/pages\/574\/revisions\/10525"}],"wp:attachment":[{"href":"https:\/\/www.lindt-home-of-chocolate.com\/de\/wp-json\/wp\/v2\/media?parent=574"}],"curies":[{"name":"wp","href":"https:\/\/api.w.org\/{rel}","templated":true}]}}