{"id":582,"date":"2020-03-03T01:43:11","date_gmt":"2020-03-03T00:43:11","guid":{"rendered":"https:\/\/www.lindt-home-of-chocolate.com\/?page_id=582"},"modified":"2022-03-05T18:49:24","modified_gmt":"2022-03-05T17:49:24","slug":"impressum","status":"publish","type":"page","link":"https:\/\/www.lindt-home-of-chocolate.com\/de\/impressum\/","title":{"rendered":"Impressum"},"content":{"rendered":"<div class=\"wpb-content-wrapper\"><p>[vc_row full_width=&#8220;stretch_row_content&#8220;][vc_column]\r\n\t\t\t<div id=\"hero\" class=\"no-lazyload\"  style=\"background-image: url(https:\/\/www.lindt-home-of-chocolate.com\/wp-content\/uploads\/2020\/04\/kakaobohne-1920x640-1.jpg); background-position: center center; background-size: cover; background-repreat: no-repeat; display: block; \"  ><\/div>\r\n\t\t\t\t<style>\r\n\t\t\t\t@media only screen and (max-width: 767.98px) {\r\n\t\t\t\t\t#hero {\r\n\t\t\t\t\t\tbackground-image: url(https:\/\/www.lindt-home-of-chocolate.com\/wp-content\/uploads\/2020\/04\/kakaobohne-767x607-1.jpg) !important;\r\n\t\t\t\t\t}\r\n\t\t\t\t}\t\r\n\t\t\t\t<\/style>\r\n\t\t\t[\/vc_column][\/vc_row][vc_row el_class=&#8220;modul-4-row&#8220;][vc_column width=&#8220;2\/12&#8243;][\/vc_column][vc_column width=&#8220;8\/12&#8243;][vc_empty_space height=&#8220;45px&#8220; el_class=&#8220;mobile-15&#8243;]\r\n\t\t\t<div class=\"lindt-headline algin-center    topline-gold \">\t\t<span class=\"topline\">IMPRESSUM<\/span>\t<h1>Herausgeber der Seite<\/h1>\r\n\t\t\t<\/div>\r\n\t\t\t[vc_column_text]<\/p>\n<p style=\"text-align: center;\"><strong>Lindt Chocolate Competence Foundation<\/strong><br \/>\nSchokoladenplatz 1<br \/>\n8802 Kilchberg<br \/>\nwww.lindt-home-of-chocolate.ch<\/p>\n<p>[\/vc_column_text][vc_empty_space height=&#8220;40px&#8220; el_class=&#8220;spacer-20&#8243;][vc_column_text]<\/p>\n<p style=\"text-align: center;\">Konzeption, Gestaltung &amp; Umsetzung Website: Ogilvy AG, Z\u00fcrich<\/p>\n<p>[\/vc_column_text][vc_empty_space height=&#8220;40px&#8220; el_class=&#8220;spacer-20&#8243;]\r\n\t\t\t<div class=\"lindt-headline algin-center    topline-gold \">\t<h2>Das Lindt Home of Chocolate wurde realisiert durch<\/h2>\r\n\t\t\t<\/div>\r\n\t\t\t[vc_column_text]<\/p>\n<p style=\"text-align: center;\">Bauherr: Lindt Chocolate Competence Foundation, Kilchberg<\/p>\n<p style=\"text-align: center;\">Architektur: Christ &amp; Gantenbein, Basel<\/p>\n<p style=\"text-align: center;\">Ausstellungsgestaltung: ATELIER BR\u00dcCKNER GmbH, Stuttgart<\/p>\n<p style=\"text-align: center;\">Interior Design f\u00fcr Caf\u00e9, Lounge &amp; Chocolateria: atelier z\u00fcrich gmbh, Z\u00fcrich<\/p>\n<p style=\"text-align: center;\">Generalunternehmung Bau: EIFFAGE SUISSE AG, Kloten<\/p>\n<p>[\/vc_column_text][vc_empty_space height=&#8220;20px&#8220; el_class=&#8220;spacer-20&#8243;][vc_empty_space height=&#8220;20px&#8220; el_class=&#8220;spacer-20&#8243;]\r\n\t\t\t<div class=\"lindt-btn algin-center btn-style-1   \">\r\n\t\t\t\t<div class=\"lindt-btn-inner\">\r\n\t\t\t\t<a href=\"https:\/\/www.lindt-home-of-chocolate.com\/de\/kontakt\/#kontakt\" title=\"Zum Kontaktformular\" target=\"\" class=\"\">\r\n\t\t\t\t<span>ZUM KONTAKTFORMULAR<\/span><\/a><\/div>\r\n\t\t\t<\/div>\r\n\t\t\t[vc_empty_space height=&#8220;50px&#8220; el_class=&#8220;mobile-30&#8243;][\/vc_column][vc_column width=&#8220;2\/12&#8243;][\/vc_column][\/vc_row][vc_row][vc_column][vc_empty_space height=&#8220;40px&#8220; el_class=&#8220;hide-mobile&#8220;][\/vc_column][\/vc_row]<\/p>\n<\/div>","protected":false},"excerpt":{"rendered":"<p>[vc_row full_width=&#8220;stretch_row_content&#8220;][vc_column][\/vc_column][\/vc_row][vc_row el_class=&#8220;modul-4-row&#8220;][vc_column width=&#8220;2\/12&#8243;][\/vc_column][vc_column width=&#8220;8\/12&#8243;][vc_empty_space height=&#8220;45px&#8220; el_class=&#8220;mobile-15&#8243;][vc_column_text] Lindt Chocolate Competence Foundation Schokoladenplatz 1 8802 Kilchberg www.lindt-home-of-chocolate.ch [\/vc_column_text][vc_empty_space height=&#8220;40px&#8220; el_class=&#8220;spacer-20&#8243;][vc_column_text] Konzeption, Gestaltung &amp; Umsetzung Website: Ogilvy AG, Z\u00fcrich [\/vc_column_text][vc_empty_space height=&#8220;40px&#8220; el_class=&#8220;spacer-20&#8243;][vc_column_text] Bauherr: Lindt Chocolate Competence Foundation, Kilchberg Architektur: Christ &amp; Gantenbein, Basel Ausstellungsgestaltung: ATELIER BR\u00dcCKNER GmbH, Stuttgart Interior Design f\u00fcr Caf\u00e9, Lounge &amp; Chocolateria: atelier z\u00fcrich [&hellip;]<\/p>\n","protected":false},"author":3,"featured_media":0,"parent":0,"menu_order":0,"comment_status":"closed","ping_status":"closed","template":"fullwidth.php","meta":{"_acf_changed":false,"_relevanssi_hide_post":"","_relevanssi_hide_content":"","_relevanssi_pin_for_all":"","_relevanssi_pin_keywords":"","_relevanssi_unpin_keywords":"","_relevanssi_related_keywords":"","_relevanssi_related_include_ids":"","_relevanssi_related_exclude_ids":"","_relevanssi_related_no_append":"","_relevanssi_related_not_related":"","_relevanssi_related_posts":"","_relevanssi_noindex_reason":"","footnotes":""},"class_list":["post-582","page","type-page","status-publish","hentry"],"acf":[],"yoast_head":"<!-- This site is optimized with the Yoast SEO plugin v26.8 - https:\/\/yoast.com\/product\/yoast-seo-wordpress\/ -->\n<title>Impressum des Lindt Home of Chocolate<\/title>\n<meta name=\"description\" content=\"Erfahren Sie hier im Impressum, wer Herausgeber der Website des Lindt Home of Chocolate ist und wie Sie uns erreichen.\" \/>\n<meta name=\"robots\" content=\"index, follow, max-snippet:-1, max-image-preview:large, max-video-preview:-1\" \/>\n<link rel=\"canonical\" href=\"https:\/\/www.lindt-home-of-chocolate.com\/de\/impressum\/\" \/>\n<meta property=\"og:locale\" content=\"de_DE\" \/>\n<meta property=\"og:type\" content=\"article\" \/>\n<meta property=\"og:title\" content=\"Impressum des Lindt Home of Chocolate\" \/>\n<meta property=\"og:description\" content=\"Erfahren Sie hier im Impressum, wer Herausgeber der Website des Lindt Home of Chocolate ist und wie Sie uns erreichen.\" \/>\n<meta property=\"og:url\" content=\"https:\/\/www.lindt-home-of-chocolate.com\/de\/impressum\/\" \/>\n<meta property=\"og:site_name\" content=\"Lindt Home of Chocolate\" \/>\n<meta property=\"article:modified_time\" content=\"2022-03-05T17:49:24+00:00\" \/>\n<meta name=\"twitter:card\" content=\"summary_large_image\" \/>\n<meta name=\"twitter:label1\" content=\"Gesch\u00e4tzte Lesezeit\" \/>\n\t<meta name=\"twitter:data1\" content=\"1\u00a0Minute\" \/>\n<script type=\"application\/ld+json\" class=\"yoast-schema-graph\">{\"@context\":\"https:\/\/schema.org\",\"@graph\":[{\"@type\":\"WebPage\",\"@id\":\"https:\/\/www.lindt-home-of-chocolate.com\/de\/impressum\/\",\"url\":\"https:\/\/www.lindt-home-of-chocolate.com\/de\/impressum\/\",\"name\":\"Impressum des Lindt Home of Chocolate\",\"isPartOf\":{\"@id\":\"https:\/\/www.lindt-home-of-chocolate.com\/de\/#website\"},\"datePublished\":\"2020-03-03T00:43:11+00:00\",\"dateModified\":\"2022-03-05T17:49:24+00:00\",\"description\":\"Erfahren Sie hier im Impressum, wer Herausgeber der Website des Lindt Home of Chocolate ist und wie Sie uns erreichen.\",\"breadcrumb\":{\"@id\":\"https:\/\/www.lindt-home-of-chocolate.com\/de\/impressum\/#breadcrumb\"},\"inLanguage\":\"de\",\"potentialAction\":[{\"@type\":\"ReadAction\",\"target\":[\"https:\/\/www.lindt-home-of-chocolate.com\/de\/impressum\/\"]}]},{\"@type\":\"BreadcrumbList\",\"@id\":\"https:\/\/www.lindt-home-of-chocolate.com\/de\/impressum\/#breadcrumb\",\"itemListElement\":[{\"@type\":\"ListItem\",\"position\":1,\"name\":\"Startseite\",\"item\":\"https:\/\/www.lindt-home-of-chocolate.com\/de\/\"},{\"@type\":\"ListItem\",\"position\":2,\"name\":\"Impressum\"}]},{\"@type\":\"WebSite\",\"@id\":\"https:\/\/www.lindt-home-of-chocolate.com\/de\/#website\",\"url\":\"https:\/\/www.lindt-home-of-chocolate.com\/de\/\",\"name\":\"Lindt Home of Chocolate\",\"description\":\"Das Schokoladenmuseum\",\"potentialAction\":[{\"@type\":\"SearchAction\",\"target\":{\"@type\":\"EntryPoint\",\"urlTemplate\":\"https:\/\/www.lindt-home-of-chocolate.com\/de\/?s={search_term_string}\"},\"query-input\":{\"@type\":\"PropertyValueSpecification\",\"valueRequired\":true,\"valueName\":\"search_term_string\"}}],\"inLanguage\":\"de\"}]}<\/script>\n<!-- \/ Yoast SEO plugin. -->","yoast_head_json":{"title":"Impressum des Lindt Home of Chocolate","description":"Erfahren Sie hier im Impressum, wer Herausgeber der Website des Lindt Home of Chocolate ist und wie Sie uns erreichen.","robots":{"index":"index","follow":"follow","max-snippet":"max-snippet:-1","max-image-preview":"max-image-preview:large","max-video-preview":"max-video-preview:-1"},"canonical":"https:\/\/www.lindt-home-of-chocolate.com\/de\/impressum\/","og_locale":"de_DE","og_type":"article","og_title":"Impressum des Lindt Home of Chocolate","og_description":"Erfahren Sie hier im Impressum, wer Herausgeber der Website des Lindt Home of Chocolate ist und wie Sie uns erreichen.","og_url":"https:\/\/www.lindt-home-of-chocolate.com\/de\/impressum\/","og_site_name":"Lindt Home of Chocolate","article_modified_time":"2022-03-05T17:49:24+00:00","twitter_card":"summary_large_image","twitter_misc":{"Gesch\u00e4tzte Lesezeit":"1\u00a0Minute"},"schema":{"@context":"https:\/\/schema.org","@graph":[{"@type":"WebPage","@id":"https:\/\/www.lindt-home-of-chocolate.com\/de\/impressum\/","url":"https:\/\/www.lindt-home-of-chocolate.com\/de\/impressum\/","name":"Impressum des Lindt Home of Chocolate","isPartOf":{"@id":"https:\/\/www.lindt-home-of-chocolate.com\/de\/#website"},"datePublished":"2020-03-03T00:43:11+00:00","dateModified":"2022-03-05T17:49:24+00:00","description":"Erfahren Sie hier im Impressum, wer Herausgeber der Website des Lindt Home of Chocolate ist und wie Sie uns erreichen.","breadcrumb":{"@id":"https:\/\/www.lindt-home-of-chocolate.com\/de\/impressum\/#breadcrumb"},"inLanguage":"de","potentialAction":[{"@type":"ReadAction","target":["https:\/\/www.lindt-home-of-chocolate.com\/de\/impressum\/"]}]},{"@type":"BreadcrumbList","@id":"https:\/\/www.lindt-home-of-chocolate.com\/de\/impressum\/#breadcrumb","itemListElement":[{"@type":"ListItem","position":1,"name":"Startseite","item":"https:\/\/www.lindt-home-of-chocolate.com\/de\/"},{"@type":"ListItem","position":2,"name":"Impressum"}]},{"@type":"WebSite","@id":"https:\/\/www.lindt-home-of-chocolate.com\/de\/#website","url":"https:\/\/www.lindt-home-of-chocolate.com\/de\/","name":"Lindt Home of Chocolate","description":"Das Schokoladenmuseum","potentialAction":[{"@type":"SearchAction","target":{"@type":"EntryPoint","urlTemplate":"https:\/\/www.lindt-home-of-chocolate.com\/de\/?s={search_term_string}"},"query-input":{"@type":"PropertyValueSpecification","valueRequired":true,"valueName":"search_term_string"}}],"inLanguage":"de"}]}},"_links":{"self":[{"href":"https:\/\/www.lindt-home-of-chocolate.com\/de\/wp-json\/wp\/v2\/pages\/582","targetHints":{"allow":["GET"]}}],"collection":[{"href":"https:\/\/www.lindt-home-of-chocolate.com\/de\/wp-json\/wp\/v2\/pages"}],"about":[{"href":"https:\/\/www.lindt-home-of-chocolate.com\/de\/wp-json\/wp\/v2\/types\/page"}],"author":[{"embeddable":true,"href":"https:\/\/www.lindt-home-of-chocolate.com\/de\/wp-json\/wp\/v2\/users\/3"}],"replies":[{"embeddable":true,"href":"https:\/\/www.lindt-home-of-chocolate.com\/de\/wp-json\/wp\/v2\/comments?post=582"}],"version-history":[{"count":24,"href":"https:\/\/www.lindt-home-of-chocolate.com\/de\/wp-json\/wp\/v2\/pages\/582\/revisions"}],"predecessor-version":[{"id":9663,"href":"https:\/\/www.lindt-home-of-chocolate.com\/de\/wp-json\/wp\/v2\/pages\/582\/revisions\/9663"}],"wp:attachment":[{"href":"https:\/\/www.lindt-home-of-chocolate.com\/de\/wp-json\/wp\/v2\/media?parent=582"}],"curies":[{"name":"wp","href":"https:\/\/api.w.org\/{rel}","templated":true}]}}