{"id":595,"date":"2020-03-03T01:56:24","date_gmt":"2020-03-03T00:56:24","guid":{"rendered":"https:\/\/www.lindt-home-of-chocolate.com\/?page_id=595"},"modified":"2022-11-07T14:38:14","modified_gmt":"2022-11-07T13:38:14","slug":"lindt-chocolate-competence-foundation","status":"publish","type":"page","link":"https:\/\/www.lindt-home-of-chocolate.com\/de\/lindt-chocolate-competence-foundation\/","title":{"rendered":"Lindt Chocolate Competence Foundation"},"content":{"rendered":"<div class=\"wpb-content-wrapper\"><p>[vc_row full_width=&#8220;stretch_row_content&#8220;][vc_column]\r\n\t\t\t<div id=\"hero\" class=\"no-lazyload\"  style=\"background-image: url(https:\/\/www.lindt-home-of-chocolate.com\/wp-content\/uploads\/2020\/04\/eingangsbereich-lindt-home-of-chocolate-1920x640-1.jpg); background-position: center center; background-size: cover; background-repreat: no-repeat; display: block; \"  ><\/div>\r\n\t\t\t\t<style>\r\n\t\t\t\t@media only screen and (max-width: 767.98px) {\r\n\t\t\t\t\t#hero {\r\n\t\t\t\t\t\tbackground-image: url(https:\/\/www.lindt-home-of-chocolate.com\/wp-content\/uploads\/2020\/04\/eingangsbereich-lindt-home-of-chocolate-767x607-1.jpg) !important;\r\n\t\t\t\t\t}\r\n\t\t\t\t}\t\r\n\t\t\t\t<\/style>\r\n\t\t\t[\/vc_column][\/vc_row][vc_row el_class=&#8220;modul-4-row&#8220;][vc_column width=&#8220;2\/12&#8243;][\/vc_column][vc_column width=&#8220;8\/12&#8243;][vc_empty_space height=&#8220;45px&#8220; el_class=&#8220;mobile-15&#8243;]\r\n\t\t\t<div class=\"lindt-headline algin-center    topline-gold \">\t\t<span class=\"topline\">LINDT CHOCOLATE COMPETENCE FOUNDATION<\/span>\t<h1>Eine Schweizer Schokoladenstiftung<\/h1>\r\n\t\t\t<\/div>\r\n\t\t\t[vc_column_text]<\/p>\n<p style=\"text-align: center;\">Die 2013 in Kilchberg ZH gegr\u00fcndete <strong>Lindt Chocolate Competence Foundation<\/strong> hat das Ziel, den Schokoladenstandort Schweiz langfristig zu sichern um die Schweizer Schokoladenkompetenz weiter zu verankern. Der Zweck der Stiftung besteht in der gemeinn\u00fctzigen F\u00f6rderung von Wissenschaft und Forschung, Ausbildung, Kultur und Information der \u00d6ffentlichkeit rund um die Schokolade.<\/p>\n<p>&nbsp;<\/p>\n<p style=\"text-align: center;\">Als Hauptprojekt betreibt die Stiftung das Lindt Home of Chocolate. Mit diesem Kompetenzzentrum entstand in Kilchberg eine Infrastruktur (Museum und Forschungsanlage), die es erm\u00f6glicht das Wissen und die Kompetenz in Bezug auf die Schokoladenherstellung weiter auszubauen und den guten Ruf der Schweizer Schokolade f\u00fcr Besucher aus der ganzen Welt erlebbar zu machen.<\/p>\n<p>[\/vc_column_text][vc_empty_space height=&#8220;50px&#8220; el_class=&#8220;mobile-30&#8243;][vc_single_image image=&#8220;3637&#8243; img_size=&#8220;500&#215;269&#8243; alignment=&#8220;center&#8220;][\/vc_column][vc_column width=&#8220;2\/12&#8243;][\/vc_column][\/vc_row][vc_row][vc_column][vc_empty_space height=&#8220;60px&#8220; el_class=&#8220;mobile-30&#8243;][\/vc_column][\/vc_row]<\/p>\n<\/div>","protected":false},"excerpt":{"rendered":"<p>[vc_row full_width=&#8220;stretch_row_content&#8220;][vc_column][\/vc_column][\/vc_row][vc_row el_class=&#8220;modul-4-row&#8220;][vc_column width=&#8220;2\/12&#8243;][\/vc_column][vc_column width=&#8220;8\/12&#8243;][vc_empty_space height=&#8220;45px&#8220; el_class=&#8220;mobile-15&#8243;][vc_column_text] Die 2013 in Kilchberg ZH gegr\u00fcndete Lindt Chocolate Competence Foundation hat das Ziel, den Schokoladenstandort Schweiz langfristig zu sichern um die Schweizer Schokoladenkompetenz weiter zu verankern. Der Zweck der Stiftung besteht in der gemeinn\u00fctzigen F\u00f6rderung von Wissenschaft und Forschung, Ausbildung, Kultur und Information der \u00d6ffentlichkeit rund um die [&hellip;]<\/p>\n","protected":false},"author":3,"featured_media":0,"parent":0,"menu_order":0,"comment_status":"closed","ping_status":"closed","template":"fullwidth.php","meta":{"_acf_changed":false,"_relevanssi_hide_post":"","_relevanssi_hide_content":"","_relevanssi_pin_for_all":"","_relevanssi_pin_keywords":"","_relevanssi_unpin_keywords":"","_relevanssi_related_keywords":"","_relevanssi_related_include_ids":"","_relevanssi_related_exclude_ids":"","_relevanssi_related_no_append":"","_relevanssi_related_not_related":"","_relevanssi_related_posts":"","_relevanssi_noindex_reason":"","footnotes":""},"class_list":["post-595","page","type-page","status-publish","hentry"],"acf":[],"yoast_head":"<!-- This site is optimized with the Yoast SEO plugin v26.8 - https:\/\/yoast.com\/product\/yoast-seo-wordpress\/ -->\n<title>Die Stiftung \u00abLindt Chocolate Competence Foundation\u00bb<\/title>\n<meta name=\"description\" content=\"Die gemeinn\u00fctzige Stiftung st\u00e4rkt den Schokoladenstandort Schweiz und hat das Lindt Home of Chocolate realisiert und finanziert.\" \/>\n<meta name=\"robots\" content=\"index, follow, max-snippet:-1, max-image-preview:large, max-video-preview:-1\" \/>\n<link rel=\"canonical\" href=\"https:\/\/www.lindt-home-of-chocolate.com\/de\/lindt-chocolate-competence-foundation\/\" \/>\n<meta property=\"og:locale\" content=\"de_DE\" \/>\n<meta property=\"og:type\" content=\"article\" \/>\n<meta property=\"og:title\" content=\"Die Stiftung \u00abLindt Chocolate Competence Foundation\u00bb\" \/>\n<meta property=\"og:description\" content=\"Die gemeinn\u00fctzige Stiftung st\u00e4rkt den Schokoladenstandort Schweiz und hat das Lindt Home of Chocolate realisiert und finanziert.\" \/>\n<meta property=\"og:url\" content=\"https:\/\/www.lindt-home-of-chocolate.com\/de\/lindt-chocolate-competence-foundation\/\" \/>\n<meta property=\"og:site_name\" content=\"Lindt Home of Chocolate\" \/>\n<meta property=\"article:modified_time\" content=\"2022-11-07T13:38:14+00:00\" \/>\n<meta property=\"og:image\" content=\"https:\/\/www.lindt-home-of-chocolate.com\/wp-content\/uploads\/2020\/04\/stiftung-facebook.jpg\" \/>\n\t<meta property=\"og:image:width\" content=\"1200\" \/>\n\t<meta property=\"og:image:height\" content=\"630\" \/>\n\t<meta property=\"og:image:type\" content=\"image\/jpeg\" \/>\n<meta name=\"twitter:card\" content=\"summary_large_image\" \/>\n<meta name=\"twitter:image\" content=\"https:\/\/www.lindt-home-of-chocolate.com\/wp-content\/uploads\/2020\/04\/stiftung-twitter.jpg\" \/>\n<meta name=\"twitter:label1\" content=\"Gesch\u00e4tzte Lesezeit\" \/>\n\t<meta name=\"twitter:data1\" content=\"1\u00a0Minute\" \/>\n<script type=\"application\/ld+json\" class=\"yoast-schema-graph\">{\"@context\":\"https:\/\/schema.org\",\"@graph\":[{\"@type\":\"WebPage\",\"@id\":\"https:\/\/www.lindt-home-of-chocolate.com\/de\/lindt-chocolate-competence-foundation\/\",\"url\":\"https:\/\/www.lindt-home-of-chocolate.com\/de\/lindt-chocolate-competence-foundation\/\",\"name\":\"Die Stiftung \u00abLindt Chocolate Competence Foundation\u00bb\",\"isPartOf\":{\"@id\":\"https:\/\/www.lindt-home-of-chocolate.com\/de\/#website\"},\"datePublished\":\"2020-03-03T00:56:24+00:00\",\"dateModified\":\"2022-11-07T13:38:14+00:00\",\"description\":\"Die gemeinn\u00fctzige Stiftung st\u00e4rkt den Schokoladenstandort Schweiz und hat das Lindt Home of Chocolate realisiert und finanziert.\",\"breadcrumb\":{\"@id\":\"https:\/\/www.lindt-home-of-chocolate.com\/de\/lindt-chocolate-competence-foundation\/#breadcrumb\"},\"inLanguage\":\"de\",\"potentialAction\":[{\"@type\":\"ReadAction\",\"target\":[\"https:\/\/www.lindt-home-of-chocolate.com\/de\/lindt-chocolate-competence-foundation\/\"]}]},{\"@type\":\"BreadcrumbList\",\"@id\":\"https:\/\/www.lindt-home-of-chocolate.com\/de\/lindt-chocolate-competence-foundation\/#breadcrumb\",\"itemListElement\":[{\"@type\":\"ListItem\",\"position\":1,\"name\":\"Startseite\",\"item\":\"https:\/\/www.lindt-home-of-chocolate.com\/de\/\"},{\"@type\":\"ListItem\",\"position\":2,\"name\":\"Lindt Chocolate Competence Foundation\"}]},{\"@type\":\"WebSite\",\"@id\":\"https:\/\/www.lindt-home-of-chocolate.com\/de\/#website\",\"url\":\"https:\/\/www.lindt-home-of-chocolate.com\/de\/\",\"name\":\"Lindt Home of Chocolate\",\"description\":\"Das Schokoladenmuseum\",\"potentialAction\":[{\"@type\":\"SearchAction\",\"target\":{\"@type\":\"EntryPoint\",\"urlTemplate\":\"https:\/\/www.lindt-home-of-chocolate.com\/de\/?s={search_term_string}\"},\"query-input\":{\"@type\":\"PropertyValueSpecification\",\"valueRequired\":true,\"valueName\":\"search_term_string\"}}],\"inLanguage\":\"de\"}]}<\/script>\n<!-- \/ Yoast SEO plugin. -->","yoast_head_json":{"title":"Die Stiftung \u00abLindt Chocolate Competence Foundation\u00bb","description":"Die gemeinn\u00fctzige Stiftung st\u00e4rkt den Schokoladenstandort Schweiz und hat das Lindt Home of Chocolate realisiert und finanziert.","robots":{"index":"index","follow":"follow","max-snippet":"max-snippet:-1","max-image-preview":"max-image-preview:large","max-video-preview":"max-video-preview:-1"},"canonical":"https:\/\/www.lindt-home-of-chocolate.com\/de\/lindt-chocolate-competence-foundation\/","og_locale":"de_DE","og_type":"article","og_title":"Die Stiftung \u00abLindt Chocolate Competence Foundation\u00bb","og_description":"Die gemeinn\u00fctzige Stiftung st\u00e4rkt den Schokoladenstandort Schweiz und hat das Lindt Home of Chocolate realisiert und finanziert.","og_url":"https:\/\/www.lindt-home-of-chocolate.com\/de\/lindt-chocolate-competence-foundation\/","og_site_name":"Lindt Home of Chocolate","article_modified_time":"2022-11-07T13:38:14+00:00","og_image":[{"width":1200,"height":630,"url":"https:\/\/www.lindt-home-of-chocolate.com\/wp-content\/uploads\/2020\/04\/stiftung-facebook.jpg","type":"image\/jpeg"}],"twitter_card":"summary_large_image","twitter_image":"https:\/\/www.lindt-home-of-chocolate.com\/wp-content\/uploads\/2020\/04\/stiftung-twitter.jpg","twitter_misc":{"Gesch\u00e4tzte Lesezeit":"1\u00a0Minute"},"schema":{"@context":"https:\/\/schema.org","@graph":[{"@type":"WebPage","@id":"https:\/\/www.lindt-home-of-chocolate.com\/de\/lindt-chocolate-competence-foundation\/","url":"https:\/\/www.lindt-home-of-chocolate.com\/de\/lindt-chocolate-competence-foundation\/","name":"Die Stiftung \u00abLindt Chocolate Competence Foundation\u00bb","isPartOf":{"@id":"https:\/\/www.lindt-home-of-chocolate.com\/de\/#website"},"datePublished":"2020-03-03T00:56:24+00:00","dateModified":"2022-11-07T13:38:14+00:00","description":"Die gemeinn\u00fctzige Stiftung st\u00e4rkt den Schokoladenstandort Schweiz und hat das Lindt Home of Chocolate realisiert und finanziert.","breadcrumb":{"@id":"https:\/\/www.lindt-home-of-chocolate.com\/de\/lindt-chocolate-competence-foundation\/#breadcrumb"},"inLanguage":"de","potentialAction":[{"@type":"ReadAction","target":["https:\/\/www.lindt-home-of-chocolate.com\/de\/lindt-chocolate-competence-foundation\/"]}]},{"@type":"BreadcrumbList","@id":"https:\/\/www.lindt-home-of-chocolate.com\/de\/lindt-chocolate-competence-foundation\/#breadcrumb","itemListElement":[{"@type":"ListItem","position":1,"name":"Startseite","item":"https:\/\/www.lindt-home-of-chocolate.com\/de\/"},{"@type":"ListItem","position":2,"name":"Lindt Chocolate Competence Foundation"}]},{"@type":"WebSite","@id":"https:\/\/www.lindt-home-of-chocolate.com\/de\/#website","url":"https:\/\/www.lindt-home-of-chocolate.com\/de\/","name":"Lindt Home of Chocolate","description":"Das Schokoladenmuseum","potentialAction":[{"@type":"SearchAction","target":{"@type":"EntryPoint","urlTemplate":"https:\/\/www.lindt-home-of-chocolate.com\/de\/?s={search_term_string}"},"query-input":{"@type":"PropertyValueSpecification","valueRequired":true,"valueName":"search_term_string"}}],"inLanguage":"de"}]}},"_links":{"self":[{"href":"https:\/\/www.lindt-home-of-chocolate.com\/de\/wp-json\/wp\/v2\/pages\/595","targetHints":{"allow":["GET"]}}],"collection":[{"href":"https:\/\/www.lindt-home-of-chocolate.com\/de\/wp-json\/wp\/v2\/pages"}],"about":[{"href":"https:\/\/www.lindt-home-of-chocolate.com\/de\/wp-json\/wp\/v2\/types\/page"}],"author":[{"embeddable":true,"href":"https:\/\/www.lindt-home-of-chocolate.com\/de\/wp-json\/wp\/v2\/users\/3"}],"replies":[{"embeddable":true,"href":"https:\/\/www.lindt-home-of-chocolate.com\/de\/wp-json\/wp\/v2\/comments?post=595"}],"version-history":[{"count":21,"href":"https:\/\/www.lindt-home-of-chocolate.com\/de\/wp-json\/wp\/v2\/pages\/595\/revisions"}],"predecessor-version":[{"id":11022,"href":"https:\/\/www.lindt-home-of-chocolate.com\/de\/wp-json\/wp\/v2\/pages\/595\/revisions\/11022"}],"wp:attachment":[{"href":"https:\/\/www.lindt-home-of-chocolate.com\/de\/wp-json\/wp\/v2\/media?parent=595"}],"curies":[{"name":"wp","href":"https:\/\/api.w.org\/{rel}","templated":true}]}}