{"id":6459,"date":"2020-07-21T09:53:22","date_gmt":"2020-07-21T07:53:22","guid":{"rendered":"https:\/\/www.lindt-home-of-chocolate.com\/?page_id=6459"},"modified":"2022-10-27T11:47:07","modified_gmt":"2022-10-27T09:47:07","slug":"kooperationspartner","status":"publish","type":"page","link":"https:\/\/www.lindt-home-of-chocolate.com\/de\/tickets-und-preise\/kooperationspartner\/","title":{"rendered":"Kooperationspartner"},"content":{"rendered":"<div class=\"wpb-content-wrapper\"><p>[vc_row full_width=&#8220;stretch_row_content&#8220;][vc_column]\r\n\t\t\t<div id=\"hero\" class=\"no-lazyload\"  style=\"background-image: url(https:\/\/www.lindt-home-of-chocolate.com\/wp-content\/uploads\/2021\/01\/ZH_1920x640.jpg); background-position: center center; background-size: cover; background-repreat: no-repeat; display: block; \"  ><\/div>\r\n\t\t\t\t<style>\r\n\t\t\t\t@media only screen and (max-width: 767.98px) {\r\n\t\t\t\t\t#hero {\r\n\t\t\t\t\t\tbackground-image: url(https:\/\/www.lindt-home-of-chocolate.com\/wp-content\/uploads\/2021\/01\/ZH_767x607.jpg) !important;\r\n\t\t\t\t\t}\r\n\t\t\t\t}\t\r\n\t\t\t\t<\/style>\r\n\t\t\t[\/vc_column][\/vc_row][vc_row el_class=&#8220;modul-4-row&#8220;][vc_column width=&#8220;2\/12&#8243;][\/vc_column][vc_column width=&#8220;8\/12&#8243;][vc_empty_space height=&#8220;45px&#8220; el_class=&#8220;mobile-15&#8243;]\r\n\t\t\t<div class=\"lindt-headline algin-center    topline-gold \">\t\t<span class=\"topline\">Kooperationen<\/span>\t<h1>Unsere Kooperationspartner<\/h1>\r\n\t\t\t<\/div>\r\n\t\t\t[vc_column_text]<\/p>\n<p style=\"text-align: center;\">Suchen Sie eine Unterkunft oder Informationen zur ihrem Aufenthalt in Z\u00fcrich? Bei unseren Partnern finden Sie viele n\u00fctzliche Tips f\u00fcr einen interessanten und abwechslungsreichen Aufenthalt in der sch\u00f6nen Limmatstadt.<\/p>\n<p>[\/vc_column_text][vc_empty_space height=&#8220;30px&#8220; el_class=&#8220;mobile-30&#8243;][vc_empty_space height=&#8220;70px&#8220; el_class=&#8220;mobile-0 tablet-0&#8243;][\/vc_column][vc_column width=&#8220;2\/12&#8243;][\/vc_column][\/vc_row][vc_row][vc_column][vc_empty_space height=&#8220;60px&#8220; el_class=&#8220;mobile-30&#8243;][\/vc_column][\/vc_row][vc_row equal_height=&#8220;yes&#8220; el_class=&#8220;modul-7-row-2&#8243;][vc_column width=&#8220;1\/12&#8243;][\/vc_column][vc_column width=&#8220;5\/12&#8243; css=&#8220;.vc_custom_1582896821624{background-color: #f0f0f0 !important;}&#8220; el_class=&#8220;modul-7-row-text&#8220;][vc_empty_space height=&#8220;40px&#8220; el_class=&#8220;hide-mobile&#8220;]\r\n\t\t\t<div class=\"lindt-headline  bg-grey   \">\t<h2>Z\u00fcrich Tourismus<\/h2>\r\n\t\t\t<\/div>\r\n\t\t\t[vc_column_text]Z\u00fcrich vereint kreatives Stadtleben und idyllische Naturlandschaft auf kleinstem Raum. Kunstkennern und Kulturinteressierten stehen \u00fcber 50 Museen und mehr als 100 Galerien zur Auswahl, w\u00e4hrend neugierige Stadtentdecker den Kontrast zwischen pittoresker Altstadt und modernen Quartieren erforschen. Naturliebhaber erfreuen sich an der Lage direkt am See und dem Z\u00fcrcher Hausberg Uetliberg. Erstklassige Restaurants, Bars und Clubs sorgen f\u00fcr ein lebendiges Nachtleben.[\/vc_column_text][vc_empty_space height=&#8220;20px&#8220; el_class=&#8220;spacer-20&#8243;]\r\n\t\t\t<div class=\"lindt-btn  btn-style-2   \">\r\n\t\t\t\t<div class=\"lindt-btn-inner\">\r\n\t\t\t\t<a href=\"https:\/\/www.zuerich.com\/de\" title=\"Z\u00fcrich Tourismus\" target=\"_blank\" class=\"\">\r\n\t\t\t\t<span>zum Angebot<\/span><\/a><\/div>\r\n\t\t\t<\/div>\r\n\t\t\t[\/vc_column][vc_column width=&#8220;5\/12&#8243; css=&#8220;.vc_custom_1582896827094{background-color: #f0f0f0 !important;}&#8220; el_class=&#8220;modul-7-row-img&#8220;][vc_single_image image=&#8220;7607&#8243; img_size=&#8220;720&#215;470&#8243;][\/vc_column][vc_column width=&#8220;1\/12&#8243;][\/vc_column][\/vc_row][vc_row equal_height=&#8220;yes&#8220; el_class=&#8220;modul-7-row-1&#8243;][vc_column width=&#8220;1\/12&#8243;][\/vc_column][vc_column width=&#8220;5\/12&#8243; css=&#8220;.vc_custom_1582896833179{background-color: #f0f0f0 !important;}&#8220; el_class=&#8220;modul-7-row-img&#8220;][vc_single_image image=&#8220;7594&#8243; img_size=&#8220;720&#215;470&#8243;][\/vc_column][vc_column width=&#8220;5\/12&#8243; css=&#8220;.vc_custom_1582896838386{background-color: #f0f0f0 !important;}&#8220; el_class=&#8220;modul-7-row-text&#8220;]\r\n\t\t\t<div class=\"lindt-headline  bg-grey   \">\t<h2>Best of Switzerland Tours<\/h2>\r\n\t\t\t<\/div>\r\n\t\t\t[vc_column_text]Best of Switzerland Tours ist f\u00fchrender Tourenveranstalter in der Deutschschweiz und bietet eine grosse Auswahl an Ausfl\u00fcgen zu den sch\u00f6nsten und beliebtesten Touristenattraktionen unseres wunderbaren Landes. T\u00e4glich leiten die versierten, mehrsprachigen Reiseleiter verschiedene Stadtrundfahrten in Z\u00fcrich oder nehmen Sie mit auf einen ganzt\u00e4gigen Ausflug in die Berge der Zentralschweiz oder ins Berner Oberland. Einen noch pers\u00f6nlicheren Service erleben Sie auf einer der exklusiven Kleingruppentouren ins Appenzell oder Emmental.[\/vc_column_text][vc_empty_space height=&#8220;20px&#8220; el_class=&#8220;spacer-20&#8243;]\r\n\t\t\t<div class=\"lindt-btn  btn-style-2   \">\r\n\t\t\t\t<div class=\"lindt-btn-inner\">\r\n\t\t\t\t<a href=\"https:\/\/www.switzerland-tours.ch\/de\/touren\/zuerich-mit-schifffahrt-und-lindt-home-of-chocolate\/\" title=\"Best of Switzerland Tours\" target=\"_blank\" class=\"\">\r\n\t\t\t\t<span>zum Angebot<\/span><\/a><\/div>\r\n\t\t\t<\/div>\r\n\t\t\t[\/vc_column][vc_column width=&#8220;1\/12&#8243;][\/vc_column][\/vc_row][vc_row equal_height=&#8220;yes&#8220; el_class=&#8220;modul-7-row-2&#8243;][vc_column width=&#8220;1\/12&#8243;][\/vc_column][vc_column width=&#8220;5\/12&#8243; css=&#8220;.vc_custom_1582896846248{background-color: #f0f0f0 !important;}&#8220; el_class=&#8220;modul-7-row-text&#8220;]\r\n\t\t\t<div class=\"lindt-headline  bg-grey   \">\t<h2>Sorell Hotels<\/h2>\r\n\t\t\t<\/div>\r\n\t\t\t[vc_column_text]Sie suchen als Business- oder als Freizeitgast um die Schweiz zu erkunden, gleichermassen ein Hotel an bester Lage mit einem guten Preis-Leistungsverh\u00e4ltnis. G\u00e4ste mit hohem Anspruch an Service und Qualit\u00e4t sind mit der Schweizer Hotelgruppe Sorell Hotels bestens bedient. Pers\u00f6nlich begr\u00fcsst zu werden und sich willkommen f\u00fchlen -in den Sorell Hotels eine Selbstverst\u00e4ndlichkeit.[\/vc_column_text][vc_empty_space height=&#8220;20px&#8220; el_class=&#8220;spacer-20&#8243;]\r\n\t\t\t<div class=\"lindt-btn  btn-style-2   \">\r\n\t\t\t\t<div class=\"lindt-btn-inner\">\r\n\t\t\t\t<a href=\"https:\/\/sorellhotels.com\/de\" title=\"Sorell Hotels\" target=\"_blank\" class=\"\">\r\n\t\t\t\t<span>zum Angebot<\/span><\/a><\/div>\r\n\t\t\t<\/div>\r\n\t\t\t[\/vc_column][vc_column width=&#8220;5\/12&#8243; css=&#8220;.vc_custom_1582896851760{background-color: #f0f0f0 !important;}&#8220; el_class=&#8220;modul-7-row-img&#8220;][vc_single_image image=&#8220;8251&#8243; img_size=&#8220;720&#215;470&#8243;][\/vc_column][vc_column width=&#8220;1\/12&#8243;][\/vc_column][\/vc_row][vc_row equal_height=&#8220;yes&#8220; el_class=&#8220;modul-7-row-1&#8243;][vc_column width=&#8220;1\/12&#8243;][\/vc_column][vc_column width=&#8220;5\/12&#8243; css=&#8220;.vc_custom_1582896833179{background-color: #f0f0f0 !important;}&#8220; el_class=&#8220;modul-7-row-img&#8220;][vc_single_image image=&#8220;8464&#8243; img_size=&#8220;720&#215;470&#8243;][\/vc_column][vc_column width=&#8220;5\/12&#8243; css=&#8220;.vc_custom_1582896838386{background-color: #f0f0f0 !important;}&#8220; el_class=&#8220;modul-7-row-text&#8220;]\r\n\t\t\t<div class=\"lindt-headline  bg-grey   \">\t<h2>Z\u00fcrich City Hotels<\/h2>\r\n\t\t\t<\/div>\r\n\t\t\t[vc_column_text]Jedes der \u00fcber 20 Schweizer Hotels liegt im Herzen der Limmatstadt und wird pers\u00f6nlich gef\u00fchrt. W\u00e4hrend 365 Tage im Jahr wird Gastfreundschaft erlebbar gemacht \u2013 f\u00fcr Kurzaufenthalter und f\u00fcr Langzeitg\u00e4ste. Die Z\u00fcrich City Hotels sind Garant f\u00fcr dynamische Tradition und charmante Individualit\u00e4t. Dank optimalem Preis-Leistungsverh\u00e4ltnis findet jeder Gast, egal ob Gesch\u00e4ftsreisender, Feriengast oder Spontanbesucher, das seinen ganz pers\u00f6nlichen Bed\u00fcrfnissen entsprechende Lieblingshotel.[\/vc_column_text][vc_empty_space height=&#8220;20px&#8220; el_class=&#8220;spacer-20&#8243;]\r\n\t\t\t<div class=\"lindt-btn  btn-style-2   \">\r\n\t\t\t\t<div class=\"lindt-btn-inner\">\r\n\t\t\t\t<a href=\"https:\/\/zurichcityhotels.com\/de\/Home\" title=\"Z\u00fcrich City Hotels\" target=\"_blank\" class=\"\">\r\n\t\t\t\t<span>zum Angebot<\/span><\/a><\/div>\r\n\t\t\t<\/div>\r\n\t\t\t[\/vc_column][vc_column width=&#8220;1\/12&#8243;][\/vc_column][\/vc_row][vc_row equal_height=&#8220;yes&#8220; el_class=&#8220;modul-7-row-2&#8243;][vc_column width=&#8220;1\/12&#8243;][\/vc_column][vc_column width=&#8220;5\/12&#8243; css=&#8220;.vc_custom_1582896846248{background-color: #f0f0f0 !important;}&#8220; el_class=&#8220;modul-7-row-text&#8220;]\r\n\t\t\t<div class=\"lindt-headline  bg-grey   \">\t<h2>The Living Circle<\/h2>\r\n\t\t\t<\/div>\r\n\t\t\t[vc_column_text]&#8230; ist eine handverlesene Gruppe von\u00a0erstklassigen Hotels\u00a0und\u00a0Restaurants\u00a0an den kompromisslos sch\u00f6nsten Standorten in der Schweiz, gef\u00fchrt von leidenschaftlichen Gastgebern. Reis, Gem\u00fcse, Fr\u00fcchte, nat\u00fcrlich Wein und andere edle Gew\u00e4chse \u2013 alles zaubern unsere eigenen Bauernh\u00f6fe gartenfrisch direkt auf den Tisch. Das ist unsere Definition von\u00a0Luxus.<\/p>\n<p>Das ist The Living Circle \u2013 luxury hotels fed by nature.[\/vc_column_text][vc_empty_space height=&#8220;20px&#8220; el_class=&#8220;spacer-20&#8243;]\r\n\t\t\t<div class=\"lindt-btn  btn-style-2   \">\r\n\t\t\t\t<div class=\"lindt-btn-inner\">\r\n\t\t\t\t<a href=\"https:\/\/www.thelivingcircle.ch\/de\" title=\"The Living Circle\" target=\"_blank\" class=\"\">\r\n\t\t\t\t<span>zum Angebot<\/span><\/a><\/div>\r\n\t\t\t<\/div>\r\n\t\t\t[\/vc_column][vc_column width=&#8220;5\/12&#8243; css=&#8220;.vc_custom_1582896851760{background-color: #f0f0f0 !important;}&#8220; el_class=&#8220;modul-7-row-img&#8220;][vc_single_image image=&#8220;10382&#8243; img_size=&#8220;720&#215;470&#8243;][\/vc_column][vc_column width=&#8220;1\/12&#8243;][\/vc_column][\/vc_row][vc_row equal_height=&#8220;yes&#8220; el_class=&#8220;modul-7-row-1&#8243;][vc_column width=&#8220;1\/12&#8243;][\/vc_column][vc_column width=&#8220;5\/12&#8243; css=&#8220;.vc_custom_1582896851760{background-color: #f0f0f0 !important;}&#8220; el_class=&#8220;modul-7-row-img&#8220;][vc_single_image image=&#8220;8827&#8243; img_size=&#8220;720&#215;470&#8243;][\/vc_column][vc_column width=&#8220;5\/12&#8243; css=&#8220;.vc_custom_1582896846248{background-color: #f0f0f0 !important;}&#8220; el_class=&#8220;modul-7-row-text&#8220;]\r\n\t\t\t<div class=\"lindt-headline  bg-grey   \">\t<h2>Schweizer Jugendherbergen<\/h2>\r\n\t\t\t<\/div>\r\n\t\t\t[vc_column_text]Die Schweizer Jugendherbergen sind die erste Adresse f\u00fcr budget- und umweltbewusstes Reisen. Sie sorgen nicht nur f\u00fcr unvergessliche Ferien- und Freizeiterlebnisse, sondern legen auch grossen Wert auf familienfreundliche Angebote und engagieren sich f\u00fcr einen nachhaltigen Tourismus. Mit rund 50 Standorten in der Schweiz und in Lichtenstein bieten sie die ideale Ausganglage, um dein Abenteuer zu starten.[\/vc_column_text][vc_empty_space height=&#8220;20px&#8220; el_class=&#8220;spacer-20&#8243;]\r\n\t\t\t<div class=\"lindt-btn  btn-style-2   \">\r\n\t\t\t\t<div class=\"lindt-btn-inner\">\r\n\t\t\t\t<a href=\"https:\/\/www.youthhostel.ch\/de\/\" title=\"Schweizer Jugendherbergen\" target=\"_blank\" class=\"\">\r\n\t\t\t\t<span>zum Angebot<\/span><\/a><\/div>\r\n\t\t\t<\/div>\r\n\t\t\t[\/vc_column][vc_column width=&#8220;1\/12&#8243;][\/vc_column][\/vc_row][vc_row][vc_column][vc_empty_space height=&#8220;100px&#8220; el_class=&#8220;mobile-30&#8243;][\/vc_column][\/vc_row]<\/p>\n<\/div>","protected":false},"excerpt":{"rendered":"<p>[vc_row full_width=&#8220;stretch_row_content&#8220;][vc_column][\/vc_column][\/vc_row][vc_row el_class=&#8220;modul-4-row&#8220;][vc_column width=&#8220;2\/12&#8243;][\/vc_column][vc_column width=&#8220;8\/12&#8243;][vc_empty_space height=&#8220;45px&#8220; el_class=&#8220;mobile-15&#8243;][vc_column_text] Suchen Sie eine Unterkunft oder Informationen zur ihrem Aufenthalt in Z\u00fcrich? Bei unseren Partnern finden Sie viele n\u00fctzliche Tips f\u00fcr einen interessanten und abwechslungsreichen Aufenthalt in der sch\u00f6nen Limmatstadt. [\/vc_column_text][vc_empty_space height=&#8220;30px&#8220; el_class=&#8220;mobile-30&#8243;][vc_empty_space height=&#8220;70px&#8220; el_class=&#8220;mobile-0 tablet-0&#8243;][\/vc_column][vc_column width=&#8220;2\/12&#8243;][\/vc_column][\/vc_row][vc_row][vc_column][vc_empty_space height=&#8220;60px&#8220; el_class=&#8220;mobile-30&#8243;][\/vc_column][\/vc_row][vc_row equal_height=&#8220;yes&#8220; el_class=&#8220;modul-7-row-2&#8243;][vc_column width=&#8220;1\/12&#8243;][\/vc_column][vc_column width=&#8220;5\/12&#8243; css=&#8220;.vc_custom_1582896821624{background-color: #f0f0f0 !important;}&#8220; el_class=&#8220;modul-7-row-text&#8220;][vc_empty_space height=&#8220;40px&#8220; el_class=&#8220;hide-mobile&#8220;][vc_column_text]Z\u00fcrich [&hellip;]<\/p>\n","protected":false},"author":3,"featured_media":0,"parent":354,"menu_order":0,"comment_status":"closed","ping_status":"closed","template":"fullwidth.php","meta":{"_acf_changed":false,"_relevanssi_hide_post":"","_relevanssi_hide_content":"","_relevanssi_pin_for_all":"","_relevanssi_pin_keywords":"","_relevanssi_unpin_keywords":"","_relevanssi_related_keywords":"","_relevanssi_related_include_ids":"","_relevanssi_related_exclude_ids":"","_relevanssi_related_no_append":"","_relevanssi_related_not_related":"","_relevanssi_related_posts":"","_relevanssi_noindex_reason":"","footnotes":""},"class_list":["post-6459","page","type-page","status-publish","hentry"],"acf":[],"yoast_head":"<!-- This site is optimized with the Yoast SEO plugin v26.8 - https:\/\/yoast.com\/product\/yoast-seo-wordpress\/ -->\n<title>Die Lindt Home of Chocolate Tourismuspartner in der Schweiz<\/title>\n<meta name=\"description\" content=\"Finden Sie hier interessante Angebote der Tourismus- und Hotel-Partner von Lindt Home of Chocolate in der Schweiz\" \/>\n<meta name=\"robots\" content=\"noindex, follow\" \/>\n<meta property=\"og:locale\" content=\"de_DE\" \/>\n<meta property=\"og:type\" content=\"article\" \/>\n<meta property=\"og:title\" content=\"Die Lindt Home of Chocolate Tourismuspartner in der Schweiz\" \/>\n<meta property=\"og:description\" content=\"Finden Sie hier interessante Angebote der Tourismus- und Hotel-Partner von Lindt Home of Chocolate in der Schweiz\" \/>\n<meta property=\"og:url\" content=\"https:\/\/www.lindt-home-of-chocolate.com\/de\/tickets-und-preise\/kooperationspartner\/\" \/>\n<meta property=\"og:site_name\" content=\"Lindt Home of Chocolate\" \/>\n<meta property=\"article:modified_time\" content=\"2022-10-27T09:47:07+00:00\" \/>\n<meta property=\"og:image\" content=\"https:\/\/www.lindt-home-of-chocolate.com\/wp-content\/uploads\/2021\/01\/ZH-Tourism_720x470.jpg\" \/>\n\t<meta property=\"og:image:width\" content=\"720\" \/>\n\t<meta property=\"og:image:height\" content=\"470\" \/>\n\t<meta property=\"og:image:type\" content=\"image\/jpeg\" \/>\n<meta name=\"twitter:card\" content=\"summary_large_image\" \/>\n<meta name=\"twitter:image\" content=\"https:\/\/www.lindt-home-of-chocolate.com\/wp-content\/uploads\/2021\/01\/ZH-Tourism_720x470.jpg\" \/>\n<meta name=\"twitter:label1\" content=\"Gesch\u00e4tzte Lesezeit\" \/>\n\t<meta name=\"twitter:data1\" content=\"4\u00a0Minuten\" \/>\n<script type=\"application\/ld+json\" class=\"yoast-schema-graph\">{\"@context\":\"https:\/\/schema.org\",\"@graph\":[{\"@type\":\"WebPage\",\"@id\":\"https:\/\/www.lindt-home-of-chocolate.com\/de\/tickets-und-preise\/kooperationspartner\/\",\"url\":\"https:\/\/www.lindt-home-of-chocolate.com\/de\/tickets-und-preise\/kooperationspartner\/\",\"name\":\"Die Lindt Home of Chocolate Tourismuspartner in der Schweiz\",\"isPartOf\":{\"@id\":\"https:\/\/www.lindt-home-of-chocolate.com\/de\/#website\"},\"datePublished\":\"2020-07-21T07:53:22+00:00\",\"dateModified\":\"2022-10-27T09:47:07+00:00\",\"description\":\"Finden Sie hier interessante Angebote der Tourismus- und Hotel-Partner von Lindt Home of Chocolate in der Schweiz\",\"breadcrumb\":{\"@id\":\"https:\/\/www.lindt-home-of-chocolate.com\/de\/tickets-und-preise\/kooperationspartner\/#breadcrumb\"},\"inLanguage\":\"de\",\"potentialAction\":[{\"@type\":\"ReadAction\",\"target\":[\"https:\/\/www.lindt-home-of-chocolate.com\/de\/tickets-und-preise\/kooperationspartner\/\"]}]},{\"@type\":\"BreadcrumbList\",\"@id\":\"https:\/\/www.lindt-home-of-chocolate.com\/de\/tickets-und-preise\/kooperationspartner\/#breadcrumb\",\"itemListElement\":[{\"@type\":\"ListItem\",\"position\":1,\"name\":\"Startseite\",\"item\":\"https:\/\/www.lindt-home-of-chocolate.com\/de\/\"},{\"@type\":\"ListItem\",\"position\":2,\"name\":\"Angebot &#038; Preise\",\"item\":\"https:\/\/www.lindt-home-of-chocolate.com\/de\/tickets-und-preise\/\"},{\"@type\":\"ListItem\",\"position\":3,\"name\":\"Kooperationspartner\"}]},{\"@type\":\"WebSite\",\"@id\":\"https:\/\/www.lindt-home-of-chocolate.com\/de\/#website\",\"url\":\"https:\/\/www.lindt-home-of-chocolate.com\/de\/\",\"name\":\"Lindt Home of Chocolate\",\"description\":\"Das Schokoladenmuseum\",\"potentialAction\":[{\"@type\":\"SearchAction\",\"target\":{\"@type\":\"EntryPoint\",\"urlTemplate\":\"https:\/\/www.lindt-home-of-chocolate.com\/de\/?s={search_term_string}\"},\"query-input\":{\"@type\":\"PropertyValueSpecification\",\"valueRequired\":true,\"valueName\":\"search_term_string\"}}],\"inLanguage\":\"de\"}]}<\/script>\n<!-- \/ Yoast SEO plugin. -->","yoast_head_json":{"title":"Die Lindt Home of Chocolate Tourismuspartner in der Schweiz","description":"Finden Sie hier interessante Angebote der Tourismus- und Hotel-Partner von Lindt Home of Chocolate in der Schweiz","robots":{"index":"noindex","follow":"follow"},"og_locale":"de_DE","og_type":"article","og_title":"Die Lindt Home of Chocolate Tourismuspartner in der Schweiz","og_description":"Finden Sie hier interessante Angebote der Tourismus- und Hotel-Partner von Lindt Home of Chocolate in der Schweiz","og_url":"https:\/\/www.lindt-home-of-chocolate.com\/de\/tickets-und-preise\/kooperationspartner\/","og_site_name":"Lindt Home of Chocolate","article_modified_time":"2022-10-27T09:47:07+00:00","og_image":[{"width":720,"height":470,"url":"https:\/\/www.lindt-home-of-chocolate.com\/wp-content\/uploads\/2021\/01\/ZH-Tourism_720x470.jpg","type":"image\/jpeg"}],"twitter_card":"summary_large_image","twitter_image":"https:\/\/www.lindt-home-of-chocolate.com\/wp-content\/uploads\/2021\/01\/ZH-Tourism_720x470.jpg","twitter_misc":{"Gesch\u00e4tzte Lesezeit":"4\u00a0Minuten"},"schema":{"@context":"https:\/\/schema.org","@graph":[{"@type":"WebPage","@id":"https:\/\/www.lindt-home-of-chocolate.com\/de\/tickets-und-preise\/kooperationspartner\/","url":"https:\/\/www.lindt-home-of-chocolate.com\/de\/tickets-und-preise\/kooperationspartner\/","name":"Die Lindt Home of Chocolate Tourismuspartner in der Schweiz","isPartOf":{"@id":"https:\/\/www.lindt-home-of-chocolate.com\/de\/#website"},"datePublished":"2020-07-21T07:53:22+00:00","dateModified":"2022-10-27T09:47:07+00:00","description":"Finden Sie hier interessante Angebote der Tourismus- und Hotel-Partner von Lindt Home of Chocolate in der Schweiz","breadcrumb":{"@id":"https:\/\/www.lindt-home-of-chocolate.com\/de\/tickets-und-preise\/kooperationspartner\/#breadcrumb"},"inLanguage":"de","potentialAction":[{"@type":"ReadAction","target":["https:\/\/www.lindt-home-of-chocolate.com\/de\/tickets-und-preise\/kooperationspartner\/"]}]},{"@type":"BreadcrumbList","@id":"https:\/\/www.lindt-home-of-chocolate.com\/de\/tickets-und-preise\/kooperationspartner\/#breadcrumb","itemListElement":[{"@type":"ListItem","position":1,"name":"Startseite","item":"https:\/\/www.lindt-home-of-chocolate.com\/de\/"},{"@type":"ListItem","position":2,"name":"Angebot &#038; Preise","item":"https:\/\/www.lindt-home-of-chocolate.com\/de\/tickets-und-preise\/"},{"@type":"ListItem","position":3,"name":"Kooperationspartner"}]},{"@type":"WebSite","@id":"https:\/\/www.lindt-home-of-chocolate.com\/de\/#website","url":"https:\/\/www.lindt-home-of-chocolate.com\/de\/","name":"Lindt Home of Chocolate","description":"Das Schokoladenmuseum","potentialAction":[{"@type":"SearchAction","target":{"@type":"EntryPoint","urlTemplate":"https:\/\/www.lindt-home-of-chocolate.com\/de\/?s={search_term_string}"},"query-input":{"@type":"PropertyValueSpecification","valueRequired":true,"valueName":"search_term_string"}}],"inLanguage":"de"}]}},"_links":{"self":[{"href":"https:\/\/www.lindt-home-of-chocolate.com\/de\/wp-json\/wp\/v2\/pages\/6459","targetHints":{"allow":["GET"]}}],"collection":[{"href":"https:\/\/www.lindt-home-of-chocolate.com\/de\/wp-json\/wp\/v2\/pages"}],"about":[{"href":"https:\/\/www.lindt-home-of-chocolate.com\/de\/wp-json\/wp\/v2\/types\/page"}],"author":[{"embeddable":true,"href":"https:\/\/www.lindt-home-of-chocolate.com\/de\/wp-json\/wp\/v2\/users\/3"}],"replies":[{"embeddable":true,"href":"https:\/\/www.lindt-home-of-chocolate.com\/de\/wp-json\/wp\/v2\/comments?post=6459"}],"version-history":[{"count":58,"href":"https:\/\/www.lindt-home-of-chocolate.com\/de\/wp-json\/wp\/v2\/pages\/6459\/revisions"}],"predecessor-version":[{"id":76586,"href":"https:\/\/www.lindt-home-of-chocolate.com\/de\/wp-json\/wp\/v2\/pages\/6459\/revisions\/76586"}],"up":[{"embeddable":true,"href":"https:\/\/www.lindt-home-of-chocolate.com\/de\/wp-json\/wp\/v2\/pages\/354"}],"wp:attachment":[{"href":"https:\/\/www.lindt-home-of-chocolate.com\/de\/wp-json\/wp\/v2\/media?parent=6459"}],"curies":[{"name":"wp","href":"https:\/\/api.w.org\/{rel}","templated":true}]}}