{"id":93243,"date":"2025-02-04T11:02:06","date_gmt":"2025-02-04T10:02:06","guid":{"rendered":"https:\/\/www.lindt-home-of-chocolate.com\/?page_id=93243"},"modified":"2025-02-05T10:03:08","modified_gmt":"2025-02-05T09:03:08","slug":"gutscheine","status":"publish","type":"page","link":"https:\/\/www.lindt-home-of-chocolate.com\/de\/tickets-und-preise\/gutscheine\/","title":{"rendered":"Gutscheine"},"content":{"rendered":"<div class=\"wpb-content-wrapper\"><p>[vc_row full_width=&#8220;stretch_row_content&#8220;][vc_column]\r\n\t\t\t<div id=\"hero\" class=\"no-lazyload\"  style=\"background-image: url(https:\/\/www.lindt-home-of-chocolate.com\/wp-content\/uploads\/2020\/07\/gutschein-lindt-home-of-chocolate-1920x640-1.jpg); background-position: center center; background-size: cover; background-repreat: no-repeat; display: block; \"  ><\/div>\r\n\t\t\t\t<style>\r\n\t\t\t\t@media only screen and (max-width: 767.98px) {\r\n\t\t\t\t\t#hero {\r\n\t\t\t\t\t\tbackground-image: url(https:\/\/www.lindt-home-of-chocolate.com\/wp-content\/uploads\/2020\/07\/gutschein-lindt-home-of-chocolate-767x607-1.jpg) !important;\r\n\t\t\t\t\t}\r\n\t\t\t\t}\t\r\n\t\t\t\t<\/style>\r\n\t\t\t[\/vc_column][\/vc_row][vc_row el_class=&#8220;modul-4-row&#8220;][vc_column width=&#8220;2\/12&#8243;][\/vc_column][vc_column width=&#8220;8\/12&#8243;][vc_empty_space height=&#8220;45px&#8220; el_class=&#8220;mobile-15&#8243;]\r\n\t\t\t<div class=\"lindt-headline algin-center  ````  topline-gold \">\t\t<span class=\"topline\">Gutscheine<\/span>\t<h1>Verschenken Sie s\u00fcsse Freude.<\/h1>\r\n\t\t\t<\/div>\r\n\t\t\t[vc_column_text css=&#8220;&#8220;]<\/p>\n<p style=\"text-align: center;\">Im Lindt Home of Chocolate lernen Sie die Besonderheiten rund um unsere liebste K\u00f6stlichkeit kennen und haben die M\u00f6glichkeit, gemeinsam mit einem echten Lindt Ma\u00eetre Chocolatier Ihre eigene Schokolade zu kreieren. Im Museum reisen Sie zu den Urspr\u00fcngen der Schokolade und erfahren, wie der Kakao die Welt erobert hat.<\/p>\n<p>[\/vc_column_text][vc_empty_space height=&#8220;20px&#8220; el_class=&#8220;mobile-30&#8243;][vc_column_text css=&#8220;&#8220;]<\/p>\n<p style=\"text-align: center;\">Ein Gutschein f\u00fcr das Schokoladenmuseum oder einen Schokoladenkurs im Lindt Home of Chocolate ist ein s\u00fcsses Geschenk. \u00dcberraschen Sie Ihre Liebsten und erleben Sie gemeinsam unvergessliche Momente.<\/p>\n<p>[\/vc_column_text][\/vc_column][vc_column width=&#8220;2\/12&#8243;][\/vc_column][\/vc_row][vc_row][vc_column][vc_empty_space height=&#8220;60px&#8220; el_class=&#8220;mobile-30&#8243;][\/vc_column][\/vc_row][vc_row el_class=&#8220;modul-7-row-0&#8243;][vc_column width=&#8220;1\/12&#8243;][\/vc_column][vc_column width=&#8220;10\/12&#8243; css=&#8220;.vc_custom_1582896807765{background-color: #f0f0f0 !important;}&#8220;][vc_row_inner][vc_column_inner width=&#8220;1\/4&#8243;][\/vc_column_inner][vc_column_inner width=&#8220;1\/2&#8243;][vc_empty_space height=&#8220;40px&#8220; el_class=&#8220;spacer-40&#8243;]\r\n\t\t\t<div class=\"lindt-headline algin-center  ````  \">\t<h2>Unsere Wertgutscheine<\/h2>\r\n\t\t\t<\/div>\r\n\t\t\t[vc_column_text css=&#8220;&#8220;]<\/p>\n<p style=\"text-align: center;\">W\u00e4hlen Sie einen Gutschein mit Ihrem Wunschbetrag zwischen CHF 8.\u2013 und max. CHF 500.\u2013. Diesen Gutschein k\u00f6nnen Sie f\u00fcr Tickets zum Schokoladenmuseum, einer \u00f6ffentlichen F\u00fchrung oder einem \u00f6ffentlichen Schokoladenkurs direkt hier in unserem Online-Ticketshop einl\u00f6sen.<\/p>\n<p>[\/vc_column_text][vc_empty_space height=&#8220;20px&#8220; el_class=&#8220;mobile-30&#8243;]\r\n\t\t\t<div class=\"lindt-btn algin-center btn-style-4  ```` \">\r\n\t\t\t\t<div class=\"lindt-btn-inner\">\r\n\t\t\t\t<a href=\"https:\/\/tickets.lindt-home-of-chocolate.com\/selection\/service?productId=10229252608296\" title=\"\" target=\"\" class=\"\">\r\n\t\t\t\t<span>Gutschein kaufen<\/span><\/a><\/div>\r\n\t\t\t<\/div>\r\n\t\t\t[vc_empty_space height=&#8220;60px&#8220; el_class=&#8220;mobile-30&#8243;][\/vc_column_inner][vc_column_inner width=&#8220;1\/4&#8243;][\/vc_column_inner][\/vc_row_inner][\/vc_column][vc_column width=&#8220;1\/12&#8243;][\/vc_column][\/vc_row][vc_row][vc_column][vc_empty_space height=&#8220;100px&#8220; el_class=&#8220;mobile-30&#8243;][\/vc_column][\/vc_row]<\/p>\n<\/div>","protected":false},"excerpt":{"rendered":"<p>[vc_row full_width=&#8220;stretch_row_content&#8220;][vc_column][\/vc_column][\/vc_row][vc_row el_class=&#8220;modul-4-row&#8220;][vc_column width=&#8220;2\/12&#8243;][\/vc_column][vc_column width=&#8220;8\/12&#8243;][vc_empty_space height=&#8220;45px&#8220; el_class=&#8220;mobile-15&#8243;][vc_column_text css=&#8220;&#8220;] Im Lindt Home of Chocolate lernen Sie die Besonderheiten rund um unsere liebste K\u00f6stlichkeit kennen und haben die M\u00f6glichkeit, gemeinsam mit einem echten Lindt Ma\u00eetre Chocolatier Ihre eigene Schokolade zu kreieren. Im Museum reisen Sie zu den Urspr\u00fcngen der Schokolade und erfahren, wie der Kakao die Welt [&hellip;]<\/p>\n","protected":false},"author":15,"featured_media":0,"parent":354,"menu_order":0,"comment_status":"closed","ping_status":"closed","template":"fullwidth.php","meta":{"_acf_changed":false,"_relevanssi_hide_post":"","_relevanssi_hide_content":"","_relevanssi_pin_for_all":"","_relevanssi_pin_keywords":"","_relevanssi_unpin_keywords":"","_relevanssi_related_keywords":"","_relevanssi_related_include_ids":"","_relevanssi_related_exclude_ids":"","_relevanssi_related_no_append":"","_relevanssi_related_not_related":"","_relevanssi_related_posts":"","_relevanssi_noindex_reason":"","footnotes":""},"class_list":["post-93243","page","type-page","status-publish","hentry"],"acf":[],"yoast_head":"<!-- This site is optimized with the Yoast SEO plugin v26.8 - https:\/\/yoast.com\/product\/yoast-seo-wordpress\/ -->\n<title>Gutscheine f\u00fcr Ihre Freunde und Familie<\/title>\n<meta name=\"description\" content=\"\u00dcberraschen Sie jemanden mit einem Gutschein, der garantiert s\u00fcsse Freude bereiten wird. Kaufen Sie direkt hier einen Gutschein\" \/>\n<meta name=\"robots\" content=\"index, follow, max-snippet:-1, max-image-preview:large, max-video-preview:-1\" \/>\n<link rel=\"canonical\" href=\"https:\/\/www.lindt-home-of-chocolate.com\/de\/tickets-und-preise\/gutscheine\/\" \/>\n<meta property=\"og:locale\" content=\"de_DE\" \/>\n<meta property=\"og:type\" content=\"article\" \/>\n<meta property=\"og:title\" content=\"Gutscheine f\u00fcr Ihre Freunde und Familie\" \/>\n<meta property=\"og:description\" content=\"\u00dcberraschen Sie jemanden mit einem Gutschein, der garantiert s\u00fcsse Freude bereiten wird. Kaufen Sie direkt hier einen Gutschein\" \/>\n<meta property=\"og:url\" content=\"https:\/\/www.lindt-home-of-chocolate.com\/de\/tickets-und-preise\/gutscheine\/\" \/>\n<meta property=\"og:site_name\" content=\"Lindt Home of Chocolate\" \/>\n<meta property=\"article:modified_time\" content=\"2025-02-05T09:03:08+00:00\" \/>\n<meta property=\"og:image\" content=\"https:\/\/www.lindt-home-of-chocolate.com\/wp-content\/uploads\/2020\/04\/schokoladenkurse-facebook.jpg\" \/>\n\t<meta property=\"og:image:width\" content=\"1200\" \/>\n\t<meta property=\"og:image:height\" content=\"630\" \/>\n\t<meta property=\"og:image:type\" content=\"image\/jpeg\" \/>\n<meta name=\"twitter:card\" content=\"summary_large_image\" \/>\n<meta name=\"twitter:image\" content=\"https:\/\/www.lindt-home-of-chocolate.com\/wp-content\/uploads\/2020\/04\/schokoladenkurse-twitter.jpg\" \/>\n<meta name=\"twitter:label1\" content=\"Gesch\u00e4tzte Lesezeit\" \/>\n\t<meta name=\"twitter:data1\" content=\"2\u00a0Minuten\" \/>\n<script type=\"application\/ld+json\" class=\"yoast-schema-graph\">{\"@context\":\"https:\/\/schema.org\",\"@graph\":[{\"@type\":\"WebPage\",\"@id\":\"https:\/\/www.lindt-home-of-chocolate.com\/de\/tickets-und-preise\/gutscheine\/\",\"url\":\"https:\/\/www.lindt-home-of-chocolate.com\/de\/tickets-und-preise\/gutscheine\/\",\"name\":\"Gutscheine f\u00fcr Ihre Freunde und Familie\",\"isPartOf\":{\"@id\":\"https:\/\/www.lindt-home-of-chocolate.com\/de\/#website\"},\"datePublished\":\"2025-02-04T10:02:06+00:00\",\"dateModified\":\"2025-02-05T09:03:08+00:00\",\"description\":\"\u00dcberraschen Sie jemanden mit einem Gutschein, der garantiert s\u00fcsse Freude bereiten wird. Kaufen Sie direkt hier einen Gutschein\",\"breadcrumb\":{\"@id\":\"https:\/\/www.lindt-home-of-chocolate.com\/de\/tickets-und-preise\/gutscheine\/#breadcrumb\"},\"inLanguage\":\"de\",\"potentialAction\":[{\"@type\":\"ReadAction\",\"target\":[\"https:\/\/www.lindt-home-of-chocolate.com\/de\/tickets-und-preise\/gutscheine\/\"]}]},{\"@type\":\"BreadcrumbList\",\"@id\":\"https:\/\/www.lindt-home-of-chocolate.com\/de\/tickets-und-preise\/gutscheine\/#breadcrumb\",\"itemListElement\":[{\"@type\":\"ListItem\",\"position\":1,\"name\":\"Startseite\",\"item\":\"https:\/\/www.lindt-home-of-chocolate.com\/de\/\"},{\"@type\":\"ListItem\",\"position\":2,\"name\":\"Angebot &#038; Preise\",\"item\":\"https:\/\/www.lindt-home-of-chocolate.com\/de\/tickets-und-preise\/\"},{\"@type\":\"ListItem\",\"position\":3,\"name\":\"Gutscheine\"}]},{\"@type\":\"WebSite\",\"@id\":\"https:\/\/www.lindt-home-of-chocolate.com\/de\/#website\",\"url\":\"https:\/\/www.lindt-home-of-chocolate.com\/de\/\",\"name\":\"Lindt Home of Chocolate\",\"description\":\"Das Schokoladenmuseum\",\"potentialAction\":[{\"@type\":\"SearchAction\",\"target\":{\"@type\":\"EntryPoint\",\"urlTemplate\":\"https:\/\/www.lindt-home-of-chocolate.com\/de\/?s={search_term_string}\"},\"query-input\":{\"@type\":\"PropertyValueSpecification\",\"valueRequired\":true,\"valueName\":\"search_term_string\"}}],\"inLanguage\":\"de\"}]}<\/script>\n<!-- \/ Yoast SEO plugin. -->","yoast_head_json":{"title":"Gutscheine f\u00fcr Ihre Freunde und Familie","description":"\u00dcberraschen Sie jemanden mit einem Gutschein, der garantiert s\u00fcsse Freude bereiten wird. Kaufen Sie direkt hier einen Gutschein","robots":{"index":"index","follow":"follow","max-snippet":"max-snippet:-1","max-image-preview":"max-image-preview:large","max-video-preview":"max-video-preview:-1"},"canonical":"https:\/\/www.lindt-home-of-chocolate.com\/de\/tickets-und-preise\/gutscheine\/","og_locale":"de_DE","og_type":"article","og_title":"Gutscheine f\u00fcr Ihre Freunde und Familie","og_description":"\u00dcberraschen Sie jemanden mit einem Gutschein, der garantiert s\u00fcsse Freude bereiten wird. Kaufen Sie direkt hier einen Gutschein","og_url":"https:\/\/www.lindt-home-of-chocolate.com\/de\/tickets-und-preise\/gutscheine\/","og_site_name":"Lindt Home of Chocolate","article_modified_time":"2025-02-05T09:03:08+00:00","og_image":[{"width":1200,"height":630,"url":"https:\/\/www.lindt-home-of-chocolate.com\/wp-content\/uploads\/2020\/04\/schokoladenkurse-facebook.jpg","type":"image\/jpeg"}],"twitter_card":"summary_large_image","twitter_image":"https:\/\/www.lindt-home-of-chocolate.com\/wp-content\/uploads\/2020\/04\/schokoladenkurse-twitter.jpg","twitter_misc":{"Gesch\u00e4tzte Lesezeit":"2\u00a0Minuten"},"schema":{"@context":"https:\/\/schema.org","@graph":[{"@type":"WebPage","@id":"https:\/\/www.lindt-home-of-chocolate.com\/de\/tickets-und-preise\/gutscheine\/","url":"https:\/\/www.lindt-home-of-chocolate.com\/de\/tickets-und-preise\/gutscheine\/","name":"Gutscheine f\u00fcr Ihre Freunde und Familie","isPartOf":{"@id":"https:\/\/www.lindt-home-of-chocolate.com\/de\/#website"},"datePublished":"2025-02-04T10:02:06+00:00","dateModified":"2025-02-05T09:03:08+00:00","description":"\u00dcberraschen Sie jemanden mit einem Gutschein, der garantiert s\u00fcsse Freude bereiten wird. Kaufen Sie direkt hier einen Gutschein","breadcrumb":{"@id":"https:\/\/www.lindt-home-of-chocolate.com\/de\/tickets-und-preise\/gutscheine\/#breadcrumb"},"inLanguage":"de","potentialAction":[{"@type":"ReadAction","target":["https:\/\/www.lindt-home-of-chocolate.com\/de\/tickets-und-preise\/gutscheine\/"]}]},{"@type":"BreadcrumbList","@id":"https:\/\/www.lindt-home-of-chocolate.com\/de\/tickets-und-preise\/gutscheine\/#breadcrumb","itemListElement":[{"@type":"ListItem","position":1,"name":"Startseite","item":"https:\/\/www.lindt-home-of-chocolate.com\/de\/"},{"@type":"ListItem","position":2,"name":"Angebot &#038; Preise","item":"https:\/\/www.lindt-home-of-chocolate.com\/de\/tickets-und-preise\/"},{"@type":"ListItem","position":3,"name":"Gutscheine"}]},{"@type":"WebSite","@id":"https:\/\/www.lindt-home-of-chocolate.com\/de\/#website","url":"https:\/\/www.lindt-home-of-chocolate.com\/de\/","name":"Lindt Home of Chocolate","description":"Das Schokoladenmuseum","potentialAction":[{"@type":"SearchAction","target":{"@type":"EntryPoint","urlTemplate":"https:\/\/www.lindt-home-of-chocolate.com\/de\/?s={search_term_string}"},"query-input":{"@type":"PropertyValueSpecification","valueRequired":true,"valueName":"search_term_string"}}],"inLanguage":"de"}]}},"_links":{"self":[{"href":"https:\/\/www.lindt-home-of-chocolate.com\/de\/wp-json\/wp\/v2\/pages\/93243","targetHints":{"allow":["GET"]}}],"collection":[{"href":"https:\/\/www.lindt-home-of-chocolate.com\/de\/wp-json\/wp\/v2\/pages"}],"about":[{"href":"https:\/\/www.lindt-home-of-chocolate.com\/de\/wp-json\/wp\/v2\/types\/page"}],"author":[{"embeddable":true,"href":"https:\/\/www.lindt-home-of-chocolate.com\/de\/wp-json\/wp\/v2\/users\/15"}],"replies":[{"embeddable":true,"href":"https:\/\/www.lindt-home-of-chocolate.com\/de\/wp-json\/wp\/v2\/comments?post=93243"}],"version-history":[{"count":17,"href":"https:\/\/www.lindt-home-of-chocolate.com\/de\/wp-json\/wp\/v2\/pages\/93243\/revisions"}],"predecessor-version":[{"id":93599,"href":"https:\/\/www.lindt-home-of-chocolate.com\/de\/wp-json\/wp\/v2\/pages\/93243\/revisions\/93599"}],"up":[{"embeddable":true,"href":"https:\/\/www.lindt-home-of-chocolate.com\/de\/wp-json\/wp\/v2\/pages\/354"}],"wp:attachment":[{"href":"https:\/\/www.lindt-home-of-chocolate.com\/de\/wp-json\/wp\/v2\/media?parent=93243"}],"curies":[{"name":"wp","href":"https:\/\/api.w.org\/{rel}","templated":true}]}}