{"id":1254,"date":"2020-03-09T13:16:52","date_gmt":"2020-03-09T12:16:52","guid":{"rendered":"https:\/\/www.lindt-home-of-chocolate.com\/?page_id=1254"},"modified":"2022-03-05T18:51:26","modified_gmt":"2022-03-05T17:51:26","slug":"legal-notice","status":"publish","type":"page","link":"https:\/\/www.lindt-home-of-chocolate.com\/en\/legal-notice\/","title":{"rendered":"Legal Notice"},"content":{"rendered":"<div class=\"wpb-content-wrapper\"><p>[vc_row full_width=&#8221;stretch_row_content&#8221;][vc_column]\r\n\t\t\t<div id=\"hero\" class=\"no-lazyload\"  style=\"background-image: url(https:\/\/www.lindt-home-of-chocolate.com\/wp-content\/uploads\/2020\/04\/cocoa-bean-1920x640-1.jpg); background-position: center center; background-size: cover; background-repreat: no-repeat; display: block; \"  ><\/div>\r\n\t\t\t\t<style>\r\n\t\t\t\t@media only screen and (max-width: 767.98px) {\r\n\t\t\t\t\t#hero {\r\n\t\t\t\t\t\tbackground-image: url(https:\/\/www.lindt-home-of-chocolate.com\/wp-content\/uploads\/2020\/04\/cocoa-bean-767x607-1.jpg) !important;\r\n\t\t\t\t\t}\r\n\t\t\t\t}\t\r\n\t\t\t\t<\/style>\r\n\t\t\t[\/vc_column][\/vc_row][vc_row el_class=&#8221;modul-4-row&#8221;][vc_column width=&#8221;2\/12&#8243;][\/vc_column][vc_column width=&#8221;8\/12&#8243;][vc_empty_space height=&#8221;45px&#8221; el_class=&#8221;mobile-15&#8243;]\r\n\t\t\t<div class=\"lindt-headline algin-center    topline-gold \">\t\t<span class=\"topline\">Legal Notice<\/span>\t<h1>Publisher of the site<\/h1>\r\n\t\t\t<\/div>\r\n\t\t\t[vc_column_text]<\/p>\n<p style=\"text-align: center;\"><strong>Lindt Chocolate Competence Foundation<\/strong><br \/>\nSchokoladenplatz 1<br \/>\n8802 Kilchberg<br \/>\nwww.lindt-home-of-chocolate.ch<\/p>\n<p>[\/vc_column_text][vc_empty_space height=&#8221;40px&#8221; el_class=&#8221;spacer-20&#8243;][vc_column_text]<\/p>\n<p style=\"text-align: center;\">Concept, design &amp; website implementation: Ogilvy AG, Zurich<\/p>\n<p>[\/vc_column_text][vc_empty_space height=&#8221;40px&#8221; el_class=&#8221;spacer-20&#8243;]\r\n\t\t\t<div class=\"lindt-headline algin-center    topline-gold \">\t<h2>The Lindt Home of Chocolate was realized by<\/h2>\r\n\t\t\t<\/div>\r\n\t\t\t[vc_column_text]<\/p>\n<p style=\"text-align: center;\">Client: Lindt Chocolate Competence Foundation, Kilchberg<\/p>\n<p style=\"text-align: center;\">Architecture: Christ &amp; Gantenbein, Basel<\/p>\n<p style=\"text-align: center;\">Exhibition Design: ATELIER BR\u00dcCKNER GmbH, Stuttgart<\/p>\n<p style=\"text-align: center;\">Interior Design of Caf\u00e9, Lounge &amp; Chocolateria: atelier z\u00fcrich gmbh, Z\u00fcrich<\/p>\n<p style=\"text-align: center;\">General contractor: EIFFAGE SUISSE AG, Kloten<\/p>\n<p>[\/vc_column_text][vc_empty_space height=&#8221;20px&#8221; el_class=&#8221;spacer-20&#8243;][vc_empty_space height=&#8221;20px&#8221; el_class=&#8221;spacer-20&#8243;]\r\n\t\t\t<div class=\"lindt-btn algin-center btn-style-1   \">\r\n\t\t\t\t<div class=\"lindt-btn-inner\">\r\n\t\t\t\t<a href=\"https:\/\/www.lindt-home-of-chocolate.com\/en\/contact\/#contact\" title=\"View contact form\" target=\"\" class=\"\">\r\n\t\t\t\t<span>VIEW CONTACT FORM<\/span><\/a><\/div>\r\n\t\t\t<\/div>\r\n\t\t\t[vc_empty_space height=&#8221;50px&#8221; el_class=&#8221;mobile-30&#8243;][\/vc_column][vc_column width=&#8221;2\/12&#8243;][\/vc_column][\/vc_row][vc_row][vc_column][vc_empty_space height=&#8221;40px&#8221; el_class=&#8221;hide-mobile&#8221;][\/vc_column][\/vc_row]<\/p>\n<\/div>","protected":false},"excerpt":{"rendered":"<p>[vc_row full_width=&#8221;stretch_row_content&#8221;][vc_column][\/vc_column][\/vc_row][vc_row el_class=&#8221;modul-4-row&#8221;][vc_column width=&#8221;2\/12&#8243;][\/vc_column][vc_column width=&#8221;8\/12&#8243;][vc_empty_space height=&#8221;45px&#8221; el_class=&#8221;mobile-15&#8243;][vc_column_text] Lindt Chocolate Competence Foundation Schokoladenplatz 1 8802 Kilchberg www.lindt-home-of-chocolate.ch [\/vc_column_text][vc_empty_space height=&#8221;40px&#8221; el_class=&#8221;spacer-20&#8243;][vc_column_text] Concept, design &amp; website implementation: Ogilvy AG, Zurich [\/vc_column_text][vc_empty_space height=&#8221;40px&#8221; el_class=&#8221;spacer-20&#8243;][vc_column_text] Client: Lindt Chocolate Competence Foundation, Kilchberg Architecture: Christ &amp; Gantenbein, Basel Exhibition Design: ATELIER BR\u00dcCKNER GmbH, Stuttgart Interior Design of Caf\u00e9, Lounge &amp; Chocolateria: atelier [&hellip;]<\/p>\n","protected":false},"author":1,"featured_media":0,"parent":0,"menu_order":0,"comment_status":"closed","ping_status":"closed","template":"fullwidth.php","meta":{"_acf_changed":false,"_relevanssi_hide_post":"","_relevanssi_hide_content":"","_relevanssi_pin_for_all":"","_relevanssi_pin_keywords":"","_relevanssi_unpin_keywords":"","_relevanssi_related_keywords":"","_relevanssi_related_include_ids":"","_relevanssi_related_exclude_ids":"","_relevanssi_related_no_append":"","_relevanssi_related_not_related":"","_relevanssi_related_posts":"","_relevanssi_noindex_reason":"","footnotes":""},"class_list":["post-1254","page","type-page","status-publish","hentry"],"acf":[],"yoast_head":"<!-- This site is optimized with the Yoast SEO plugin v26.8 - https:\/\/yoast.com\/product\/yoast-seo-wordpress\/ -->\n<title>Legal Notice for the Lindt Home of Chocolate<\/title>\n<meta name=\"description\" content=\"Find out here in the imprint who is the publisher of the Lindt Home of Chocolate website and how you can reach us.\" \/>\n<meta name=\"robots\" content=\"index, follow, max-snippet:-1, max-image-preview:large, max-video-preview:-1\" \/>\n<link rel=\"canonical\" href=\"https:\/\/www.lindt-home-of-chocolate.com\/en\/legal-notice\/\" \/>\n<meta property=\"og:locale\" content=\"en_US\" \/>\n<meta property=\"og:type\" content=\"article\" \/>\n<meta property=\"og:title\" content=\"Legal Notice for the Lindt Home of Chocolate\" \/>\n<meta property=\"og:description\" content=\"Find out here in the imprint who is the publisher of the Lindt Home of Chocolate website and how you can reach us.\" \/>\n<meta property=\"og:url\" content=\"https:\/\/www.lindt-home-of-chocolate.com\/en\/legal-notice\/\" \/>\n<meta property=\"og:site_name\" content=\"Lindt Home of Chocolate\" \/>\n<meta property=\"article:modified_time\" content=\"2022-03-05T17:51:26+00:00\" \/>\n<meta name=\"twitter:card\" content=\"summary_large_image\" \/>\n<meta name=\"twitter:label1\" content=\"Est. reading time\" \/>\n\t<meta name=\"twitter:data1\" content=\"1 minute\" \/>\n<script type=\"application\/ld+json\" class=\"yoast-schema-graph\">{\"@context\":\"https:\/\/schema.org\",\"@graph\":[{\"@type\":\"WebPage\",\"@id\":\"https:\/\/www.lindt-home-of-chocolate.com\/en\/legal-notice\/\",\"url\":\"https:\/\/www.lindt-home-of-chocolate.com\/en\/legal-notice\/\",\"name\":\"Legal Notice for the Lindt Home of Chocolate\",\"isPartOf\":{\"@id\":\"https:\/\/www.lindt-home-of-chocolate.com\/en\/#website\"},\"datePublished\":\"2020-03-09T12:16:52+00:00\",\"dateModified\":\"2022-03-05T17:51:26+00:00\",\"description\":\"Find out here in the imprint who is the publisher of the Lindt Home of Chocolate website and how you can reach us.\",\"breadcrumb\":{\"@id\":\"https:\/\/www.lindt-home-of-chocolate.com\/en\/legal-notice\/#breadcrumb\"},\"inLanguage\":\"en-US\",\"potentialAction\":[{\"@type\":\"ReadAction\",\"target\":[\"https:\/\/www.lindt-home-of-chocolate.com\/en\/legal-notice\/\"]}]},{\"@type\":\"BreadcrumbList\",\"@id\":\"https:\/\/www.lindt-home-of-chocolate.com\/en\/legal-notice\/#breadcrumb\",\"itemListElement\":[{\"@type\":\"ListItem\",\"position\":1,\"name\":\"Startseite\",\"item\":\"https:\/\/www.lindt-home-of-chocolate.com\/en\/\"},{\"@type\":\"ListItem\",\"position\":2,\"name\":\"Legal Notice\"}]},{\"@type\":\"WebSite\",\"@id\":\"https:\/\/www.lindt-home-of-chocolate.com\/en\/#website\",\"url\":\"https:\/\/www.lindt-home-of-chocolate.com\/en\/\",\"name\":\"Lindt Home of Chocolate\",\"description\":\"Das Schokoladenmuseum\",\"potentialAction\":[{\"@type\":\"SearchAction\",\"target\":{\"@type\":\"EntryPoint\",\"urlTemplate\":\"https:\/\/www.lindt-home-of-chocolate.com\/en\/?s={search_term_string}\"},\"query-input\":{\"@type\":\"PropertyValueSpecification\",\"valueRequired\":true,\"valueName\":\"search_term_string\"}}],\"inLanguage\":\"en-US\"}]}<\/script>\n<!-- \/ Yoast SEO plugin. -->","yoast_head_json":{"title":"Legal Notice for the Lindt Home of Chocolate","description":"Find out here in the imprint who is the publisher of the Lindt Home of Chocolate website and how you can reach us.","robots":{"index":"index","follow":"follow","max-snippet":"max-snippet:-1","max-image-preview":"max-image-preview:large","max-video-preview":"max-video-preview:-1"},"canonical":"https:\/\/www.lindt-home-of-chocolate.com\/en\/legal-notice\/","og_locale":"en_US","og_type":"article","og_title":"Legal Notice for the Lindt Home of Chocolate","og_description":"Find out here in the imprint who is the publisher of the Lindt Home of Chocolate website and how you can reach us.","og_url":"https:\/\/www.lindt-home-of-chocolate.com\/en\/legal-notice\/","og_site_name":"Lindt Home of Chocolate","article_modified_time":"2022-03-05T17:51:26+00:00","twitter_card":"summary_large_image","twitter_misc":{"Est. reading time":"1 minute"},"schema":{"@context":"https:\/\/schema.org","@graph":[{"@type":"WebPage","@id":"https:\/\/www.lindt-home-of-chocolate.com\/en\/legal-notice\/","url":"https:\/\/www.lindt-home-of-chocolate.com\/en\/legal-notice\/","name":"Legal Notice for the Lindt Home of Chocolate","isPartOf":{"@id":"https:\/\/www.lindt-home-of-chocolate.com\/en\/#website"},"datePublished":"2020-03-09T12:16:52+00:00","dateModified":"2022-03-05T17:51:26+00:00","description":"Find out here in the imprint who is the publisher of the Lindt Home of Chocolate website and how you can reach us.","breadcrumb":{"@id":"https:\/\/www.lindt-home-of-chocolate.com\/en\/legal-notice\/#breadcrumb"},"inLanguage":"en-US","potentialAction":[{"@type":"ReadAction","target":["https:\/\/www.lindt-home-of-chocolate.com\/en\/legal-notice\/"]}]},{"@type":"BreadcrumbList","@id":"https:\/\/www.lindt-home-of-chocolate.com\/en\/legal-notice\/#breadcrumb","itemListElement":[{"@type":"ListItem","position":1,"name":"Startseite","item":"https:\/\/www.lindt-home-of-chocolate.com\/en\/"},{"@type":"ListItem","position":2,"name":"Legal Notice"}]},{"@type":"WebSite","@id":"https:\/\/www.lindt-home-of-chocolate.com\/en\/#website","url":"https:\/\/www.lindt-home-of-chocolate.com\/en\/","name":"Lindt Home of Chocolate","description":"Das Schokoladenmuseum","potentialAction":[{"@type":"SearchAction","target":{"@type":"EntryPoint","urlTemplate":"https:\/\/www.lindt-home-of-chocolate.com\/en\/?s={search_term_string}"},"query-input":{"@type":"PropertyValueSpecification","valueRequired":true,"valueName":"search_term_string"}}],"inLanguage":"en-US"}]}},"_links":{"self":[{"href":"https:\/\/www.lindt-home-of-chocolate.com\/en\/wp-json\/wp\/v2\/pages\/1254","targetHints":{"allow":["GET"]}}],"collection":[{"href":"https:\/\/www.lindt-home-of-chocolate.com\/en\/wp-json\/wp\/v2\/pages"}],"about":[{"href":"https:\/\/www.lindt-home-of-chocolate.com\/en\/wp-json\/wp\/v2\/types\/page"}],"author":[{"embeddable":true,"href":"https:\/\/www.lindt-home-of-chocolate.com\/en\/wp-json\/wp\/v2\/users\/1"}],"replies":[{"embeddable":true,"href":"https:\/\/www.lindt-home-of-chocolate.com\/en\/wp-json\/wp\/v2\/comments?post=1254"}],"version-history":[{"count":30,"href":"https:\/\/www.lindt-home-of-chocolate.com\/en\/wp-json\/wp\/v2\/pages\/1254\/revisions"}],"predecessor-version":[{"id":9665,"href":"https:\/\/www.lindt-home-of-chocolate.com\/en\/wp-json\/wp\/v2\/pages\/1254\/revisions\/9665"}],"wp:attachment":[{"href":"https:\/\/www.lindt-home-of-chocolate.com\/en\/wp-json\/wp\/v2\/media?parent=1254"}],"curies":[{"name":"wp","href":"https:\/\/api.w.org\/{rel}","templated":true}]}}