{"id":1459,"date":"2020-03-10T14:40:13","date_gmt":"2020-03-10T13:40:13","guid":{"rendered":"https:\/\/www.lindt-home-of-chocolate.com\/?page_id=1459"},"modified":"2022-06-17T16:30:24","modified_gmt":"2022-06-17T14:30:24","slug":"lindt-chocolate-competence-foundation","status":"publish","type":"page","link":"https:\/\/www.lindt-home-of-chocolate.com\/fr\/lindt-chocolate-competence-foundation\/","title":{"rendered":"Lindt Chocolate Competence Foundation"},"content":{"rendered":"<div class=\"wpb-content-wrapper\"><p>[vc_row full_width=\u00a0\u00bbstretch_row_content\u00a0\u00bb][vc_column]\r\n\t\t\t<div id=\"hero\" class=\"no-lazyload\"  style=\"background-image: url(https:\/\/www.lindt-home-of-chocolate.com\/wp-content\/uploads\/2020\/04\/entree-lindt-home-of-chocolate-1920x640-1.jpg); background-position: center center; background-size: cover; background-repreat: no-repeat; display: block; \"  ><\/div>\r\n\t\t\t\t<style>\r\n\t\t\t\t@media only screen and (max-width: 767.98px) {\r\n\t\t\t\t\t#hero {\r\n\t\t\t\t\t\tbackground-image: url(https:\/\/www.lindt-home-of-chocolate.com\/wp-content\/uploads\/2020\/04\/entree-lindt-home-of-chocolate-767x607-1.jpg) !important;\r\n\t\t\t\t\t}\r\n\t\t\t\t}\t\r\n\t\t\t\t<\/style>\r\n\t\t\t[\/vc_column][\/vc_row][vc_row el_class=\u00a0\u00bbmodul-4-row\u00a0\u00bb][vc_column width=\u00a0\u00bb2\/12&Prime;][\/vc_column][vc_column width=\u00a0\u00bb8\/12&Prime;][vc_empty_space height=\u00a0\u00bb45px\u00a0\u00bb el_class=\u00a0\u00bbmobile-15&Prime;]\r\n\t\t\t<div class=\"lindt-headline algin-center    topline-gold \">\t\t<span class=\"topline\">LINDT CHOCOLATE COMPETENCE FOUNDATION<\/span>\t<h1>Une fondation suisse consacr\u00e9e au chocolat<\/h1>\r\n\t\t\t<\/div>\r\n\t\t\t[vc_column_text]<\/p>\n<p style=\"text-align: center;\">La Lindt Chocolate Competence Foundation qui a vu le jour en 2013 \u00e0 Kilchberg ZH a pour objectif de prot\u00e9ger la place de la Suisse \u00e0 long terme et de consolider la comp\u00e9tence suisse dans le domaine du chocolat. Le but de la fondation est la promotion d\u2019utilit\u00e9 publique de la science et de la recherche, de la formation, de la culture et de l\u2019information du public autour du chocolat.<\/p>\n<p>&nbsp;<\/p>\n<p style=\"text-align: center;\">Le projet principal de la Fondation est le Lindt Home of Chocolate. Ce centre de comp\u00e9tence a permis de cr\u00e9er \u00e0 Kilchberg une infrastructure (mus\u00e9e et installation d&rsquo;essai Pilot Plant) qui permet de d\u00e9velopper les connaissances et les comp\u00e9tences en mati\u00e8re de fabrication du chocolat et de faire vivre la bonne r\u00e9putation du chocolat suisse aux visiteurs du monde entier.<\/p>\n<p>[\/vc_column_text][vc_empty_space height=\u00a0\u00bb50px\u00a0\u00bb el_class=\u00a0\u00bbmobile-30&Prime;][vc_single_image image=\u00a0\u00bb3645&Prime; img_size=\u00a0\u00bb500&#215;269&Prime; alignment=\u00a0\u00bbcenter\u00a0\u00bb][\/vc_column][vc_column width=\u00a0\u00bb2\/12&Prime;][\/vc_column][\/vc_row][vc_row][vc_column][vc_empty_space height=\u00a0\u00bb60px\u00a0\u00bb el_class=\u00a0\u00bbmobile-30&Prime;][\/vc_column][\/vc_row]<\/p>\n<\/div>","protected":false},"excerpt":{"rendered":"<p>[vc_row full_width=\u00a0\u00bbstretch_row_content\u00a0\u00bb][vc_column][\/vc_column][\/vc_row][vc_row el_class=\u00a0\u00bbmodul-4-row\u00a0\u00bb][vc_column width=\u00a0\u00bb2\/12&Prime;][\/vc_column][vc_column width=\u00a0\u00bb8\/12&Prime;][vc_empty_space height=\u00a0\u00bb45px\u00a0\u00bb el_class=\u00a0\u00bbmobile-15&Prime;][vc_column_text] La Lindt Chocolate Competence Foundation qui a vu le jour en 2013 \u00e0 Kilchberg ZH a pour objectif de prot\u00e9ger la place de la Suisse \u00e0 long terme et de consolider la comp\u00e9tence suisse dans le domaine du chocolat. Le but de la fondation est la promotion d\u2019utilit\u00e9 [&hellip;]<\/p>\n","protected":false},"author":3,"featured_media":0,"parent":0,"menu_order":0,"comment_status":"closed","ping_status":"closed","template":"fullwidth.php","meta":{"_acf_changed":false,"_relevanssi_hide_post":"","_relevanssi_hide_content":"","_relevanssi_pin_for_all":"","_relevanssi_pin_keywords":"","_relevanssi_unpin_keywords":"","_relevanssi_related_keywords":"","_relevanssi_related_include_ids":"","_relevanssi_related_exclude_ids":"","_relevanssi_related_no_append":"","_relevanssi_related_not_related":"","_relevanssi_related_posts":"","_relevanssi_noindex_reason":"","footnotes":""},"class_list":["post-1459","page","type-page","status-publish","hentry"],"acf":[],"yoast_head":"<!-- This site is optimized with the Yoast SEO plugin v26.8 - https:\/\/yoast.com\/product\/yoast-seo-wordpress\/ -->\n<title>La \u00ab Lindt Chocolate Competence Foundation \u00bb<\/title>\n<meta name=\"description\" content=\"Cette fondation d\u2019utilit\u00e9 publique consolide la place de la Suisse dans le domaine du chocolat et a r\u00e9alis\u00e9 et financ\u00e9 la Lindt Home of Chocolate\" \/>\n<meta name=\"robots\" content=\"index, follow, max-snippet:-1, max-image-preview:large, max-video-preview:-1\" \/>\n<link rel=\"canonical\" href=\"https:\/\/www.lindt-home-of-chocolate.com\/fr\/lindt-chocolate-competence-foundation\/\" \/>\n<meta property=\"og:locale\" content=\"fr_FR\" \/>\n<meta property=\"og:type\" content=\"article\" \/>\n<meta property=\"og:title\" content=\"La \u00ab Lindt Chocolate Competence Foundation \u00bb\" \/>\n<meta property=\"og:description\" content=\"Cette fondation d\u2019utilit\u00e9 publique consolide la place de la Suisse dans le domaine du chocolat et a r\u00e9alis\u00e9 et financ\u00e9 la Lindt Home of Chocolate\" \/>\n<meta property=\"og:url\" content=\"https:\/\/www.lindt-home-of-chocolate.com\/fr\/lindt-chocolate-competence-foundation\/\" \/>\n<meta property=\"og:site_name\" content=\"lindt-home-of-chocolate.com\" \/>\n<meta property=\"article:modified_time\" content=\"2022-06-17T14:30:24+00:00\" \/>\n<meta property=\"og:image\" content=\"https:\/\/www.lindt-home-of-chocolate.com\/wp-content\/uploads\/2020\/04\/stiftung-facebook.jpg\" \/>\n\t<meta property=\"og:image:width\" content=\"1200\" \/>\n\t<meta property=\"og:image:height\" content=\"630\" \/>\n\t<meta property=\"og:image:type\" content=\"image\/jpeg\" \/>\n<meta name=\"twitter:card\" content=\"summary_large_image\" \/>\n<meta name=\"twitter:image\" content=\"https:\/\/www.lindt-home-of-chocolate.com\/wp-content\/uploads\/2020\/04\/stiftung-twitter.jpg\" \/>\n<meta name=\"twitter:label1\" content=\"Dur\u00e9e de lecture estim\u00e9e\" \/>\n\t<meta name=\"twitter:data1\" content=\"1 minute\" \/>\n<script type=\"application\/ld+json\" class=\"yoast-schema-graph\">{\"@context\":\"https:\/\/schema.org\",\"@graph\":[{\"@type\":\"WebPage\",\"@id\":\"https:\/\/www.lindt-home-of-chocolate.com\/fr\/lindt-chocolate-competence-foundation\/\",\"url\":\"https:\/\/www.lindt-home-of-chocolate.com\/fr\/lindt-chocolate-competence-foundation\/\",\"name\":\"La \u00ab Lindt Chocolate Competence Foundation \u00bb\",\"isPartOf\":{\"@id\":\"https:\/\/www.lindt-home-of-chocolate.com\/fr\/#website\"},\"datePublished\":\"2020-03-10T13:40:13+00:00\",\"dateModified\":\"2022-06-17T14:30:24+00:00\",\"description\":\"Cette fondation d\u2019utilit\u00e9 publique consolide la place de la Suisse dans le domaine du chocolat et a r\u00e9alis\u00e9 et financ\u00e9 la Lindt Home of Chocolate\",\"breadcrumb\":{\"@id\":\"https:\/\/www.lindt-home-of-chocolate.com\/fr\/lindt-chocolate-competence-foundation\/#breadcrumb\"},\"inLanguage\":\"fr-FR\",\"potentialAction\":[{\"@type\":\"ReadAction\",\"target\":[\"https:\/\/www.lindt-home-of-chocolate.com\/fr\/lindt-chocolate-competence-foundation\/\"]}]},{\"@type\":\"BreadcrumbList\",\"@id\":\"https:\/\/www.lindt-home-of-chocolate.com\/fr\/lindt-chocolate-competence-foundation\/#breadcrumb\",\"itemListElement\":[{\"@type\":\"ListItem\",\"position\":1,\"name\":\"Startseite\",\"item\":\"https:\/\/www.lindt-home-of-chocolate.com\/fr\/\"},{\"@type\":\"ListItem\",\"position\":2,\"name\":\"Lindt Chocolate Competence Foundation\"}]},{\"@type\":\"WebSite\",\"@id\":\"https:\/\/www.lindt-home-of-chocolate.com\/fr\/#website\",\"url\":\"https:\/\/www.lindt-home-of-chocolate.com\/fr\/\",\"name\":\"lindt-home-of-chocolate.com\",\"description\":\"Das Schokoladenmuseum\",\"potentialAction\":[{\"@type\":\"SearchAction\",\"target\":{\"@type\":\"EntryPoint\",\"urlTemplate\":\"https:\/\/www.lindt-home-of-chocolate.com\/fr\/?s={search_term_string}\"},\"query-input\":{\"@type\":\"PropertyValueSpecification\",\"valueRequired\":true,\"valueName\":\"search_term_string\"}}],\"inLanguage\":\"fr-FR\"}]}<\/script>\n<!-- \/ Yoast SEO plugin. -->","yoast_head_json":{"title":"La \u00ab Lindt Chocolate Competence Foundation \u00bb","description":"Cette fondation d\u2019utilit\u00e9 publique consolide la place de la Suisse dans le domaine du chocolat et a r\u00e9alis\u00e9 et financ\u00e9 la Lindt Home of Chocolate","robots":{"index":"index","follow":"follow","max-snippet":"max-snippet:-1","max-image-preview":"max-image-preview:large","max-video-preview":"max-video-preview:-1"},"canonical":"https:\/\/www.lindt-home-of-chocolate.com\/fr\/lindt-chocolate-competence-foundation\/","og_locale":"fr_FR","og_type":"article","og_title":"La \u00ab Lindt Chocolate Competence Foundation \u00bb","og_description":"Cette fondation d\u2019utilit\u00e9 publique consolide la place de la Suisse dans le domaine du chocolat et a r\u00e9alis\u00e9 et financ\u00e9 la Lindt Home of Chocolate","og_url":"https:\/\/www.lindt-home-of-chocolate.com\/fr\/lindt-chocolate-competence-foundation\/","og_site_name":"lindt-home-of-chocolate.com","article_modified_time":"2022-06-17T14:30:24+00:00","og_image":[{"width":1200,"height":630,"url":"https:\/\/www.lindt-home-of-chocolate.com\/wp-content\/uploads\/2020\/04\/stiftung-facebook.jpg","type":"image\/jpeg"}],"twitter_card":"summary_large_image","twitter_image":"https:\/\/www.lindt-home-of-chocolate.com\/wp-content\/uploads\/2020\/04\/stiftung-twitter.jpg","twitter_misc":{"Dur\u00e9e de lecture estim\u00e9e":"1 minute"},"schema":{"@context":"https:\/\/schema.org","@graph":[{"@type":"WebPage","@id":"https:\/\/www.lindt-home-of-chocolate.com\/fr\/lindt-chocolate-competence-foundation\/","url":"https:\/\/www.lindt-home-of-chocolate.com\/fr\/lindt-chocolate-competence-foundation\/","name":"La \u00ab Lindt Chocolate Competence Foundation \u00bb","isPartOf":{"@id":"https:\/\/www.lindt-home-of-chocolate.com\/fr\/#website"},"datePublished":"2020-03-10T13:40:13+00:00","dateModified":"2022-06-17T14:30:24+00:00","description":"Cette fondation d\u2019utilit\u00e9 publique consolide la place de la Suisse dans le domaine du chocolat et a r\u00e9alis\u00e9 et financ\u00e9 la Lindt Home of Chocolate","breadcrumb":{"@id":"https:\/\/www.lindt-home-of-chocolate.com\/fr\/lindt-chocolate-competence-foundation\/#breadcrumb"},"inLanguage":"fr-FR","potentialAction":[{"@type":"ReadAction","target":["https:\/\/www.lindt-home-of-chocolate.com\/fr\/lindt-chocolate-competence-foundation\/"]}]},{"@type":"BreadcrumbList","@id":"https:\/\/www.lindt-home-of-chocolate.com\/fr\/lindt-chocolate-competence-foundation\/#breadcrumb","itemListElement":[{"@type":"ListItem","position":1,"name":"Startseite","item":"https:\/\/www.lindt-home-of-chocolate.com\/fr\/"},{"@type":"ListItem","position":2,"name":"Lindt Chocolate Competence Foundation"}]},{"@type":"WebSite","@id":"https:\/\/www.lindt-home-of-chocolate.com\/fr\/#website","url":"https:\/\/www.lindt-home-of-chocolate.com\/fr\/","name":"lindt-home-of-chocolate.com","description":"Das Schokoladenmuseum","potentialAction":[{"@type":"SearchAction","target":{"@type":"EntryPoint","urlTemplate":"https:\/\/www.lindt-home-of-chocolate.com\/fr\/?s={search_term_string}"},"query-input":{"@type":"PropertyValueSpecification","valueRequired":true,"valueName":"search_term_string"}}],"inLanguage":"fr-FR"}]}},"_links":{"self":[{"href":"https:\/\/www.lindt-home-of-chocolate.com\/fr\/wp-json\/wp\/v2\/pages\/1459","targetHints":{"allow":["GET"]}}],"collection":[{"href":"https:\/\/www.lindt-home-of-chocolate.com\/fr\/wp-json\/wp\/v2\/pages"}],"about":[{"href":"https:\/\/www.lindt-home-of-chocolate.com\/fr\/wp-json\/wp\/v2\/types\/page"}],"author":[{"embeddable":true,"href":"https:\/\/www.lindt-home-of-chocolate.com\/fr\/wp-json\/wp\/v2\/users\/3"}],"replies":[{"embeddable":true,"href":"https:\/\/www.lindt-home-of-chocolate.com\/fr\/wp-json\/wp\/v2\/comments?post=1459"}],"version-history":[{"count":15,"href":"https:\/\/www.lindt-home-of-chocolate.com\/fr\/wp-json\/wp\/v2\/pages\/1459\/revisions"}],"predecessor-version":[{"id":10447,"href":"https:\/\/www.lindt-home-of-chocolate.com\/fr\/wp-json\/wp\/v2\/pages\/1459\/revisions\/10447"}],"wp:attachment":[{"href":"https:\/\/www.lindt-home-of-chocolate.com\/fr\/wp-json\/wp\/v2\/media?parent=1459"}],"curies":[{"name":"wp","href":"https:\/\/api.w.org\/{rel}","templated":true}]}}