{"id":17427,"date":"2023-09-05T15:49:21","date_gmt":"2023-09-05T13:49:21","guid":{"rendered":"https:\/\/www.lindt-home-of-chocolate.com\/?page_id=17427"},"modified":"2026-03-06T09:40:23","modified_gmt":"2026-03-06T08:40:23","slug":"acces","status":"publish","type":"page","link":"https:\/\/www.lindt-home-of-chocolate.com\/fr\/acces\/","title":{"rendered":"Acces"},"content":{"rendered":"<div class=\"wpb-content-wrapper\"><p>[vc_row full_width=\u00a0\u00bbstretch_row_content\u00a0\u00bb][vc_column]\r\n\t\t\t<div id=\"hero\" class=\"no-lazyload\"  style=\"background-image: url(https:\/\/www.lindt-home-of-chocolate.com\/wp-content\/uploads\/2020\/04\/lindt-home-of-chocolate-kilchberg-de-1920x640-1.jpg); background-position: center center; background-size: cover; background-repreat: no-repeat; display: block; \"  ><\/div>\r\n\t\t\t\t<style>\r\n\t\t\t\t@media only screen and (max-width: 767.98px) {\r\n\t\t\t\t\t#hero {\r\n\t\t\t\t\t\tbackground-image: url(https:\/\/www.lindt-home-of-chocolate.com\/wp-content\/uploads\/2020\/04\/lindt-home-of-chocolate-kilchberg-de-767x607-1.jpg) !important;\r\n\t\t\t\t\t}\r\n\t\t\t\t}\t\r\n\t\t\t\t<\/style>\r\n\t\t\t[\/vc_column][\/vc_row][vc_row][vc_column][vc_empty_space height=\u00a0\u00bb60px\u00a0\u00bb][\/vc_column][\/vc_row][vc_row][vc_column][vc_empty_space height=\u00a0\u00bb40px\u00a0\u00bb el_class=\u00a0\u00bbmobile-30&Prime;][\/vc_column][\/vc_row][vc_row el_class=\u00a0\u00bbmodul-0-row-1&Prime;][vc_column width=\u00a0\u00bb1\/12&Prime;][\/vc_column][vc_column width=\u00a0\u00bb10\/12&Prime;][vc_row_inner css=\u00a0\u00bb.vc_custom_1581342948348{background-color: #f0f0f0 !important;}\u00a0\u00bb][vc_column_inner width=\u00a0\u00bb2\/12&Prime;][\/vc_column_inner][vc_column_inner width=\u00a0\u00bb8\/12&Prime;][vc_empty_space height=\u00a0\u00bb45px\u00a0\u00bb el_class=\u00a0\u00bbmobile-15&Prime;]\r\n\t\t\t<div class=\"lindt-headline algin-center    topline-gold \">\t\t<span class=\"topline\">acces<\/span>\t<h1>Acc\u00e8s au paradis du chocolat<\/h1>\r\n\t\t\t<\/div>\r\n\t\t\t[vc_column_text css=\u00a0\u00bb\u00a0\u00bb]<\/p>\n<div class=\"wpb_text_column wpb_content_element \">\n<div class=\"wpb_wrapper\">\n<p style=\"text-align: center;\">La Lindt Home of Chocolate se trouve \u00e0 c\u00f4t\u00e9 de nos ateliers de production historiques qui produisent du chocolat depuis 1899. Vous pouvez ais\u00e9ment vous y rendre avec les transports en commun. Avec <a href=\"https:\/\/www.sbb.ch\/fr\/loisirs-et-vacances\/idees\/offre.html\/tagesausflug\/lindt-home-of-chocolate?at_medium=affiliate&amp;at_campaign=VMA22_0125_RAW_2022_236&amp;at_type=lindt_home_of_chocolate_DE\">RailAway<\/a> et la <a href=\"https:\/\/www.zuerich.com\/fr\/zurichcard\">Z\u00fcrich Card<\/a> vous profitez en outre d\u2019une r\u00e9duction sur l\u2019entr\u00e9e au mus\u00e9e.<\/p>\n<\/div>\n<\/div>\n<p>[\/vc_column_text][vc_empty_space height=\u00a0\u00bb20px\u00a0\u00bb]\r\n\t\t\t<div class=\"lindt-btn algin-center btn-style-2  ```` \">\r\n\t\t\t\t<div class=\"lindt-btn-inner\">\r\n\t\t\t\t<a href=\"https:\/\/www.lindt-home-of-chocolate.com\/wp-content\/uploads\/2024\/10\/Lindt_HoC_Flyer_Anreise_105x210_V5_EN.pdf\" title=\"Anreise Flyer\" target=\"_blank\" class=\"\">\r\n\t\t\t\t<span>D\u00e9pliant sur l\u00e2rriv\u00e9e<\/span><\/a><\/div>\r\n\t\t\t<\/div>\r\n\t\t\t[vc_empty_space height=\u00a0\u00bb30px\u00a0\u00bb][\/vc_column_inner][vc_column_inner width=\u00a0\u00bb2\/12&Prime;][\/vc_column_inner][\/vc_row_inner][\/vc_column][vc_column width=\u00a0\u00bb1\/12&Prime;][\/vc_column][\/vc_row][vc_row el_id=\u00a0\u00bbanfahrt\u00a0\u00bb][vc_column][vc_raw_html]JTNDaWZyYW1lJTIwc3JjJTNEJTIyaHR0cHMlM0ElMkYlMkZ3d3cuZ29vZ2xlLmNvbSUyRm1hcHMlMkZlbWJlZCUzRnBiJTNEJTIxMW0xNCUyMTFtOCUyMTFtMyUyMTFkMjcwNC43NzY0MzUzODE3MzY1JTIxMmQ4LjU0ODYzMyUyMTNkNDcuMzE4NzA1OSUyMTNtMiUyMTFpMTAyNCUyMTJpNzY4JTIxNGYxMy4xJTIxM20zJTIxMW0yJTIxMXMweDQ3OWFhNzQ3NjE2YTY3ZDUlMjUzQTB4NWFkZDBhMTIzNDJhYTg4NCUyMTJzTGluZHQlMjUyMEhvbWUlMjUyMG9mJTI1MjBDaG9jb2xhdGUlMjUyMCUyOEVyJTI1QzMlMjVCNmZmbnVuZyUyNTIwMjAyMCUyOSUyMTVlMCUyMTNtMiUyMTFzZGUlMjEyc2RlJTIxNHYxNTg0OTU0MDg0NjU4JTIxNW0yJTIxMXNkZSUyMTJzZGUlMjIlMjB3aWR0aCUzRCUyMjEwMCUyNSUyMiUyMGhlaWdodCUzRCUyMjU1MCUyMiUyMGZyYW1lYm9yZGVyJTNEJTIyMCUyMiUyMHN0eWxlJTNEJTIyYm9yZGVyJTNBMCUzQiUyMiUyMGFsbG93ZnVsbHNjcmVlbiUzRCUyMiUyMiUyMGFyaWEtaGlkZGVuJTNEJTIyZmFsc2UlMjIlMjB0YWJpbmRleCUzRCUyMjAlMjIlM0UlM0MlMkZpZnJhbWUlM0U=[\/vc_raw_html][\/vc_column][\/vc_row][vc_row el_class=\u00a0\u00bbmodul-0-row-3&Prime;][vc_column width=\u00a0\u00bb1\/12&Prime;][\/vc_column][vc_column width=\u00a0\u00bb10\/12&Prime;][vc_row_inner css=\u00a0\u00bb.vc_custom_1581343033303{background-color: #f0f0f0 !important;}\u00a0\u00bb][vc_column_inner width=\u00a0\u00bb2\/12&Prime;][\/vc_column_inner][vc_column_inner width=\u00a0\u00bb8\/12&Prime;][vc_empty_space height=\u00a0\u00bb40px\u00a0\u00bb el_class=\u00a0\u00bbmobile-30&Prime;][vc_column_text el_class=\u00a0\u00bboptima mobile-center\u00a0\u00bb]<\/p>\n<p style=\"text-align: center;\"><strong>LINDT HOME OF CHOCOLATE<\/strong><\/p>\n<p style=\"text-align: center;\">Schokoladenplatz 1<br \/>\nSeestrasse 204<br \/>\n8802 Kilchberg<\/p>\n<p>[\/vc_column_text][vc_empty_space height=\u00a0\u00bb40px\u00a0\u00bb el_class=\u00a0\u00bbmobile-30&Prime;][\/vc_column_inner][vc_column_inner width=\u00a0\u00bb2\/12&Prime;][\/vc_column_inner][\/vc_row_inner][vc_row_inner css=\u00a0\u00bb.vc_custom_1581343039128{background-color: #f0f0f0 !important;}\u00a0\u00bb][vc_column_inner width=\u00a0\u00bb2\/12&Prime;][\/vc_column_inner][vc_column_inner width=\u00a0\u00bb8\/12&Prime;]\r\n\t\t\t<div class=\"lindt-btn algin-center btn-style-2   \">\r\n\t\t\t\t<div class=\"lindt-btn-inner\">\r\n\t\t\t\t<a href=\"https:\/\/goo.gl\/maps\/FiCRZWoi55YW1Deo6\" title=\"IN GOOGLE MAPS \u00d6FFNEN\" target=\"_blank\" class=\"\">\r\n\t\t\t\t<span>Ouvrir dans Google Maps<\/span><\/a><\/div>\r\n\t\t\t<\/div>\r\n\t\t\t[vc_empty_space height=\u00a0\u00bb20px\u00a0\u00bb][\/vc_column_inner][vc_column_inner width=\u00a0\u00bb2\/12&Prime;][\/vc_column_inner][\/vc_row_inner][vc_row_inner css=\u00a0\u00bb.vc_custom_1581343039128{background-color: #f0f0f0 !important;}\u00a0\u00bb][vc_column_inner width=\u00a0\u00bb2\/12&Prime;][\/vc_column_inner][vc_column_inner width=\u00a0\u00bb8\/12&Prime;]\r\n\t\t\t<div class=\"lindt-btn algin-center btn-style-2  ```` \">\r\n\t\t\t\t<div class=\"lindt-btn-inner\">\r\n\t\t\t\t<a href=\"https:\/\/www.sbb.ch\/de?stops=~Kilchberg+ZH+Lindt+Spr%C3%BCngli\" title=\"Acces avec les transports en commun\" target=\"_blank\" class=\"\">\r\n\t\t\t\t<span>Acces avec les transports en commun<\/span><\/a><\/div>\r\n\t\t\t<\/div>\r\n\t\t\t[vc_empty_space height=\u00a0\u00bb20px\u00a0\u00bb][\/vc_column_inner][vc_column_inner width=\u00a0\u00bb2\/12&Prime;][\/vc_column_inner][\/vc_row_inner][vc_row_inner css=\u00a0\u00bb.vc_custom_1581343039128{background-color: #f0f0f0 !important;}\u00a0\u00bb][vc_column_inner][vc_empty_space height=\u00a0\u00bb60px\u00a0\u00bb el_class=\u00a0\u00bbmobile-30&Prime;][\/vc_column_inner][\/vc_row_inner][\/vc_column][vc_column width=\u00a0\u00bb1\/12&Prime;][\/vc_column][\/vc_row][vc_row][vc_column][vc_empty_space height=\u00a0\u00bb100px\u00a0\u00bb el_class=\u00a0\u00bbmobile-30&Prime;][\/vc_column][\/vc_row][vc_row equal_height=\u00a0\u00bbyes\u00a0\u00bb el_class=\u00a0\u00bbmodul-7-row-1 modul-7-row-top\u00a0\u00bb][vc_column width=\u00a0\u00bb1\/12&Prime;][\/vc_column][vc_column width=\u00a0\u00bb5\/12&Prime; css=\u00a0\u00bb.vc_custom_1582896833179{background-color: #f0f0f0 !important;}\u00a0\u00bb el_class=\u00a0\u00bbmodul-7-row-img\u00a0\u00bb][vc_single_image image=\u00a0\u00bb1145&Prime; img_size=\u00a0\u00bb720&#215;470&Prime;][\/vc_column][vc_column width=\u00a0\u00bb5\/12&Prime; css=\u00a0\u00bb.vc_custom_1582896838386{background-color: #f0f0f0 !important;}\u00a0\u00bb el_class=\u00a0\u00bbmodul-7-row-text\u00a0\u00bb][vc_empty_space height=\u00a0\u00bb40px\u00a0\u00bb el_class=\u00a0\u00bbmobile-30&Prime;]\r\n\t\t\t<div class=\"lindt-headline  bg-grey   \">\t<h2>A la Lindt Home of Chocolate en 20 minutes depuis Zurich!<\/h2>\r\n\t\t\t<\/div>\r\n\t\t\t[vc_column_text]<\/p>\n<table style=\"width: 100%; height: 96px;\">\n<tbody>\n<tr style=\"height: 24px;\">\n<td style=\"height: 24px; width: 26.2238%;\"><strong>Bus \u00e9lectrique<\/strong><\/td>\n<td style=\"height: 24px; width: 72.3776%;\">Depuis la B\u00fcrkliplatz (ligne 165, arr\u00eat de bus Lindt &amp; Spr\u00fcngli)<\/td>\n<\/tr>\n<tr style=\"height: 48px;\">\n<td style=\"height: 48px; width: 26.2238%;\"><strong>Bateau<\/strong><\/td>\n<td style=\"height: 48px; width: 72.3776%;\">Depuis la B\u00fcrkliplatz (petit circuit 3731, arr\u00eat Kilchberg ZH (lac) et 10 minutes de marche<\/td>\n<\/tr>\n<tr style=\"height: 24px;\">\n<td style=\"height: 24px; width: 26.2238%;\"><strong>Train<\/strong><\/td>\n<td style=\"height: 24px; width: 72.3776%;\">S8 ou S24 jusqu\u2019\u00e0 Kilchberg ZH et 10 minutes de marche (via Pilgerweg)<\/td>\n<\/tr>\n<\/tbody>\n<\/table>\n<p>[\/vc_column_text][vc_empty_space height=\u00a0\u00bb20px\u00a0\u00bb el_class=\u00a0\u00bbspacer-20&Prime;][vc_column_text el_class=\u00a0\u00bbsmall-txt\u00a0\u00bb]<strong>Remarque: <\/strong>Kilchberg se situe en dehors de la zone ZVV \u00ab\u00a0110\u00a0\u00bb. Si vous utilisez les transports en commun, il faut acheter un billet suppl\u00e9mentaire pour la zone \u00ab\u00a0150\u00a0\u00bb.[\/vc_column_text][vc_empty_space height=\u00a0\u00bb20px\u00a0\u00bb el_class=\u00a0\u00bbspacer-20&Prime;][\/vc_column][vc_column width=\u00a0\u00bb1\/12&Prime;][\/vc_column][\/vc_row][vc_row equal_height=\u00a0\u00bbyes\u00a0\u00bb el_class=\u00a0\u00bbmodul-7-row-2&Prime;][vc_column width=\u00a0\u00bb1\/12&Prime;][\/vc_column][vc_column width=\u00a0\u00bb5\/12&Prime; css=\u00a0\u00bb.vc_custom_1582896846248{background-color: #f0f0f0 !important;}\u00a0\u00bb el_class=\u00a0\u00bbmodul-7-row-text\u00a0\u00bb]\r\n\t\t\t<div class=\"lindt-headline     \">\t<h2>Acc\u00e8s en voiture<\/h2>\r\n\t\t\t<\/div>\r\n\t\t\t[vc_column_text]5 minutes \u00e0 partir de la sortie d\u2019autoroute Thalwil-R\u00fcschlikon. Suivez les panneaux indicateurs bruns \u00abLindt\u00bb \u00e0 Schokoladenplatz 1, 8802 Kilchberg. Entr\u00e9e du parking souterrain depuis la Seestrasse.[\/vc_column_text][vc_empty_space height=\u00a0\u00bb20px\u00a0\u00bb el_class=\u00a0\u00bbspacer-20&Prime;][vc_column_text el_class=\u00a0\u00bbsmall-txt\u00a0\u00bb]<strong>Remarque:<\/strong> seuls quelques emplacements de stationnement sont disponibles. Ce sont payantes[\/vc_column_text][vc_column_text el_class=\u00a0\u00bbsmall-txt\u00a0\u00bb]Pour les voitures \u00e9lectriques, <strong>6 places de parking avec bornes de recharge<\/strong> sont \u00e0 disposition : (CHF 0.40 \/ kwh)[\/vc_column_text][vc_empty_space height=\u00a0\u00bb20px\u00a0\u00bb el_class=\u00a0\u00bbspacer-20 hide-mobile hide-tablet\u00a0\u00bb]\r\n\t\t\t<div class=\"lindt-btn  btn-style-2   has-inner-icon\">\r\n\t\t\t\t<div class=\"lindt-btn-inner\">\r\n\t\t\t\t<a href=\"https:\/\/www.lindt-home-of-chocolate.com\/wp-content\/uploads\/2023\/09\/230901_Parking_A4_FR-1.pdf\" title=\"\" target=\"_blank\" class=\"\">\r\n\t\t\t\t<img decoding=\"async\" class=\"no-lazyload\" src=\"\/wp-content\/themes\/wp-bootstrap-starter-lindt\/Icons\/download-icon.svg\" \/><img decoding=\"async\" class=\"icon-hover no-lazyload\" src=\"\/wp-content\/themes\/wp-bootstrap-starter-lindt\/Icons\/download-icon-white.svg\" \/><span>Offres et Tarifs<\/span><\/a><\/div>\r\n\t\t\t<\/div>\r\n\t\t\t[vc_empty_space height=\u00a0\u00bb20px\u00a0\u00bb el_class=\u00a0\u00bbspacer-20 hide-mobile hide-tablet\u00a0\u00bb][\/vc_column][vc_column width=\u00a0\u00bb5\/12&Prime; css=\u00a0\u00bb.vc_custom_1582896851760{background-color: #f0f0f0 !important;}\u00a0\u00bb el_class=\u00a0\u00bbmodul-7-row-img\u00a0\u00bb][vc_single_image image=\u00a0\u00bb3237&Prime; img_size=\u00a0\u00bb720&#215;470&Prime;][\/vc_column][vc_column width=\u00a0\u00bb1\/12&Prime;][\/vc_column][\/vc_row][vc_row][vc_column][vc_empty_space height=\u00a0\u00bb40px\u00a0\u00bb el_class=\u00a0\u00bbmobile-30&Prime;][\/vc_column][\/vc_row][vc_row el_class=\u00a0\u00bbmodul-4-row\u00a0\u00bb][vc_column width=\u00a0\u00bb2\/12&Prime;][\/vc_column][vc_column width=\u00a0\u00bb8\/12&Prime;][vc_empty_space height=\u00a0\u00bb45px\u00a0\u00bb el_class=\u00a0\u00bbmobile-20&Prime;]\r\n\t\t\t<div class=\"lindt-headline algin-center    \">\t\t<span class=\"topline\">Horaires d'ouverture<\/span>\t<h2>Ouverture 360 jours par an<\/h2>\r\n\t\t\t<\/div>\r\n\t\t\t[vc_column_text]<\/p>\n<p style=\"text-align: center;\">Vous trouverez ici un aper\u00e7u des horaires d\u2019ouverture de notre mus\u00e9e, du caf\u00e9 ainsi que de la boutique.<\/p>\n<p>[\/vc_column_text][vc_empty_space height=\u00a0\u00bb20px\u00a0\u00bb el_class=\u00a0\u00bbspacer-20 hide-mobile hide-tablet\u00a0\u00bb]\r\n\t\t\t<div class=\"lindt-btn algin-center btn-style-1   \">\r\n\t\t\t\t<div class=\"lindt-btn-inner\">\r\n\t\t\t\t<a href=\"https:\/\/www.lindt-home-of-chocolate.com\/fr\/acces\/\" title=\"Acces\" target=\"\" class=\"\">\r\n\t\t\t\t<span>En savoir plus<\/span><\/a><\/div>\r\n\t\t\t<\/div>\r\n\t\t\t[vc_empty_space height=\u00a0\u00bb50px\u00a0\u00bb el_class=\u00a0\u00bbspacer-50&Prime;][\/vc_column][vc_column width=\u00a0\u00bb2\/12&Prime;][\/vc_column][\/vc_row][vc_row][vc_column][vc_empty_space height=\u00a0\u00bb40px\u00a0\u00bb el_class=\u00a0\u00bbspacer-40&Prime;][\/vc_column][\/vc_row][vc_row content_placement=\u00a0\u00bbmiddle\u00a0\u00bb css=\u00a0\u00bb.vc_custom_1583154529287{background-color: #dbb86e !important;}\u00a0\u00bb el_class=\u00a0\u00bbmodul-2-row modul-text-img\u00a0\u00bb][vc_column width=\u00a0\u00bb1\/12&Prime;][\/vc_column][vc_column width=\u00a0\u00bb4\/12&Prime;]\r\n\t\t\t<div class=\"lindt-headline  bg-gold   \">\t<h2>Autres informations<\/h2>\r\n\t\t\t<\/div>\r\n\t\t\t[vc_column_text el_class=\u00a0\u00bbsmall-txt\u00a0\u00bb]<\/p>\n<ul>\n<li>Notre Lindt Home of Chocolate est accessible en fauteuil roulant<\/li>\n<li>Petites consignes gratuites pour les bagages<\/li>\n<li>Emplacements de rechargement USB gratuits pour les t\u00e9l\u00e9phones portables<\/li>\n<li>Wi-Fi gratuit pour les visiteurs<\/li>\n<li>Les poussettes ne sont pas admises dans l\u2019exposition (buggies gratuits \u00e0 disposition)<\/li>\n<li>Emplacement de pique-nique pour les \u00e9coles \u00e0 l\u2019ext\u00e9rieur<\/li>\n<li>Les animaux ne sont pas admis dans le b\u00e2timent (exception : les chiens d\u2019assistance avec identification)<\/li>\n<li>Notre Lindt Home of Chocolate est un espace non fumeur<\/li>\n<li>Pour votre s\u00e9curit\u00e9, la Lindt Home of Chocolate b\u00e9n\u00e9ficie d\u2019une vid\u00e9o-surveillance<\/li>\n<\/ul>\n<p>[\/vc_column_text][vc_empty_space height=\u00a0\u00bb20px\u00a0\u00bb el_class=\u00a0\u00bbspacer-20&Prime;]\r\n\t\t\t<div class=\"lindt-btn  btn-style-4   has-inner-icon\">\r\n\t\t\t\t<div class=\"lindt-btn-inner\">\r\n\t\t\t\t<a href=\"https:\/\/stage.lindt-home-of-chocolate.com\/wp-content\/uploads\/2020\/11\/201113_Hausordnung-FR.pdf\" title=\"Download\" target=\"_blank\" class=\"\">\r\n\t\t\t\t<img decoding=\"async\" class=\"no-lazyload\" src=\"\/wp-content\/themes\/wp-bootstrap-starter-lindt\/Icons\/download-icon-white.svg\" \/><img decoding=\"async\" class=\"icon-hover no-lazyload\" src=\"\/wp-content\/themes\/wp-bootstrap-starter-lindt\/Icons\/download-icon.svg\" \/><span>R\u00e8glement Int\u00e9rieur<\/span><\/a><\/div>\r\n\t\t\t<\/div>\r\n\t\t\t[vc_empty_space height=\u00a0\u00bb20px\u00a0\u00bb el_class=\u00a0\u00bbspacer-20&Prime;][\/vc_column][vc_column width=\u00a0\u00bb1\/12&Prime;][\/vc_column][vc_column width=\u00a0\u00bb6\/12&Prime;][vc_single_image image=\u00a0\u00bb4437&Prime; img_size=\u00a0\u00bb720&#215;470&Prime;][\/vc_column][\/vc_row][vc_row][vc_column][vc_empty_space height=\u00a0\u00bb40px\u00a0\u00bb el_class=\u00a0\u00bbmobile-30&Prime;][\/vc_column][\/vc_row]<\/p>\n<\/div>","protected":false},"excerpt":{"rendered":"<p>[vc_row full_width=\u00a0\u00bbstretch_row_content\u00a0\u00bb][vc_column][\/vc_column][\/vc_row][vc_row][vc_column][vc_empty_space height=\u00a0\u00bb60px\u00a0\u00bb][\/vc_column][\/vc_row][vc_row][vc_column][vc_empty_space height=\u00a0\u00bb40px\u00a0\u00bb el_class=\u00a0\u00bbmobile-30&Prime;][\/vc_column][\/vc_row][vc_row el_class=\u00a0\u00bbmodul-0-row-1&Prime;][vc_column width=\u00a0\u00bb1\/12&Prime;][\/vc_column][vc_column width=\u00a0\u00bb10\/12&Prime;][vc_row_inner css=\u00a0\u00bb.vc_custom_1581342948348{background-color: #f0f0f0 !important;}\u00a0\u00bb][vc_column_inner width=\u00a0\u00bb2\/12&Prime;][\/vc_column_inner][vc_column_inner width=\u00a0\u00bb8\/12&Prime;][vc_empty_space height=\u00a0\u00bb45px\u00a0\u00bb el_class=\u00a0\u00bbmobile-15&Prime;][vc_column_text css=\u00a0\u00bb\u00a0\u00bb] La Lindt Home of Chocolate se trouve \u00e0 c\u00f4t\u00e9 de nos ateliers de production historiques qui produisent du chocolat depuis 1899. Vous pouvez ais\u00e9ment vous y rendre avec les transports en commun. Avec RailAway et la Z\u00fcrich Card vous [&hellip;]<\/p>\n","protected":false},"author":14,"featured_media":0,"parent":0,"menu_order":0,"comment_status":"closed","ping_status":"closed","template":"fullwidth.php","meta":{"_acf_changed":false,"_relevanssi_hide_post":"","_relevanssi_hide_content":"","_relevanssi_pin_for_all":"","_relevanssi_pin_keywords":"","_relevanssi_unpin_keywords":"","_relevanssi_related_keywords":"","_relevanssi_related_include_ids":"","_relevanssi_related_exclude_ids":"","_relevanssi_related_no_append":"","_relevanssi_related_not_related":"","_relevanssi_related_posts":"","_relevanssi_noindex_reason":"","footnotes":""},"class_list":["post-17427","page","type-page","status-publish","hentry"],"acf":[],"yoast_head":"<!-- This site is optimized with the Yoast SEO plugin v26.8 - https:\/\/yoast.com\/product\/yoast-seo-wordpress\/ -->\n<title>Acc\u00e8s \u00e0 la Lindt Home of Chocolate<\/title>\n<meta name=\"description\" content=\"Arriver \u00e0 la Lindt Home of Chocolate par les transports en commun. En 20 minutes seulement depuis quasi n\u2019importe o\u00f9 dans Zurich.\" \/>\n<meta name=\"robots\" content=\"index, follow, max-snippet:-1, max-image-preview:large, max-video-preview:-1\" \/>\n<link rel=\"canonical\" href=\"https:\/\/www.lindt-home-of-chocolate.com\/fr\/acces\/\" \/>\n<meta property=\"og:locale\" content=\"fr_FR\" \/>\n<meta property=\"og:type\" content=\"article\" \/>\n<meta property=\"og:title\" content=\"Acc\u00e8s \u00e0 la Lindt Home of Chocolate\" \/>\n<meta property=\"og:description\" content=\"Arriver \u00e0 la Lindt Home of Chocolate par les transports en commun. En 20 minutes seulement depuis quasi n\u2019importe o\u00f9 dans Zurich.\" \/>\n<meta property=\"og:url\" content=\"https:\/\/www.lindt-home-of-chocolate.com\/fr\/acces\/\" \/>\n<meta property=\"og:site_name\" content=\"lindt-home-of-chocolate.com\" \/>\n<meta property=\"article:modified_time\" content=\"2026-03-06T08:40:23+00:00\" \/>\n<meta name=\"twitter:card\" content=\"summary_large_image\" \/>\n<meta name=\"twitter:label1\" content=\"Dur\u00e9e de lecture estim\u00e9e\" \/>\n\t<meta name=\"twitter:data1\" content=\"3 minutes\" \/>\n<script type=\"application\/ld+json\" class=\"yoast-schema-graph\">{\"@context\":\"https:\/\/schema.org\",\"@graph\":[{\"@type\":\"WebPage\",\"@id\":\"https:\/\/www.lindt-home-of-chocolate.com\/fr\/acces\/\",\"url\":\"https:\/\/www.lindt-home-of-chocolate.com\/fr\/acces\/\",\"name\":\"Acc\u00e8s \u00e0 la Lindt Home of Chocolate\",\"isPartOf\":{\"@id\":\"https:\/\/www.lindt-home-of-chocolate.com\/fr\/#website\"},\"datePublished\":\"2023-09-05T13:49:21+00:00\",\"dateModified\":\"2026-03-06T08:40:23+00:00\",\"description\":\"Arriver \u00e0 la Lindt Home of Chocolate par les transports en commun. En 20 minutes seulement depuis quasi n\u2019importe o\u00f9 dans Zurich.\",\"breadcrumb\":{\"@id\":\"https:\/\/www.lindt-home-of-chocolate.com\/fr\/acces\/#breadcrumb\"},\"inLanguage\":\"fr-FR\",\"potentialAction\":[{\"@type\":\"ReadAction\",\"target\":[\"https:\/\/www.lindt-home-of-chocolate.com\/fr\/acces\/\"]}]},{\"@type\":\"BreadcrumbList\",\"@id\":\"https:\/\/www.lindt-home-of-chocolate.com\/fr\/acces\/#breadcrumb\",\"itemListElement\":[{\"@type\":\"ListItem\",\"position\":1,\"name\":\"Startseite\",\"item\":\"https:\/\/www.lindt-home-of-chocolate.com\/fr\/\"},{\"@type\":\"ListItem\",\"position\":2,\"name\":\"Acces\"}]},{\"@type\":\"WebSite\",\"@id\":\"https:\/\/www.lindt-home-of-chocolate.com\/fr\/#website\",\"url\":\"https:\/\/www.lindt-home-of-chocolate.com\/fr\/\",\"name\":\"lindt-home-of-chocolate.com\",\"description\":\"Das Schokoladenmuseum\",\"potentialAction\":[{\"@type\":\"SearchAction\",\"target\":{\"@type\":\"EntryPoint\",\"urlTemplate\":\"https:\/\/www.lindt-home-of-chocolate.com\/fr\/?s={search_term_string}\"},\"query-input\":{\"@type\":\"PropertyValueSpecification\",\"valueRequired\":true,\"valueName\":\"search_term_string\"}}],\"inLanguage\":\"fr-FR\"}]}<\/script>\n<!-- \/ Yoast SEO plugin. -->","yoast_head_json":{"title":"Acc\u00e8s \u00e0 la Lindt Home of Chocolate","description":"Arriver \u00e0 la Lindt Home of Chocolate par les transports en commun. En 20 minutes seulement depuis quasi n\u2019importe o\u00f9 dans Zurich.","robots":{"index":"index","follow":"follow","max-snippet":"max-snippet:-1","max-image-preview":"max-image-preview:large","max-video-preview":"max-video-preview:-1"},"canonical":"https:\/\/www.lindt-home-of-chocolate.com\/fr\/acces\/","og_locale":"fr_FR","og_type":"article","og_title":"Acc\u00e8s \u00e0 la Lindt Home of Chocolate","og_description":"Arriver \u00e0 la Lindt Home of Chocolate par les transports en commun. En 20 minutes seulement depuis quasi n\u2019importe o\u00f9 dans Zurich.","og_url":"https:\/\/www.lindt-home-of-chocolate.com\/fr\/acces\/","og_site_name":"lindt-home-of-chocolate.com","article_modified_time":"2026-03-06T08:40:23+00:00","twitter_card":"summary_large_image","twitter_misc":{"Dur\u00e9e de lecture estim\u00e9e":"3 minutes"},"schema":{"@context":"https:\/\/schema.org","@graph":[{"@type":"WebPage","@id":"https:\/\/www.lindt-home-of-chocolate.com\/fr\/acces\/","url":"https:\/\/www.lindt-home-of-chocolate.com\/fr\/acces\/","name":"Acc\u00e8s \u00e0 la Lindt Home of Chocolate","isPartOf":{"@id":"https:\/\/www.lindt-home-of-chocolate.com\/fr\/#website"},"datePublished":"2023-09-05T13:49:21+00:00","dateModified":"2026-03-06T08:40:23+00:00","description":"Arriver \u00e0 la Lindt Home of Chocolate par les transports en commun. En 20 minutes seulement depuis quasi n\u2019importe o\u00f9 dans Zurich.","breadcrumb":{"@id":"https:\/\/www.lindt-home-of-chocolate.com\/fr\/acces\/#breadcrumb"},"inLanguage":"fr-FR","potentialAction":[{"@type":"ReadAction","target":["https:\/\/www.lindt-home-of-chocolate.com\/fr\/acces\/"]}]},{"@type":"BreadcrumbList","@id":"https:\/\/www.lindt-home-of-chocolate.com\/fr\/acces\/#breadcrumb","itemListElement":[{"@type":"ListItem","position":1,"name":"Startseite","item":"https:\/\/www.lindt-home-of-chocolate.com\/fr\/"},{"@type":"ListItem","position":2,"name":"Acces"}]},{"@type":"WebSite","@id":"https:\/\/www.lindt-home-of-chocolate.com\/fr\/#website","url":"https:\/\/www.lindt-home-of-chocolate.com\/fr\/","name":"lindt-home-of-chocolate.com","description":"Das Schokoladenmuseum","potentialAction":[{"@type":"SearchAction","target":{"@type":"EntryPoint","urlTemplate":"https:\/\/www.lindt-home-of-chocolate.com\/fr\/?s={search_term_string}"},"query-input":{"@type":"PropertyValueSpecification","valueRequired":true,"valueName":"search_term_string"}}],"inLanguage":"fr-FR"}]}},"_links":{"self":[{"href":"https:\/\/www.lindt-home-of-chocolate.com\/fr\/wp-json\/wp\/v2\/pages\/17427","targetHints":{"allow":["GET"]}}],"collection":[{"href":"https:\/\/www.lindt-home-of-chocolate.com\/fr\/wp-json\/wp\/v2\/pages"}],"about":[{"href":"https:\/\/www.lindt-home-of-chocolate.com\/fr\/wp-json\/wp\/v2\/types\/page"}],"author":[{"embeddable":true,"href":"https:\/\/www.lindt-home-of-chocolate.com\/fr\/wp-json\/wp\/v2\/users\/14"}],"replies":[{"embeddable":true,"href":"https:\/\/www.lindt-home-of-chocolate.com\/fr\/wp-json\/wp\/v2\/comments?post=17427"}],"version-history":[{"count":22,"href":"https:\/\/www.lindt-home-of-chocolate.com\/fr\/wp-json\/wp\/v2\/pages\/17427\/revisions"}],"predecessor-version":[{"id":157211,"href":"https:\/\/www.lindt-home-of-chocolate.com\/fr\/wp-json\/wp\/v2\/pages\/17427\/revisions\/157211"}],"wp:attachment":[{"href":"https:\/\/www.lindt-home-of-chocolate.com\/fr\/wp-json\/wp\/v2\/media?parent=17427"}],"curies":[{"name":"wp","href":"https:\/\/api.w.org\/{rel}","templated":true}]}}