{"id":17444,"date":"2023-09-05T16:44:54","date_gmt":"2023-09-05T14:44:54","guid":{"rendered":"https:\/\/www.lindt-home-of-chocolate.com\/?page_id=17444"},"modified":"2026-03-30T14:37:14","modified_gmt":"2026-03-30T12:37:14","slug":"horaires-douverture-de-la-lindt-home-of-chocolate","status":"publish","type":"page","link":"https:\/\/www.lindt-home-of-chocolate.com\/fr\/horaires-douverture-de-la-lindt-home-of-chocolate\/","title":{"rendered":"Horaires d&rsquo;ouverture"},"content":{"rendered":"<div class=\"wpb-content-wrapper\"><p>[vc_row full_width=\u00a0\u00bbstretch_row_content\u00a0\u00bb][vc_column]\r\n\t\t\t<div id=\"hero\" class=\"no-lazyload\"  style=\"background-image: url(https:\/\/www.lindt-home-of-chocolate.com\/wp-content\/uploads\/2023\/09\/LS_HOC_Eingang_1920x640_FR.jpg); background-position: center center; background-size: cover; background-repreat: no-repeat; display: block; \"  ><\/div>\r\n\t\t\t\t<style>\r\n\t\t\t\t@media only screen and (max-width: 767.98px) {\r\n\t\t\t\t\t#hero {\r\n\t\t\t\t\t\tbackground-image: url(https:\/\/www.lindt-home-of-chocolate.com\/wp-content\/uploads\/2023\/09\/LS_HOC_Eingang_767x607_FR.jpg) !important;\r\n\t\t\t\t\t}\r\n\t\t\t\t}\t\r\n\t\t\t\t<\/style>\r\n\t\t\t[\/vc_column][\/vc_row][vc_row el_class=\u00a0\u00bbmodul-4-row\u00a0\u00bb][vc_column width=\u00a0\u00bb2\/12&Prime;][\/vc_column][vc_column width=\u00a0\u00bb8\/12&Prime;][vc_empty_space height=\u00a0\u00bb45px\u00a0\u00bb el_class=\u00a0\u00bbmobile-20&Prime;]\r\n\t\t\t<div class=\"lindt-headline algin-center    topline-gold \">\t\t<span class=\"topline\">Horaires d'ouverture<\/span>\t<h1>Ouverture 360 jours par an<\/h1>\r\n\t\t\t<\/div>\r\n\t\t\t[vc_column_text]<\/p>\n<p style=\"text-align: center;\">La Lindt Home of Chocolate est ouverte tous les jours, \u00e0 l\u2019exception de No\u00ebl\u00a0\/\u00a0du Nouvel An, ainsi que sur deux journ\u00e9es de maintenance au printemps et \u00e0 l\u2019automne. Les portes du hall d\u2019entr\u00e9e s\u2019ouvrent \u00e0 9h30 et la premi\u00e8re visite possible avec audioguide d\u00e9bute \u00e0 10h00.<\/p>\n<p>[\/vc_column_text][vc_empty_space height=\u00a0\u00bb20px\u00a0\u00bb el_class=\u00a0\u00bbspacer-20&Prime;][\/vc_column][vc_column width=\u00a0\u00bb2\/12&Prime;][\/vc_column][\/vc_row][vc_row][vc_column][vc_empty_space height=\u00a0\u00bb60px\u00a0\u00bb][\/vc_column][\/vc_row][vc_row el_class=\u00a0\u00bbmodul-7-row-0&Prime;][vc_column width=\u00a0\u00bb1\/12&Prime;][\/vc_column][vc_column width=\u00a0\u00bb10\/12&Prime; css=\u00a0\u00bb.vc_custom_1582896807765{background-color: #f0f0f0 !important;}\u00a0\u00bb][vc_row_inner][vc_column_inner width=\u00a0\u00bb1\/4&Prime;][\/vc_column_inner][vc_column_inner width=\u00a0\u00bb1\/2&Prime;][vc_empty_space height=\u00a0\u00bb40px\u00a0\u00bb el_class=\u00a0\u00bbspacer-40&Prime;]\r\n\t\t\t<div class=\"lindt-headline algin-center    \">\t<h2>Aper\u00e7u des heures d'ouverture<\/h2>\r\n\t\t\t<\/div>\r\n\t\t\t[vc_empty_space height=\u00a0\u00bb100px\u00a0\u00bb el_class=\u00a0\u00bbmobile-30&Prime;][\/vc_column_inner][vc_column_inner width=\u00a0\u00bb1\/4&Prime;][\/vc_column_inner][\/vc_row_inner][\/vc_column][vc_column width=\u00a0\u00bb1\/12&Prime;][\/vc_column][\/vc_row][vc_row equal_height=\u00a0\u00bbyes\u00a0\u00bb el_class=\u00a0\u00bbmodul-7-row-2&Prime;][vc_column width=\u00a0\u00bb1\/12&Prime;][\/vc_column][vc_column width=\u00a0\u00bb5\/12&Prime; css=\u00a0\u00bb.vc_custom_1582896821624{background-color: #f0f0f0 !important;}\u00a0\u00bb el_class=\u00a0\u00bbmodul-7-row-text\u00a0\u00bb]\r\n\t\t\t<div class=\"lindt-headline  bg-grey   \">\t<h3>Horaires d'ouverture g\u00e9n\u00e9rales<\/h3>\r\n\t\t\t<\/div>\r\n\t\t\t[vc_column_text]<strong>Lundi \u2013 Dimanche, de 10h00 \u00e0 19h00<\/strong>[\/vc_column_text][vc_empty_space height=\u00a0\u00bb20px\u00a0\u00bb el_class=\u00a0\u00bbspacer-20&Prime;]\r\n\t\t\t<div class=\"lindt-headline  bg-grey   \">\t<h3>Heures d\u2019ouverture sp\u00e9ciales<\/h3>\r\n\t\t\t<\/div>\r\n\t\t\t[vc_column_text css=\u00a0\u00bb\u00a0\u00bb]<\/p>\n<div class=\"lindt-headline algin-center topline-gold \">\n<p style=\"text-align: left;\">03 mai 2026: ouvert \u00e0 partir de 14h00<br \/>\n05 mai 2026: ferm\u00e9 (maintenance)<br \/>\n06 mai 2026: ouvert \u00e0 partir de 12h00<br \/>\n03 novembre 2026: ferm\u00e9 (maintenance)<br \/>\n04 novembre 2026: ouvert \u00e0 partir de 12h00<br \/>\n024\/31 d\u00e9cembre: ouvert jusqu\u2019\u00e0 16h00<br \/>\n25\/26 d\u00e9cembre: ferm\u00e9<br \/>\n1 janvier: ferm\u00e9<br \/>\n4 mai 2027: ferm\u00e9 (maintenance)<br \/>\n5 mai 2027: ouvert \u00e0 partir de 12h00<br \/>\n2 novembre 2027: ferm\u00e9 (maintenance)<br \/>\n3 novembre 2027: ouvert \u00e0 partir de 12h00<\/p>\n<p style=\"text-align: left;\">\n<\/div>\n<p>[\/vc_column_text][\/vc_column][vc_column width=\u00a0\u00bb5\/12&Prime; css=\u00a0\u00bb.vc_custom_1582896827094{background-color: #f0f0f0 !important;}\u00a0\u00bb el_class=\u00a0\u00bbmodul-7-row-img\u00a0\u00bb][vc_single_image image=\u00a0\u00bb17659&Prime; img_size=\u00a0\u00bb720&#215;470&Prime;][\/vc_column][vc_column width=\u00a0\u00bb1\/12&Prime;][\/vc_column][\/vc_row][vc_row equal_height=\u00a0\u00bbyes\u00a0\u00bb el_class=\u00a0\u00bbmodul-7-row-1&Prime;][vc_column width=\u00a0\u00bb1\/12&Prime;][\/vc_column][vc_column width=\u00a0\u00bb5\/12&Prime; css=\u00a0\u00bb.vc_custom_1582896833179{background-color: #f0f0f0 !important;}\u00a0\u00bb el_class=\u00a0\u00bbmodul-7-row-img\u00a0\u00bb][vc_single_image image=\u00a0\u00bb3237&Prime; img_size=\u00a0\u00bb720&#215;470&Prime;][\/vc_column][vc_column width=\u00a0\u00bb5\/12&Prime; css=\u00a0\u00bb.vc_custom_1582896838386{background-color: #f0f0f0 !important;}\u00a0\u00bb el_class=\u00a0\u00bbmodul-7-row-text\u00a0\u00bb]\r\n\t\t\t<div class=\"lindt-headline  bg-grey ````  \">\t<h3>Heures d'ouverture du mus\u00e9e<\/h3>\r\n\t\t\t<\/div>\r\n\t\t\t[vc_column_text]<strong>de 10h00 \u00e0 19h00<\/strong>[\/vc_column_text][vc_empty_space height=\u00a0\u00bb20px\u00a0\u00bb el_class=\u00a0\u00bbspacer-20&Prime;][vc_column_text css=\u00a0\u00bb\u00a0\u00bb]Le dernier cr\u00e9neau pour la visite avec audioguide est \u00e0 17h30. Les visites de groupe exclusives peuvent commencer plus tard, sur demande et moyennant un suppl\u00e9ment.[\/vc_column_text][vc_empty_space height=\u00a0\u00bb20px\u00a0\u00bb el_class=\u00a0\u00bbspacer-20&Prime;]\r\n\t\t\t<div class=\"lindt-btn  btn-style-2   \">\r\n\t\t\t\t<div class=\"lindt-btn-inner\">\r\n\t\t\t\t<a href=\"https:\/\/www.lindt-home-of-chocolate.com\/fr\/tour-autour-du-chocolat\/\" title=\"Tour autour chocolat\" target=\"\" class=\"\">\r\n\t\t\t\t<span>R\u00e9servez la visite maintenant<\/span><\/a><\/div>\r\n\t\t\t<\/div>\r\n\t\t\t[\/vc_column][vc_column width=\u00a0\u00bb1\/12&Prime;][\/vc_column][\/vc_row][vc_row equal_height=\u00a0\u00bbyes\u00a0\u00bb el_class=\u00a0\u00bbmodul-7-row-2&Prime;][vc_column width=\u00a0\u00bb1\/12&Prime;][\/vc_column][vc_column width=\u00a0\u00bb5\/12&Prime; css=\u00a0\u00bb.vc_custom_1582896846248{background-color: #f0f0f0 !important;}\u00a0\u00bb el_class=\u00a0\u00bbmodul-7-row-text\u00a0\u00bb]\r\n\t\t\t<div class=\"lindt-headline  bg-grey   \">\t<h3>Horaires d\u2019ouverture du Lindt Chocolate Shop<\/h3>\r\n\t\t\t<\/div>\r\n\t\t\t[vc_column_text]<strong>de 10h00 \u00e0 19h00<\/strong><\/p>\n<p>Une exp\u00e9rience de shopping sur 500\u00a0m2 vous attend 360\u00a0jours par an dans le plus grand Lindt\u00a0Shop du monde. \u00c0 la station Ma\u00eetre, vous d\u00e9couvrirez l\u2019art des Ma\u00eetres Chocolatiers Lindt au plus pr\u00e8s.[\/vc_column_text][vc_empty_space height=\u00a0\u00bb20px\u00a0\u00bb el_class=\u00a0\u00bbspacer-20&Prime;]\r\n\t\t\t<div class=\"lindt-btn  btn-style-2   \">\r\n\t\t\t\t<div class=\"lindt-btn-inner\">\r\n\t\t\t\t<a href=\"https:\/\/www.lindt-home-of-chocolate.com\/fr\/lindt-chocolate-shop\/\" title=\"Lindt Shop\" target=\"\" class=\"\">\r\n\t\t\t\t<span>En savoir plus<\/span><\/a><\/div>\r\n\t\t\t<\/div>\r\n\t\t\t[\/vc_column][vc_column width=\u00a0\u00bb5\/12&Prime; css=\u00a0\u00bb.vc_custom_1582896851760{background-color: #f0f0f0 !important;}\u00a0\u00bb el_class=\u00a0\u00bbmodul-7-row-img\u00a0\u00bb][vc_single_image image=\u00a0\u00bb3311&Prime; img_size=\u00a0\u00bb720&#215;470&Prime;][\/vc_column][vc_column width=\u00a0\u00bb1\/12&Prime;][\/vc_column][\/vc_row][vc_row equal_height=\u00a0\u00bbyes\u00a0\u00bb el_class=\u00a0\u00bbmodul-7-row-1&Prime;][vc_column width=\u00a0\u00bb1\/12&Prime;][\/vc_column][vc_column width=\u00a0\u00bb5\/12&Prime; css=\u00a0\u00bb.vc_custom_1582896858338{background-color: #f0f0f0 !important;}\u00a0\u00bb el_class=\u00a0\u00bbmodul-7-row-img\u00a0\u00bb][vc_single_image image=\u00a0\u00bb3428&Prime; img_size=\u00a0\u00bb720&#215;470&Prime;][\/vc_column][vc_column width=\u00a0\u00bb5\/12&Prime; css=\u00a0\u00bb.vc_custom_1582896863286{background-color: #f0f0f0 !important;}\u00a0\u00bb el_class=\u00a0\u00bbmodul-7-row-text\u00a0\u00bb]\r\n\t\t\t<div class=\"lindt-headline  bg-grey   \">\t<h3>Horaires d'ouverture du Lindt Caf\u00e9<\/h3>\r\n\t\t\t<\/div>\r\n\t\t\t[vc_column_text]<strong>de 10h00 \u00e0 19h00<\/strong><\/p>\n<p>Faites-vous plaisir 360\u00a0jours par an dans le premier Caf\u00e9 Lindt de Suisse avec des plats sucr\u00e9s et savoureux.[\/vc_column_text][vc_empty_space height=\u00a0\u00bb20px\u00a0\u00bb el_class=\u00a0\u00bbspacer-20&Prime;]\r\n\t\t\t<div class=\"lindt-btn  btn-style-2   \">\r\n\t\t\t\t<div class=\"lindt-btn-inner\">\r\n\t\t\t\t<a href=\"https:\/\/www.lindt-home-of-chocolate.com\/fr\/lindt-cafe\/\" title=\"Lindt Caf\u00e9\" target=\"\" class=\"\">\r\n\t\t\t\t<span>En savoir plus<\/span><\/a><\/div>\r\n\t\t\t<\/div>\r\n\t\t\t[\/vc_column][vc_column width=\u00a0\u00bb1\/12&Prime;][\/vc_column][\/vc_row][vc_row][vc_column][vc_empty_space height=\u00a0\u00bb40px\u00a0\u00bb el_class=\u00a0\u00bbmobile-30&Prime;][\/vc_column][\/vc_row][vc_row el_class=\u00a0\u00bbmodul-4-row\u00a0\u00bb][vc_column width=\u00a0\u00bb2\/12&Prime;][\/vc_column][vc_column width=\u00a0\u00bb8\/12&Prime;][vc_empty_space height=\u00a0\u00bb45px\u00a0\u00bb el_class=\u00a0\u00bbmobile-20&Prime;]\r\n\t\t\t<div class=\"lindt-headline algin-center    topline-gold \">\t\t<span class=\"topline\">Acces<\/span>\t<h2>De nombreux chemins m\u00e8nent \u00e0 la Lindt Home of Chocolate<\/h2>\r\n\t\t\t<\/div>\r\n\t\t\t[vc_column_text]<\/p>\n<p style=\"text-align: center;\">La Lindt Home of Chocolate se trouve \u00e0 c\u00f4t\u00e9 de nos ateliers de production historiques qui produisent du chocolat depuis 1899. Vous pouvez ais\u00e9ment vous y rendre avec les transports en commun.<\/p>\n<p>[\/vc_column_text][vc_empty_space height=\u00a0\u00bb20px\u00a0\u00bb el_class=\u00a0\u00bbspacer-20&Prime;]\r\n\t\t\t<div class=\"lindt-btn algin-center btn-style-1   \">\r\n\t\t\t\t<div class=\"lindt-btn-inner\">\r\n\t\t\t\t<a href=\"https:\/\/www.lindt-home-of-chocolate.com\/fr\/acces\/\" title=\"Acces\" target=\"\" class=\"\">\r\n\t\t\t\t<span>En savoir plus<\/span><\/a><\/div>\r\n\t\t\t<\/div>\r\n\t\t\t[vc_empty_space height=\u00a0\u00bb50px\u00a0\u00bb el_class=\u00a0\u00bbspacer-50&Prime;][\/vc_column][vc_column width=\u00a0\u00bb2\/12&Prime;][\/vc_column][\/vc_row][vc_row][vc_column][vc_empty_space height=\u00a0\u00bb40px\u00a0\u00bb el_class=\u00a0\u00bbmobile-30&Prime;][\/vc_column][\/vc_row]<\/p>\n<\/div>","protected":false},"excerpt":{"rendered":"<p>[vc_row full_width=\u00a0\u00bbstretch_row_content\u00a0\u00bb][vc_column][\/vc_column][\/vc_row][vc_row el_class=\u00a0\u00bbmodul-4-row\u00a0\u00bb][vc_column width=\u00a0\u00bb2\/12&Prime;][\/vc_column][vc_column width=\u00a0\u00bb8\/12&Prime;][vc_empty_space height=\u00a0\u00bb45px\u00a0\u00bb el_class=\u00a0\u00bbmobile-20&Prime;][vc_column_text] La Lindt Home of Chocolate est ouverte tous les jours, \u00e0 l\u2019exception de No\u00ebl\u00a0\/\u00a0du Nouvel An, ainsi que sur deux journ\u00e9es de maintenance au printemps et \u00e0 l\u2019automne. Les portes du hall d\u2019entr\u00e9e s\u2019ouvrent \u00e0 9h30 et la premi\u00e8re visite possible avec audioguide d\u00e9bute \u00e0 10h00. [\/vc_column_text][vc_empty_space height=\u00a0\u00bb20px\u00a0\u00bb [&hellip;]<\/p>\n","protected":false},"author":14,"featured_media":0,"parent":0,"menu_order":0,"comment_status":"closed","ping_status":"closed","template":"fullwidth.php","meta":{"_acf_changed":false,"_relevanssi_hide_post":"","_relevanssi_hide_content":"","_relevanssi_pin_for_all":"","_relevanssi_pin_keywords":"","_relevanssi_unpin_keywords":"","_relevanssi_related_keywords":"","_relevanssi_related_include_ids":"","_relevanssi_related_exclude_ids":"","_relevanssi_related_no_append":"","_relevanssi_related_not_related":"","_relevanssi_related_posts":"","_relevanssi_noindex_reason":"","footnotes":""},"class_list":["post-17444","page","type-page","status-publish","hentry"],"acf":[],"yoast_head":"<!-- This site is optimized with the Yoast SEO plugin v26.8 - https:\/\/yoast.com\/product\/yoast-seo-wordpress\/ -->\n<title>Horaires d&#039;ouverture - lindt-home-of-chocolate.com<\/title>\n<meta name=\"description\" content=\"La Lindt Home of Chocolate est ouverte 360 jours par an, du lundi au dimanche de 10h00 \u00e0 19h00.\" \/>\n<meta name=\"robots\" content=\"index, follow, max-snippet:-1, max-image-preview:large, max-video-preview:-1\" \/>\n<link rel=\"canonical\" href=\"https:\/\/www.lindt-home-of-chocolate.com\/fr\/horaires-douverture-de-la-lindt-home-of-chocolate\/\" \/>\n<meta property=\"og:locale\" content=\"fr_FR\" \/>\n<meta property=\"og:type\" content=\"article\" \/>\n<meta property=\"og:title\" content=\"Horaires d&#039;ouverture - lindt-home-of-chocolate.com\" \/>\n<meta property=\"og:description\" content=\"La Lindt Home of Chocolate est ouverte 360 jours par an, du lundi au dimanche de 10h00 \u00e0 19h00.\" \/>\n<meta property=\"og:url\" content=\"https:\/\/www.lindt-home-of-chocolate.com\/fr\/horaires-douverture-de-la-lindt-home-of-chocolate\/\" \/>\n<meta property=\"og:site_name\" content=\"lindt-home-of-chocolate.com\" \/>\n<meta property=\"article:modified_time\" content=\"2026-03-30T12:37:14+00:00\" \/>\n<meta name=\"twitter:card\" content=\"summary_large_image\" \/>\n<meta name=\"twitter:label1\" content=\"Dur\u00e9e de lecture estim\u00e9e\" \/>\n\t<meta name=\"twitter:data1\" content=\"4 minutes\" \/>\n<script type=\"application\/ld+json\" class=\"yoast-schema-graph\">{\"@context\":\"https:\/\/schema.org\",\"@graph\":[{\"@type\":\"WebPage\",\"@id\":\"https:\/\/www.lindt-home-of-chocolate.com\/fr\/horaires-douverture-de-la-lindt-home-of-chocolate\/\",\"url\":\"https:\/\/www.lindt-home-of-chocolate.com\/fr\/horaires-douverture-de-la-lindt-home-of-chocolate\/\",\"name\":\"Horaires d'ouverture - lindt-home-of-chocolate.com\",\"isPartOf\":{\"@id\":\"https:\/\/www.lindt-home-of-chocolate.com\/fr\/#website\"},\"datePublished\":\"2023-09-05T14:44:54+00:00\",\"dateModified\":\"2026-03-30T12:37:14+00:00\",\"description\":\"La Lindt Home of Chocolate est ouverte 360 jours par an, du lundi au dimanche de 10h00 \u00e0 19h00.\",\"breadcrumb\":{\"@id\":\"https:\/\/www.lindt-home-of-chocolate.com\/fr\/horaires-douverture-de-la-lindt-home-of-chocolate\/#breadcrumb\"},\"inLanguage\":\"fr-FR\",\"potentialAction\":[{\"@type\":\"ReadAction\",\"target\":[\"https:\/\/www.lindt-home-of-chocolate.com\/fr\/horaires-douverture-de-la-lindt-home-of-chocolate\/\"]}]},{\"@type\":\"BreadcrumbList\",\"@id\":\"https:\/\/www.lindt-home-of-chocolate.com\/fr\/horaires-douverture-de-la-lindt-home-of-chocolate\/#breadcrumb\",\"itemListElement\":[{\"@type\":\"ListItem\",\"position\":1,\"name\":\"Startseite\",\"item\":\"https:\/\/www.lindt-home-of-chocolate.com\/fr\/\"},{\"@type\":\"ListItem\",\"position\":2,\"name\":\"Horaires d&#8217;ouverture\"}]},{\"@type\":\"WebSite\",\"@id\":\"https:\/\/www.lindt-home-of-chocolate.com\/fr\/#website\",\"url\":\"https:\/\/www.lindt-home-of-chocolate.com\/fr\/\",\"name\":\"lindt-home-of-chocolate.com\",\"description\":\"Das Schokoladenmuseum\",\"potentialAction\":[{\"@type\":\"SearchAction\",\"target\":{\"@type\":\"EntryPoint\",\"urlTemplate\":\"https:\/\/www.lindt-home-of-chocolate.com\/fr\/?s={search_term_string}\"},\"query-input\":{\"@type\":\"PropertyValueSpecification\",\"valueRequired\":true,\"valueName\":\"search_term_string\"}}],\"inLanguage\":\"fr-FR\"}]}<\/script>\n<!-- \/ Yoast SEO plugin. -->","yoast_head_json":{"title":"Horaires d'ouverture - lindt-home-of-chocolate.com","description":"La Lindt Home of Chocolate est ouverte 360 jours par an, du lundi au dimanche de 10h00 \u00e0 19h00.","robots":{"index":"index","follow":"follow","max-snippet":"max-snippet:-1","max-image-preview":"max-image-preview:large","max-video-preview":"max-video-preview:-1"},"canonical":"https:\/\/www.lindt-home-of-chocolate.com\/fr\/horaires-douverture-de-la-lindt-home-of-chocolate\/","og_locale":"fr_FR","og_type":"article","og_title":"Horaires d'ouverture - lindt-home-of-chocolate.com","og_description":"La Lindt Home of Chocolate est ouverte 360 jours par an, du lundi au dimanche de 10h00 \u00e0 19h00.","og_url":"https:\/\/www.lindt-home-of-chocolate.com\/fr\/horaires-douverture-de-la-lindt-home-of-chocolate\/","og_site_name":"lindt-home-of-chocolate.com","article_modified_time":"2026-03-30T12:37:14+00:00","twitter_card":"summary_large_image","twitter_misc":{"Dur\u00e9e de lecture estim\u00e9e":"4 minutes"},"schema":{"@context":"https:\/\/schema.org","@graph":[{"@type":"WebPage","@id":"https:\/\/www.lindt-home-of-chocolate.com\/fr\/horaires-douverture-de-la-lindt-home-of-chocolate\/","url":"https:\/\/www.lindt-home-of-chocolate.com\/fr\/horaires-douverture-de-la-lindt-home-of-chocolate\/","name":"Horaires d'ouverture - lindt-home-of-chocolate.com","isPartOf":{"@id":"https:\/\/www.lindt-home-of-chocolate.com\/fr\/#website"},"datePublished":"2023-09-05T14:44:54+00:00","dateModified":"2026-03-30T12:37:14+00:00","description":"La Lindt Home of Chocolate est ouverte 360 jours par an, du lundi au dimanche de 10h00 \u00e0 19h00.","breadcrumb":{"@id":"https:\/\/www.lindt-home-of-chocolate.com\/fr\/horaires-douverture-de-la-lindt-home-of-chocolate\/#breadcrumb"},"inLanguage":"fr-FR","potentialAction":[{"@type":"ReadAction","target":["https:\/\/www.lindt-home-of-chocolate.com\/fr\/horaires-douverture-de-la-lindt-home-of-chocolate\/"]}]},{"@type":"BreadcrumbList","@id":"https:\/\/www.lindt-home-of-chocolate.com\/fr\/horaires-douverture-de-la-lindt-home-of-chocolate\/#breadcrumb","itemListElement":[{"@type":"ListItem","position":1,"name":"Startseite","item":"https:\/\/www.lindt-home-of-chocolate.com\/fr\/"},{"@type":"ListItem","position":2,"name":"Horaires d&#8217;ouverture"}]},{"@type":"WebSite","@id":"https:\/\/www.lindt-home-of-chocolate.com\/fr\/#website","url":"https:\/\/www.lindt-home-of-chocolate.com\/fr\/","name":"lindt-home-of-chocolate.com","description":"Das Schokoladenmuseum","potentialAction":[{"@type":"SearchAction","target":{"@type":"EntryPoint","urlTemplate":"https:\/\/www.lindt-home-of-chocolate.com\/fr\/?s={search_term_string}"},"query-input":{"@type":"PropertyValueSpecification","valueRequired":true,"valueName":"search_term_string"}}],"inLanguage":"fr-FR"}]}},"_links":{"self":[{"href":"https:\/\/www.lindt-home-of-chocolate.com\/fr\/wp-json\/wp\/v2\/pages\/17444","targetHints":{"allow":["GET"]}}],"collection":[{"href":"https:\/\/www.lindt-home-of-chocolate.com\/fr\/wp-json\/wp\/v2\/pages"}],"about":[{"href":"https:\/\/www.lindt-home-of-chocolate.com\/fr\/wp-json\/wp\/v2\/types\/page"}],"author":[{"embeddable":true,"href":"https:\/\/www.lindt-home-of-chocolate.com\/fr\/wp-json\/wp\/v2\/users\/14"}],"replies":[{"embeddable":true,"href":"https:\/\/www.lindt-home-of-chocolate.com\/fr\/wp-json\/wp\/v2\/comments?post=17444"}],"version-history":[{"count":28,"href":"https:\/\/www.lindt-home-of-chocolate.com\/fr\/wp-json\/wp\/v2\/pages\/17444\/revisions"}],"predecessor-version":[{"id":158654,"href":"https:\/\/www.lindt-home-of-chocolate.com\/fr\/wp-json\/wp\/v2\/pages\/17444\/revisions\/158654"}],"wp:attachment":[{"href":"https:\/\/www.lindt-home-of-chocolate.com\/fr\/wp-json\/wp\/v2\/media?parent=17444"}],"curies":[{"name":"wp","href":"https:\/\/api.w.org\/{rel}","templated":true}]}}