{"id":17452,"date":"2023-09-05T16:50:48","date_gmt":"2023-09-05T14:50:48","guid":{"rendered":"https:\/\/www.lindt-home-of-chocolate.com\/?page_id=17452"},"modified":"2023-09-11T17:08:41","modified_gmt":"2023-09-11T15:08:41","slug":"acces-et-horaires-douvertures","status":"publish","type":"page","link":"https:\/\/www.lindt-home-of-chocolate.com\/fr\/acces-et-horaires-douvertures\/","title":{"rendered":"Access et Horaires d&rsquo;ouvertures"},"content":{"rendered":"<div class=\"wpb-content-wrapper\"><p>[vc_row full_width=\u00a0\u00bbstretch_row_content\u00a0\u00bb][vc_column]\r\n\t\t\t<div id=\"hero\" class=\"no-lazyload\"  style=\"background-image: url(https:\/\/www.lindt-home-of-chocolate.com\/wp-content\/uploads\/2020\/04\/lindt-home-of-chocolate-kilchberg-de-1920x640-1.jpg); background-position: center center; background-size: cover; background-repreat: no-repeat; display: block; \"  ><\/div>\r\n\t\t\t\t<style>\r\n\t\t\t\t@media only screen and (max-width: 767.98px) {\r\n\t\t\t\t\t#hero {\r\n\t\t\t\t\t\tbackground-image: url(https:\/\/www.lindt-home-of-chocolate.com\/wp-content\/uploads\/2020\/04\/lindt-home-of-chocolate-kilchberg-de-767x607-1.jpg) !important;\r\n\t\t\t\t\t}\r\n\t\t\t\t}\t\r\n\t\t\t\t<\/style>\r\n\t\t\t[\/vc_column][\/vc_row][vc_row][vc_column][vc_empty_space height=\u00a0\u00bb40px\u00a0\u00bb el_class=\u00a0\u00bbspacer-40&Prime;][\/vc_column][\/vc_row][vc_row el_class=\u00a0\u00bbmodul-4-row\u00a0\u00bb][vc_column width=\u00a0\u00bb2\/12&Prime;][\/vc_column][vc_column width=\u00a0\u00bb8\/12&Prime;][vc_empty_space height=\u00a0\u00bb45px\u00a0\u00bb el_class=\u00a0\u00bbmobile-20&Prime;]\r\n\t\t\t<div class=\"lindt-headline algin-center    topline-gold \">\t\t<span class=\"topline\">Acces et horaires d'ouverture<\/span>\t<h1>Cette page a \u00e9t\u00e9 d\u00e9plac\u00e9e<\/h1>\r\n\t\t\t<\/div>\r\n\t\t\t[vc_column_text]<\/p>\n<p style=\"text-align: center;\"><span class=\"jCAhz ChMk0b\"><span class=\"ryNqvb\">La page acc\u00e8s et heures d&rsquo;ouverture a \u00e9t\u00e9 d\u00e9plac\u00e9e.<\/span><\/span> <span class=\"jCAhz ChMk0b\"><span class=\"ryNqvb\">Cliquez sur l&rsquo;un des boutons ci-dessous pour acc\u00e9der aux informations dont vous avez besoin.<\/span><\/span><\/p>\n<p>[\/vc_column_text][vc_empty_space height=\u00a0\u00bb20px\u00a0\u00bb el_class=\u00a0\u00bbspacer-20&Prime;]\r\n\t\t\t<div class=\"lindt-btn algin-center btn-style-1   \">\r\n\t\t\t\t<div class=\"lindt-btn-inner\">\r\n\t\t\t\t<a href=\"https:\/\/www.lindt-home-of-chocolate.com\/fr\/acces\/\" title=\"Acces\" target=\"\" class=\"\">\r\n\t\t\t\t<span>Acc\u00e8s<\/span><\/a><\/div>\r\n\t\t\t<\/div>\r\n\t\t\t[vc_empty_space height=\u00a0\u00bb20px\u00a0\u00bb el_class=\u00a0\u00bbspacer-20&Prime;]\r\n\t\t\t<div class=\"lindt-btn algin-center btn-style-1   \">\r\n\t\t\t\t<div class=\"lindt-btn-inner\">\r\n\t\t\t\t<a href=\"https:\/\/www.lindt-home-of-chocolate.com\/fr\/horaires-douverture-de-la-lindt-home-of-chocolate\/\" title=\"Horaires d\u2019ouverture\" target=\"\" class=\"\">\r\n\t\t\t\t<span>Horaires d'ouverture<\/span><\/a><\/div>\r\n\t\t\t<\/div>\r\n\t\t\t[vc_empty_space height=\u00a0\u00bb50px\u00a0\u00bb el_class=\u00a0\u00bbspacer-50&Prime;][\/vc_column][vc_column width=\u00a0\u00bb2\/12&Prime;][\/vc_column][\/vc_row][vc_row][vc_column][vc_empty_space height=\u00a0\u00bb40px\u00a0\u00bb el_class=\u00a0\u00bbmobile-30&Prime;][\/vc_column][\/vc_row]<\/p>\n<\/div>","protected":false},"excerpt":{"rendered":"<p>[vc_row full_width=\u00a0\u00bbstretch_row_content\u00a0\u00bb][vc_column][\/vc_column][\/vc_row][vc_row][vc_column][vc_empty_space height=\u00a0\u00bb40px\u00a0\u00bb el_class=\u00a0\u00bbspacer-40&Prime;][\/vc_column][\/vc_row][vc_row el_class=\u00a0\u00bbmodul-4-row\u00a0\u00bb][vc_column width=\u00a0\u00bb2\/12&Prime;][\/vc_column][vc_column width=\u00a0\u00bb8\/12&Prime;][vc_empty_space height=\u00a0\u00bb45px\u00a0\u00bb el_class=\u00a0\u00bbmobile-20&Prime;][vc_column_text] La page acc\u00e8s et heures d&rsquo;ouverture a \u00e9t\u00e9 d\u00e9plac\u00e9e. Cliquez sur l&rsquo;un des boutons ci-dessous pour acc\u00e9der aux informations dont vous avez besoin. [\/vc_column_text][vc_empty_space height=\u00a0\u00bb20px\u00a0\u00bb el_class=\u00a0\u00bbspacer-20&Prime;][vc_empty_space height=\u00a0\u00bb20px\u00a0\u00bb el_class=\u00a0\u00bbspacer-20&Prime;][vc_empty_space height=\u00a0\u00bb50px\u00a0\u00bb el_class=\u00a0\u00bbspacer-50&Prime;][\/vc_column][vc_column width=\u00a0\u00bb2\/12&Prime;][\/vc_column][\/vc_row][vc_row][vc_column][vc_empty_space height=\u00a0\u00bb40px\u00a0\u00bb el_class=\u00a0\u00bbmobile-30&Prime;][\/vc_column][\/vc_row]<\/p>\n","protected":false},"author":14,"featured_media":0,"parent":0,"menu_order":0,"comment_status":"closed","ping_status":"closed","template":"fullwidth.php","meta":{"_acf_changed":false,"_relevanssi_hide_post":"on","_relevanssi_hide_content":"on","_relevanssi_pin_for_all":"","_relevanssi_pin_keywords":"","_relevanssi_unpin_keywords":"","_relevanssi_related_keywords":"","_relevanssi_related_include_ids":"","_relevanssi_related_exclude_ids":"","_relevanssi_related_no_append":"","_relevanssi_related_not_related":"","_relevanssi_related_posts":"","_relevanssi_noindex_reason":"Relevanssi-Bildanhang-Filter Relevanssi Index ausgeschlossen","footnotes":""},"class_list":["post-17452","page","type-page","status-publish","hentry"],"acf":[],"yoast_head":"<!-- This site is optimized with the Yoast SEO plugin v26.8 - https:\/\/yoast.com\/product\/yoast-seo-wordpress\/ -->\n<title>Access et Horaires d&#039;ouvertures - lindt-home-of-chocolate.com<\/title>\n<meta name=\"robots\" content=\"noindex, nofollow\" \/>\n<meta property=\"og:locale\" content=\"fr_FR\" \/>\n<meta property=\"og:type\" content=\"article\" \/>\n<meta property=\"og:title\" content=\"Access et Horaires d&#039;ouvertures - lindt-home-of-chocolate.com\" \/>\n<meta property=\"og:description\" content=\"[vc_row full_width=\u00a0\u00bbstretch_row_content\u00a0\u00bb][vc_column][\/vc_column][\/vc_row][vc_row][vc_column][vc_empty_space height=\u00a0\u00bb40px\u00a0\u00bb el_class=\u00a0\u00bbspacer-40&Prime;][\/vc_column][\/vc_row][vc_row el_class=\u00a0\u00bbmodul-4-row\u00a0\u00bb][vc_column width=\u00a0\u00bb2\/12&Prime;][\/vc_column][vc_column width=\u00a0\u00bb8\/12&Prime;][vc_empty_space height=\u00a0\u00bb45px\u00a0\u00bb el_class=\u00a0\u00bbmobile-20&Prime;][vc_column_text] La page acc\u00e8s et heures d&rsquo;ouverture a \u00e9t\u00e9 d\u00e9plac\u00e9e. Cliquez sur l&rsquo;un des boutons ci-dessous pour acc\u00e9der aux informations dont vous avez besoin. [\/vc_column_text][vc_empty_space height=\u00a0\u00bb20px\u00a0\u00bb el_class=\u00a0\u00bbspacer-20&Prime;][vc_empty_space height=\u00a0\u00bb20px\u00a0\u00bb el_class=\u00a0\u00bbspacer-20&Prime;][vc_empty_space height=\u00a0\u00bb50px\u00a0\u00bb el_class=\u00a0\u00bbspacer-50&Prime;][\/vc_column][vc_column width=\u00a0\u00bb2\/12&Prime;][\/vc_column][\/vc_row][vc_row][vc_column][vc_empty_space height=\u00a0\u00bb40px\u00a0\u00bb el_class=\u00a0\u00bbmobile-30&Prime;][\/vc_column][\/vc_row]\" \/>\n<meta property=\"og:url\" content=\"https:\/\/www.lindt-home-of-chocolate.com\/fr\/acces-et-horaires-douvertures\/\" \/>\n<meta property=\"og:site_name\" content=\"lindt-home-of-chocolate.com\" \/>\n<meta property=\"article:modified_time\" content=\"2023-09-11T15:08:41+00:00\" \/>\n<meta name=\"twitter:card\" content=\"summary_large_image\" \/>\n<meta name=\"twitter:label1\" content=\"Dur\u00e9e de lecture estim\u00e9e\" \/>\n\t<meta name=\"twitter:data1\" content=\"1 minute\" \/>\n<script type=\"application\/ld+json\" class=\"yoast-schema-graph\">{\"@context\":\"https:\/\/schema.org\",\"@graph\":[{\"@type\":\"WebPage\",\"@id\":\"https:\/\/www.lindt-home-of-chocolate.com\/fr\/acces-et-horaires-douvertures\/\",\"url\":\"https:\/\/www.lindt-home-of-chocolate.com\/fr\/acces-et-horaires-douvertures\/\",\"name\":\"Access et Horaires d'ouvertures - lindt-home-of-chocolate.com\",\"isPartOf\":{\"@id\":\"https:\/\/www.lindt-home-of-chocolate.com\/fr\/#website\"},\"datePublished\":\"2023-09-05T14:50:48+00:00\",\"dateModified\":\"2023-09-11T15:08:41+00:00\",\"breadcrumb\":{\"@id\":\"https:\/\/www.lindt-home-of-chocolate.com\/fr\/acces-et-horaires-douvertures\/#breadcrumb\"},\"inLanguage\":\"fr-FR\",\"potentialAction\":[{\"@type\":\"ReadAction\",\"target\":[\"https:\/\/www.lindt-home-of-chocolate.com\/fr\/acces-et-horaires-douvertures\/\"]}]},{\"@type\":\"BreadcrumbList\",\"@id\":\"https:\/\/www.lindt-home-of-chocolate.com\/fr\/acces-et-horaires-douvertures\/#breadcrumb\",\"itemListElement\":[{\"@type\":\"ListItem\",\"position\":1,\"name\":\"Startseite\",\"item\":\"https:\/\/www.lindt-home-of-chocolate.com\/fr\/\"},{\"@type\":\"ListItem\",\"position\":2,\"name\":\"Access et Horaires d&#8217;ouvertures\"}]},{\"@type\":\"WebSite\",\"@id\":\"https:\/\/www.lindt-home-of-chocolate.com\/fr\/#website\",\"url\":\"https:\/\/www.lindt-home-of-chocolate.com\/fr\/\",\"name\":\"lindt-home-of-chocolate.com\",\"description\":\"Das Schokoladenmuseum\",\"potentialAction\":[{\"@type\":\"SearchAction\",\"target\":{\"@type\":\"EntryPoint\",\"urlTemplate\":\"https:\/\/www.lindt-home-of-chocolate.com\/fr\/?s={search_term_string}\"},\"query-input\":{\"@type\":\"PropertyValueSpecification\",\"valueRequired\":true,\"valueName\":\"search_term_string\"}}],\"inLanguage\":\"fr-FR\"}]}<\/script>\n<!-- \/ Yoast SEO plugin. -->","yoast_head_json":{"title":"Access et Horaires d'ouvertures - lindt-home-of-chocolate.com","robots":{"index":"noindex","follow":"nofollow"},"og_locale":"fr_FR","og_type":"article","og_title":"Access et Horaires d'ouvertures - lindt-home-of-chocolate.com","og_description":"[vc_row full_width=\u00a0\u00bbstretch_row_content\u00a0\u00bb][vc_column][\/vc_column][\/vc_row][vc_row][vc_column][vc_empty_space height=\u00a0\u00bb40px\u00a0\u00bb el_class=\u00a0\u00bbspacer-40&Prime;][\/vc_column][\/vc_row][vc_row el_class=\u00a0\u00bbmodul-4-row\u00a0\u00bb][vc_column width=\u00a0\u00bb2\/12&Prime;][\/vc_column][vc_column width=\u00a0\u00bb8\/12&Prime;][vc_empty_space height=\u00a0\u00bb45px\u00a0\u00bb el_class=\u00a0\u00bbmobile-20&Prime;][vc_column_text] La page acc\u00e8s et heures d&rsquo;ouverture a \u00e9t\u00e9 d\u00e9plac\u00e9e. Cliquez sur l&rsquo;un des boutons ci-dessous pour acc\u00e9der aux informations dont vous avez besoin. [\/vc_column_text][vc_empty_space height=\u00a0\u00bb20px\u00a0\u00bb el_class=\u00a0\u00bbspacer-20&Prime;][vc_empty_space height=\u00a0\u00bb20px\u00a0\u00bb el_class=\u00a0\u00bbspacer-20&Prime;][vc_empty_space height=\u00a0\u00bb50px\u00a0\u00bb el_class=\u00a0\u00bbspacer-50&Prime;][\/vc_column][vc_column width=\u00a0\u00bb2\/12&Prime;][\/vc_column][\/vc_row][vc_row][vc_column][vc_empty_space height=\u00a0\u00bb40px\u00a0\u00bb el_class=\u00a0\u00bbmobile-30&Prime;][\/vc_column][\/vc_row]","og_url":"https:\/\/www.lindt-home-of-chocolate.com\/fr\/acces-et-horaires-douvertures\/","og_site_name":"lindt-home-of-chocolate.com","article_modified_time":"2023-09-11T15:08:41+00:00","twitter_card":"summary_large_image","twitter_misc":{"Dur\u00e9e de lecture estim\u00e9e":"1 minute"},"schema":{"@context":"https:\/\/schema.org","@graph":[{"@type":"WebPage","@id":"https:\/\/www.lindt-home-of-chocolate.com\/fr\/acces-et-horaires-douvertures\/","url":"https:\/\/www.lindt-home-of-chocolate.com\/fr\/acces-et-horaires-douvertures\/","name":"Access et Horaires d'ouvertures - lindt-home-of-chocolate.com","isPartOf":{"@id":"https:\/\/www.lindt-home-of-chocolate.com\/fr\/#website"},"datePublished":"2023-09-05T14:50:48+00:00","dateModified":"2023-09-11T15:08:41+00:00","breadcrumb":{"@id":"https:\/\/www.lindt-home-of-chocolate.com\/fr\/acces-et-horaires-douvertures\/#breadcrumb"},"inLanguage":"fr-FR","potentialAction":[{"@type":"ReadAction","target":["https:\/\/www.lindt-home-of-chocolate.com\/fr\/acces-et-horaires-douvertures\/"]}]},{"@type":"BreadcrumbList","@id":"https:\/\/www.lindt-home-of-chocolate.com\/fr\/acces-et-horaires-douvertures\/#breadcrumb","itemListElement":[{"@type":"ListItem","position":1,"name":"Startseite","item":"https:\/\/www.lindt-home-of-chocolate.com\/fr\/"},{"@type":"ListItem","position":2,"name":"Access et Horaires d&#8217;ouvertures"}]},{"@type":"WebSite","@id":"https:\/\/www.lindt-home-of-chocolate.com\/fr\/#website","url":"https:\/\/www.lindt-home-of-chocolate.com\/fr\/","name":"lindt-home-of-chocolate.com","description":"Das Schokoladenmuseum","potentialAction":[{"@type":"SearchAction","target":{"@type":"EntryPoint","urlTemplate":"https:\/\/www.lindt-home-of-chocolate.com\/fr\/?s={search_term_string}"},"query-input":{"@type":"PropertyValueSpecification","valueRequired":true,"valueName":"search_term_string"}}],"inLanguage":"fr-FR"}]}},"_links":{"self":[{"href":"https:\/\/www.lindt-home-of-chocolate.com\/fr\/wp-json\/wp\/v2\/pages\/17452","targetHints":{"allow":["GET"]}}],"collection":[{"href":"https:\/\/www.lindt-home-of-chocolate.com\/fr\/wp-json\/wp\/v2\/pages"}],"about":[{"href":"https:\/\/www.lindt-home-of-chocolate.com\/fr\/wp-json\/wp\/v2\/types\/page"}],"author":[{"embeddable":true,"href":"https:\/\/www.lindt-home-of-chocolate.com\/fr\/wp-json\/wp\/v2\/users\/14"}],"replies":[{"embeddable":true,"href":"https:\/\/www.lindt-home-of-chocolate.com\/fr\/wp-json\/wp\/v2\/comments?post=17452"}],"version-history":[{"count":7,"href":"https:\/\/www.lindt-home-of-chocolate.com\/fr\/wp-json\/wp\/v2\/pages\/17452\/revisions"}],"predecessor-version":[{"id":17706,"href":"https:\/\/www.lindt-home-of-chocolate.com\/fr\/wp-json\/wp\/v2\/pages\/17452\/revisions\/17706"}],"wp:attachment":[{"href":"https:\/\/www.lindt-home-of-chocolate.com\/fr\/wp-json\/wp\/v2\/media?parent=17452"}],"curies":[{"name":"wp","href":"https:\/\/api.w.org\/{rel}","templated":true}]}}