{"id":2192,"date":"2020-03-20T06:07:53","date_gmt":"2020-03-20T05:07:53","guid":{"rendered":"https:\/\/www.lindt-home-of-chocolate.com\/?page_id=2192"},"modified":"2023-08-18T16:37:42","modified_gmt":"2023-08-18T14:37:42","slug":"conditions-dutilisation","status":"publish","type":"page","link":"https:\/\/www.lindt-home-of-chocolate.com\/fr\/conditions-dutilisation\/","title":{"rendered":"Conditions d&rsquo;utilisation"},"content":{"rendered":"<div class=\"wpb-content-wrapper\"><p>[vc_row full_width=\u00a0\u00bbstretch_row_content\u00a0\u00bb][vc_column]\r\n\t\t\t<div id=\"hero\" class=\"no-lazyload\"  style=\"background-image: url(https:\/\/www.lindt-home-of-chocolate.com\/wp-content\/uploads\/2020\/04\/f\u00e8ve-de-cacao-1920x640-1.jpg); background-position: center center; background-size: cover; background-repreat: no-repeat; display: block; \"  ><\/div>\r\n\t\t\t\t<style>\r\n\t\t\t\t@media only screen and (max-width: 767.98px) {\r\n\t\t\t\t\t#hero {\r\n\t\t\t\t\t\tbackground-image: url(https:\/\/www.lindt-home-of-chocolate.com\/wp-content\/uploads\/2020\/04\/f\u00e8ve-de-cacao-767x607-1.jpg) !important;\r\n\t\t\t\t\t}\r\n\t\t\t\t}\t\r\n\t\t\t\t<\/style>\r\n\t\t\t[\/vc_column][\/vc_row][vc_row el_class=\u00a0\u00bbmodul-4-row\u00a0\u00bb][vc_column width=\u00a0\u00bb2\/12&Prime;][\/vc_column][vc_column width=\u00a0\u00bb8\/12&Prime;][vc_empty_space height=\u00a0\u00bb45px\u00a0\u00bb el_class=\u00a0\u00bbmobile-20&Prime;]\r\n\t\t\t<div class=\"lindt-headline algin-center    topline-gold \">\t\t<span class=\"topline\">Condition d'utilisation<\/span>\t<h1>Condition generales d\u2019utilisation applicables a nos sites internet, applications et autres pages sur les reseaux sociaux<\/h1>\r\n\t\t\t<\/div>\r\n\t\t\t[vc_column_text]<\/p>\n<p style=\"text-align: center;\">Nous sommes ravis de vous accueillir sur notre site Internet.<\/p>\n<p>&nbsp;<\/p>\n<p style=\"text-align: center;\">Nous respectons la confiance des visiteurs de nos diff\u00e9rents outils de communication en ligne, que ce soit nos sites Internet, nos applications ou nos pages sur les r\u00e9seaux sociaux (ci-apr\u00e8s les \u00ab\u00a0Sites\u00a0\u00bb).\u00a0Ces Conditions G\u00e9n\u00e9rales d\u2019Utilisation s\u2019appliquent \u00e0 nos visiteurs, fans, partenaires ou toute personne interagissant avec nos Sites. Votre acc\u00e8s et utilisation des Sites de Lindt Home of Chocolate exploit\u00e9s par Lindt Chocolate Competence Foundation ou lancement de nos pages sur des plateformes tierces sont r\u00e9gis par ces Conditions G\u00e9n\u00e9rales d\u2019Utilisation. En acc\u00e9dant, naviguant et utilisant nos Sites, vous reconnaissez avoir lu, compris et accept\u00e9 ces Conditions G\u00e9n\u00e9rales d\u2019Utilisation.\u00a0Nous nous r\u00e9servons la possibilit\u00e9 d\u2019actualiser occasionnellement ces Conditions G\u00e9n\u00e9rales d\u2019Utilisation, en particulier pour des raisons l\u00e9gales ou r\u00e8glementaires, ou afin d\u2019optimiser le fonctionnement des Sites.<\/p>\n<p>&nbsp;<\/p>\n<p>&nbsp;<\/p>\n<h2 style=\"text-align: center;\">DROITS DE PROPRIETE INTELLECTUELLE<\/h2>\n<p style=\"text-align: center;\">Lindt Chocolate Competence Foundation est le propri\u00e9taire ou utilisateur autoris\u00e9 de tous les droits d\u2019auteur, marques d\u00e9pos\u00e9es et d\u2019autres droits de propri\u00e9t\u00e9 intellectuelle figurant dans tous les textes, images et contenus suppl\u00e9mentaires sur les Sites. Nous vous autorisons \u00e0 naviguer sur les Sites et \u00e0 en reproduire des extraits pour votre usage personne sous r\u00e9serve de conservation de toutes les notes de droits d\u2019auteur et de marques d\u00e9pos\u00e9es. Toute reproduction, vente ou utilisation \u00e0 des fins commerciales est interdite.\u00a0Vous garantissez \u00eatre le titulaire ou avoir obtenu l\u2019autorisation \u00e0 leur partage avec nous de tous les droits attach\u00e9s \u00e0 toutes les soumissions, y compris sans s\u2019y limiter les id\u00e9es, commentaires ou savoir-faire, publi\u00e9s sur les Sites. Vous autorisez Lindt Chocolate Competence Foundation \u00e0 r\u00e9utiliser gratuitement ce que vous partagez sur les Sites.\u00a0Toute information suppl\u00e9mentaire (telle que les images, textes, fichiers, m\u00e9dias) \u00e0 laquelle vous pouvez avoir acc\u00e8s sur les Sites est la seule responsabilit\u00e9 de la source de ces contenus. LINDT CHOCOLATE COMPETENCE FOUNDATION ne garantit pas que votre utilisation des contenus pr\u00e9sent\u00e9s sur les Sites n\u2019enfreindra pas les droits de tiers.<\/p>\n<p>&nbsp;<\/p>\n<p>&nbsp;<\/p>\n<h2 style=\"text-align: center;\">AUTRES INFORMATIONS EN RELATION AVEC NOS SITES<\/h2>\n<p style=\"text-align: center;\">Toutes les donn\u00e9es \u00e0 caract\u00e8re personnel que vous partagez avec nous par Internet sont prot\u00e9g\u00e9es conform\u00e9ment aux dispositions de notre Politique de Confidentialit\u00e9. Nous vous invitons \u00e0 lire attentivement cette Politique de Confidentialit\u00e9 avant de nous fournir l\u2019une quelconque de vos donn\u00e9es \u00e0 caract\u00e8re personnel.\u00a0Les informations ou documents suppl\u00e9mentaires communiqu\u00e9s \u00e0 LINDT CHOCOLATE COMPETENCE FOUNDATION par Internet, par e-mail ou autrement, y compris tous les fichiers, commentaires ou suggestions, sont et deviennent non confidentiels et non exclusives.\u00a0Vous devez vous abstenir d\u2019utiliser nos Sites afin de porter atteinte \u00e0 la vie priv\u00e9e de toute personne et\/ou de d\u00e9nigrer LINDT CHOCOLATE COMPETENCE FOUNDATION, ses utilisateurs ou partenaires et de porter atteinte \u00e0 la s\u00e9curit\u00e9 de nos syst\u00e8mes par des virus ou autre moyens.\u00a0Vous pouvez mettre en place des liens hypertextes vers nos Sites, sous r\u00e9serve que cela ne sugg\u00e8re aucunement que vous soyez affili\u00e9 ou approuv\u00e9 par nous. Vous n\u2019utiliserez pas les techniques de \u00ab\u00a0framing\u00a0\u00bb, \u00ab\u00a0deep linking\u00a0\u00bb ou autre proc\u00e9d\u00e9 similaire et devez garantir que le lien vers notre Site s\u2019ouvre dans une fen\u00eatre s\u00e9par\u00e9e.<\/p>\n<p>&nbsp;<\/p>\n<p>&nbsp;<\/p>\n<h2 style=\"text-align: center;\">VOS EVALUATIONS, COMMENTAIRES ET AUTRES TEMOIGNAGES A PROPOS DE NOS PRODUITS<\/h2>\n<p style=\"text-align: center;\">LINDT CHOCOLATE COMPETENCE FOUNDATION appr\u00e9cie vos commentaires sur nos services \u00e0 travers notre programme de fid\u00e9lit\u00e9 ou sur nos Sites et plateformes. Les commentaires relatifs aux produits doivent \u00eatre honn\u00eates et constructifs. En outre, nous nous r\u00e9servons le droit de modifier vos commentaires en ce qui concerne leur longueur, orthographe, etc., ainsi que de les afficher dans notre mat\u00e9riel de marketing ou de communication.<\/p>\n<p>&nbsp;<\/p>\n<p>&nbsp;<\/p>\n<h2 style=\"text-align: center;\">PROMOTIONS ET CONCOURS EN LIGNE<\/h2>\n<p style=\"text-align: center;\">Vous pouvez participer aux promotions et concours que nous proposons sur nos Sites sans obligation d\u2019achat ou de commande de produits ou services. Les r\u00e8gles applicables \u00e0 chaque promotion ou concours sont communiqu\u00e9es en m\u00eame temps que les d\u00e9tails de participation. Nous envoyons une notification par \u00e9crit aux gagnants, et notre\u00a0Politique de Confidentialit\u00e9\u00a0s\u2019applique \u00e0 la collecte des donn\u00e9es \u00e0 caract\u00e8re personnel aux fins d\u2019organisation des promotions ou concours.<\/p>\n<p>&nbsp;<\/p>\n<p>&nbsp;<\/p>\n<h2 style=\"text-align: center;\">VOTRE COMPTE CHEZ NOUS<\/h2>\n<p style=\"text-align: center;\">Si vous ouvrez un Compte sur l\u2019un de nos Sites, vous \u00eates responsable de la v\u00e9racit\u00e9, exactitude et actualit\u00e9 des donn\u00e9es \u00e0 caract\u00e8re personnel que vous devez fournir pour votre inscription. Si vos donn\u00e9es \u00e0 caract\u00e8re personnel changent ou si vous souhaitez supprimer votre Compte, vous pouvez nous en informer en appelant au num\u00e9ro 0041 (0)44 716 20 00 ou en remplissant notre formulaire de contact\u00a0:\u00a0<a href=\"https:\/\/www.lindt-home-of-chocolate.com\/fr\/contact\/#contact\">www.lindt-home-of-chocolate.com\/fr\/contact\/<\/a> Vous recevrez un mot de passe au cour de votre inscription. Il doit \u00eatre tenu secret, d\u00e8s lors que vous \u00eates seul responsable si vous ne maintenez pas son caract\u00e8re confidentiel.\u00a0Nous nous r\u00e9servons le droit de refuser d\u2019offrir nos services et\/ou de supprimer des comptes sans notification pr\u00e9alable si ces Conditions G\u00e9n\u00e9rales d\u2019Utilisation ne sont pas respect\u00e9es ou si nous d\u00e9cidons, \u00e0 notre seule discr\u00e9tion, qu\u2019il est dans l\u2019int\u00e9r\u00eat de LINDT CHOCOLATE COMPETENCE FOUNDATION de le faire.<\/p>\n<p>&nbsp;<\/p>\n<p>&nbsp;<\/p>\n<h2 style=\"text-align: center;\">NOTRE RESPONSABILITE<\/h2>\n<p style=\"text-align: center;\">Bien que notre but soit de vous offrir le meilleur service possible, nous ne pouvons pas vous promettre que les services de nos Sites refl\u00e8teront vos standards, qu\u2019ils seront irr\u00e9prochables ou que les Sites seront disponibles \u00e0 tout moment.\u00a0Pour rendre service \u00e0 nos utilisateurs, nos Sites peuvent contenir des liens hypertextes redirigeant vers d\u2019autres Sites qui ne sont pas exploit\u00e9s ni contr\u00f4l\u00e9 par LINDT CHOCOLATE COMPETENCE FOUNDATION. LINDT CHOCOLATE COMPETENCE FOUNDATION ne sera pas tenue responsable de ces sites, et partant d\u00e9cline toute responsabilit\u00e9 quant \u00e0 leur contenu, lic\u00e9it\u00e9, exactitude et fonctionnalit\u00e9s.\u00a0LINDT CHOCOLATE COMPETENCE FOUNDATION d\u00e9ploie des efforts raisonnables pour exclure les virus ou autres codes informatiques destructifs de ses Sites, toutefois, elle ne peut garantir ni assumer la responsabilit\u00e9 relative \u00e0 ces virus ou codes informatiques.\u00a0Dans les limites permises par les lois applicables, LINDT CHOCOLATE COMPETENCE FOUNDATION, ses responsables, dirigeants, employ\u00e9s, actionnaires ou agents d\u00e9clinent toute responsabilit\u00e9 pour les pertes ou dommages de toute nature (y compris, notamment, la perte de profits ou d\u2019\u00e9conomies escompt\u00e9es ou les d\u00e9penses engag\u00e9es) directs et indirects, r\u00e9sultant de ou en lien avec votre acc\u00e8s, utilisation ou recours \u00e0 nos Sites, que ces pertes ou dommages soient n\u00e9s du cours normal des \u00e9v\u00e8nements, soient raisonnablement pr\u00e9visibles ou soient caus\u00e9s par une erreur ou omission sur les Sites (par n\u00e9gligence ou non). En outre, LINDT CHOCOLATE COMPETENCE FOUNDATION, ses responsables, dirigeants, employ\u00e9s, actionnaires ou agents d\u00e9clinent toute responsabilit\u00e9 en lien avec votre usage ou acc\u00e8s \u00e0 des sites Internet de tiers reli\u00e9s par un lien hypertexte.\u00a0Dans les limites permises par les lois applicables, vous renoncez express\u00e9ment \u00e0 toute r\u00e9clamation contre LINDT CHOCOLATE COMPETENCE FOUNDATION, ses responsables, dirigeants, employ\u00e9s, actionnaires ou agents qui pourrait d\u00e9couler de votre usage ou acc\u00e8s \u00e0 nos Sites.<\/p>\n<p>&nbsp;<\/p>\n<p>&nbsp;<\/p>\n<h2 style=\"text-align: center;\">LOI APPLICABLE ET TRIBUNAL COMPETENT<\/h2>\n<p style=\"text-align: center;\">Ces Conditions G\u00e9n\u00e9rales d\u2019Utilisation, tout comme l\u2019utilisation de ce site Internet, sont soumis par le droit mat\u00e9riel suisse, sans tenir compte des principes de conflit de lois. Tout litige ou toute r\u00e9clamation d\u00e9coulant de ces Conditions G\u00e9n\u00e9rales d\u2019Utilisation et de l\u2019utilisation des Sites seront soumis au tribunal de Zurich (1<sup>er<\/sup> arrondissement), Suisse. Toutefois, LINDT CHOCOLATE COMPETENCE FOUNDATION garde la possibilit\u00e9 de lancer des proc\u00e9dures aupr\u00e8s de tout autre tribunal comp\u00e9tent.\u00a0Ce site Internet est exploit\u00e9 par et sous le contr\u00f4le de Lindt Chocolate Competence Foundation enregistr\u00e9e en Suisse sous le num\u00e9ro CHE-356.778.969 et dont le si\u00e8ge social est situ\u00e9 Seestrasse 204, 8802 Kilchberg, Suisse. Pour toute question relative \u00e0 ces Conditions G\u00e9n\u00e9rales d\u2019Utilisation, veuillez nous contacter en utilisant notre formulaire en ligne\u00a0:<a href=\"https:\/\/www.lindt-home-of-chocolate.com\/fr\/contact\/#contact\">www.lindt-home-of-chocolate.com\/fr\/contact\/<\/a>, ou nous \u00e9crire \u00e0 l\u2019adresse susmentionn\u00e9e.\u00a0Si l\u2019une quelconque de ces Conditions s\u2019av\u00e9rait ill\u00e9gale ou inapplicable, cette disposition sera supprim\u00e9e des Conditions G\u00e9n\u00e9rales d\u2019Utilisation, dont les dispositions restantes resteront en vigueur.<\/p>\n<p>&nbsp;<\/p>\n<h3 style=\"text-align: center;\">CR\u00c9DIT IMAGE<\/h3>\n<p style=\"text-align: center;\">La photo CFF RailAway: \u00a9 SBB CFF FFS<\/p>\n<p>&nbsp;<\/p>\n<p style=\"text-align: center;\">\u00a9 Lindt Chocolate Competence Foundation 2023<\/p>\n<p>[\/vc_column_text][\/vc_column][vc_column width=\u00a0\u00bb2\/12&Prime;][\/vc_column][\/vc_row][vc_row][vc_column][vc_empty_space height=\u00a0\u00bb40px\u00a0\u00bb el_class=\u00a0\u00bbmobile-30&Prime;][\/vc_column][\/vc_row]<\/p>\n<\/div>","protected":false},"excerpt":{"rendered":"<p>[vc_row full_width=\u00a0\u00bbstretch_row_content\u00a0\u00bb][vc_column][\/vc_column][\/vc_row][vc_row el_class=\u00a0\u00bbmodul-4-row\u00a0\u00bb][vc_column width=\u00a0\u00bb2\/12&Prime;][\/vc_column][vc_column width=\u00a0\u00bb8\/12&Prime;][vc_empty_space height=\u00a0\u00bb45px\u00a0\u00bb el_class=\u00a0\u00bbmobile-20&Prime;][vc_column_text] Nous sommes ravis de vous accueillir sur notre site Internet. &nbsp; Nous respectons la confiance des visiteurs de nos diff\u00e9rents outils de communication en ligne, que ce soit nos sites Internet, nos applications ou nos pages sur les r\u00e9seaux sociaux (ci-apr\u00e8s les \u00ab\u00a0Sites\u00a0\u00bb).\u00a0Ces Conditions G\u00e9n\u00e9rales d\u2019Utilisation s\u2019appliquent \u00e0 [&hellip;]<\/p>\n","protected":false},"author":3,"featured_media":0,"parent":0,"menu_order":0,"comment_status":"closed","ping_status":"closed","template":"fullwidth.php","meta":{"_acf_changed":false,"_relevanssi_hide_post":"","_relevanssi_hide_content":"","_relevanssi_pin_for_all":"","_relevanssi_pin_keywords":"","_relevanssi_unpin_keywords":"","_relevanssi_related_keywords":"","_relevanssi_related_include_ids":"","_relevanssi_related_exclude_ids":"","_relevanssi_related_no_append":"","_relevanssi_related_not_related":"","_relevanssi_related_posts":"","_relevanssi_noindex_reason":"","footnotes":""},"class_list":["post-2192","page","type-page","status-publish","hentry"],"acf":[],"yoast_head":"<!-- This site is optimized with the Yoast SEO plugin v26.8 - https:\/\/yoast.com\/product\/yoast-seo-wordpress\/ -->\n<title>Condition d&#039;utilisation \u2013 Lindt Home of Chocolate<\/title>\n<meta name=\"description\" content=\"Sur cette page, nous avons toutes les informations sur les conditions d&#039;utilisation de la page www.lindt-home-of-chocolate.com \u00e0 votre disposition.\" \/>\n<meta name=\"robots\" content=\"index, follow, max-snippet:-1, max-image-preview:large, max-video-preview:-1\" \/>\n<link rel=\"canonical\" href=\"https:\/\/www.lindt-home-of-chocolate.com\/fr\/conditions-dutilisation\/\" \/>\n<meta property=\"og:locale\" content=\"fr_FR\" \/>\n<meta property=\"og:type\" content=\"article\" \/>\n<meta property=\"og:title\" content=\"Condition d&#039;utilisation \u2013 Lindt Home of Chocolate\" \/>\n<meta property=\"og:description\" content=\"Sur cette page, nous avons toutes les informations sur les conditions d&#039;utilisation de la page www.lindt-home-of-chocolate.com \u00e0 votre disposition.\" \/>\n<meta property=\"og:url\" content=\"https:\/\/www.lindt-home-of-chocolate.com\/fr\/conditions-dutilisation\/\" \/>\n<meta property=\"og:site_name\" content=\"lindt-home-of-chocolate.com\" \/>\n<meta property=\"article:modified_time\" content=\"2023-08-18T14:37:42+00:00\" \/>\n<meta property=\"og:image\" content=\"https:\/\/www.lindt-home-of-chocolate.com\/wp-content\/uploads\/2020\/04\/rechtliches-facebook.jpg\" \/>\n\t<meta property=\"og:image:width\" content=\"1200\" \/>\n\t<meta property=\"og:image:height\" content=\"630\" \/>\n\t<meta property=\"og:image:type\" content=\"image\/jpeg\" \/>\n<meta name=\"twitter:card\" content=\"summary_large_image\" \/>\n<meta name=\"twitter:image\" content=\"https:\/\/www.lindt-home-of-chocolate.com\/wp-content\/uploads\/2020\/04\/rechtliches-twitter.jpg\" \/>\n<meta name=\"twitter:label1\" content=\"Dur\u00e9e de lecture estim\u00e9e\" \/>\n\t<meta name=\"twitter:data1\" content=\"8 minutes\" \/>\n<script type=\"application\/ld+json\" class=\"yoast-schema-graph\">{\"@context\":\"https:\/\/schema.org\",\"@graph\":[{\"@type\":\"WebPage\",\"@id\":\"https:\/\/www.lindt-home-of-chocolate.com\/fr\/conditions-dutilisation\/\",\"url\":\"https:\/\/www.lindt-home-of-chocolate.com\/fr\/conditions-dutilisation\/\",\"name\":\"Condition d'utilisation \u2013 Lindt Home of Chocolate\",\"isPartOf\":{\"@id\":\"https:\/\/www.lindt-home-of-chocolate.com\/fr\/#website\"},\"datePublished\":\"2020-03-20T05:07:53+00:00\",\"dateModified\":\"2023-08-18T14:37:42+00:00\",\"description\":\"Sur cette page, nous avons toutes les informations sur les conditions d'utilisation de la page www.lindt-home-of-chocolate.com \u00e0 votre disposition.\",\"breadcrumb\":{\"@id\":\"https:\/\/www.lindt-home-of-chocolate.com\/fr\/conditions-dutilisation\/#breadcrumb\"},\"inLanguage\":\"fr-FR\",\"potentialAction\":[{\"@type\":\"ReadAction\",\"target\":[\"https:\/\/www.lindt-home-of-chocolate.com\/fr\/conditions-dutilisation\/\"]}]},{\"@type\":\"BreadcrumbList\",\"@id\":\"https:\/\/www.lindt-home-of-chocolate.com\/fr\/conditions-dutilisation\/#breadcrumb\",\"itemListElement\":[{\"@type\":\"ListItem\",\"position\":1,\"name\":\"Startseite\",\"item\":\"https:\/\/www.lindt-home-of-chocolate.com\/fr\/\"},{\"@type\":\"ListItem\",\"position\":2,\"name\":\"Conditions d&#8217;utilisation\"}]},{\"@type\":\"WebSite\",\"@id\":\"https:\/\/www.lindt-home-of-chocolate.com\/fr\/#website\",\"url\":\"https:\/\/www.lindt-home-of-chocolate.com\/fr\/\",\"name\":\"lindt-home-of-chocolate.com\",\"description\":\"Das Schokoladenmuseum\",\"potentialAction\":[{\"@type\":\"SearchAction\",\"target\":{\"@type\":\"EntryPoint\",\"urlTemplate\":\"https:\/\/www.lindt-home-of-chocolate.com\/fr\/?s={search_term_string}\"},\"query-input\":{\"@type\":\"PropertyValueSpecification\",\"valueRequired\":true,\"valueName\":\"search_term_string\"}}],\"inLanguage\":\"fr-FR\"}]}<\/script>\n<!-- \/ Yoast SEO plugin. -->","yoast_head_json":{"title":"Condition d'utilisation \u2013 Lindt Home of Chocolate","description":"Sur cette page, nous avons toutes les informations sur les conditions d'utilisation de la page www.lindt-home-of-chocolate.com \u00e0 votre disposition.","robots":{"index":"index","follow":"follow","max-snippet":"max-snippet:-1","max-image-preview":"max-image-preview:large","max-video-preview":"max-video-preview:-1"},"canonical":"https:\/\/www.lindt-home-of-chocolate.com\/fr\/conditions-dutilisation\/","og_locale":"fr_FR","og_type":"article","og_title":"Condition d'utilisation \u2013 Lindt Home of Chocolate","og_description":"Sur cette page, nous avons toutes les informations sur les conditions d'utilisation de la page www.lindt-home-of-chocolate.com \u00e0 votre disposition.","og_url":"https:\/\/www.lindt-home-of-chocolate.com\/fr\/conditions-dutilisation\/","og_site_name":"lindt-home-of-chocolate.com","article_modified_time":"2023-08-18T14:37:42+00:00","og_image":[{"width":1200,"height":630,"url":"https:\/\/www.lindt-home-of-chocolate.com\/wp-content\/uploads\/2020\/04\/rechtliches-facebook.jpg","type":"image\/jpeg"}],"twitter_card":"summary_large_image","twitter_image":"https:\/\/www.lindt-home-of-chocolate.com\/wp-content\/uploads\/2020\/04\/rechtliches-twitter.jpg","twitter_misc":{"Dur\u00e9e de lecture estim\u00e9e":"8 minutes"},"schema":{"@context":"https:\/\/schema.org","@graph":[{"@type":"WebPage","@id":"https:\/\/www.lindt-home-of-chocolate.com\/fr\/conditions-dutilisation\/","url":"https:\/\/www.lindt-home-of-chocolate.com\/fr\/conditions-dutilisation\/","name":"Condition d'utilisation \u2013 Lindt Home of Chocolate","isPartOf":{"@id":"https:\/\/www.lindt-home-of-chocolate.com\/fr\/#website"},"datePublished":"2020-03-20T05:07:53+00:00","dateModified":"2023-08-18T14:37:42+00:00","description":"Sur cette page, nous avons toutes les informations sur les conditions d'utilisation de la page www.lindt-home-of-chocolate.com \u00e0 votre disposition.","breadcrumb":{"@id":"https:\/\/www.lindt-home-of-chocolate.com\/fr\/conditions-dutilisation\/#breadcrumb"},"inLanguage":"fr-FR","potentialAction":[{"@type":"ReadAction","target":["https:\/\/www.lindt-home-of-chocolate.com\/fr\/conditions-dutilisation\/"]}]},{"@type":"BreadcrumbList","@id":"https:\/\/www.lindt-home-of-chocolate.com\/fr\/conditions-dutilisation\/#breadcrumb","itemListElement":[{"@type":"ListItem","position":1,"name":"Startseite","item":"https:\/\/www.lindt-home-of-chocolate.com\/fr\/"},{"@type":"ListItem","position":2,"name":"Conditions d&#8217;utilisation"}]},{"@type":"WebSite","@id":"https:\/\/www.lindt-home-of-chocolate.com\/fr\/#website","url":"https:\/\/www.lindt-home-of-chocolate.com\/fr\/","name":"lindt-home-of-chocolate.com","description":"Das Schokoladenmuseum","potentialAction":[{"@type":"SearchAction","target":{"@type":"EntryPoint","urlTemplate":"https:\/\/www.lindt-home-of-chocolate.com\/fr\/?s={search_term_string}"},"query-input":{"@type":"PropertyValueSpecification","valueRequired":true,"valueName":"search_term_string"}}],"inLanguage":"fr-FR"}]}},"_links":{"self":[{"href":"https:\/\/www.lindt-home-of-chocolate.com\/fr\/wp-json\/wp\/v2\/pages\/2192","targetHints":{"allow":["GET"]}}],"collection":[{"href":"https:\/\/www.lindt-home-of-chocolate.com\/fr\/wp-json\/wp\/v2\/pages"}],"about":[{"href":"https:\/\/www.lindt-home-of-chocolate.com\/fr\/wp-json\/wp\/v2\/types\/page"}],"author":[{"embeddable":true,"href":"https:\/\/www.lindt-home-of-chocolate.com\/fr\/wp-json\/wp\/v2\/users\/3"}],"replies":[{"embeddable":true,"href":"https:\/\/www.lindt-home-of-chocolate.com\/fr\/wp-json\/wp\/v2\/comments?post=2192"}],"version-history":[{"count":10,"href":"https:\/\/www.lindt-home-of-chocolate.com\/fr\/wp-json\/wp\/v2\/pages\/2192\/revisions"}],"predecessor-version":[{"id":16640,"href":"https:\/\/www.lindt-home-of-chocolate.com\/fr\/wp-json\/wp\/v2\/pages\/2192\/revisions\/16640"}],"wp:attachment":[{"href":"https:\/\/www.lindt-home-of-chocolate.com\/fr\/wp-json\/wp\/v2\/media?parent=2192"}],"curies":[{"name":"wp","href":"https:\/\/api.w.org\/{rel}","templated":true}]}}