{"id":2204,"date":"2020-03-20T06:17:59","date_gmt":"2020-03-20T05:17:59","guid":{"rendered":"https:\/\/www.lindt-home-of-chocolate.com\/?page_id=2204"},"modified":"2023-08-18T16:39:53","modified_gmt":"2023-08-18T14:39:53","slug":"politique-de-cookies","status":"publish","type":"page","link":"https:\/\/www.lindt-home-of-chocolate.com\/fr\/politique-de-cookies\/","title":{"rendered":"Politique de cookies"},"content":{"rendered":"<div class=\"wpb-content-wrapper\"><p>[vc_row full_width=\u00a0\u00bbstretch_row_content\u00a0\u00bb][vc_column]\r\n\t\t\t<div id=\"hero\" class=\"no-lazyload\"  style=\"background-image: url(https:\/\/www.lindt-home-of-chocolate.com\/wp-content\/uploads\/2020\/04\/f\u00e8ve-de-cacao-1920x640-1.jpg); background-position: center center; background-size: cover; background-repreat: no-repeat; display: block; \"  ><\/div>\r\n\t\t\t\t<style>\r\n\t\t\t\t@media only screen and (max-width: 767.98px) {\r\n\t\t\t\t\t#hero {\r\n\t\t\t\t\t\tbackground-image: url(https:\/\/www.lindt-home-of-chocolate.com\/wp-content\/uploads\/2020\/04\/f\u00e8ve-de-cacao-767x607-1.jpg) !important;\r\n\t\t\t\t\t}\r\n\t\t\t\t}\t\r\n\t\t\t\t<\/style>\r\n\t\t\t[\/vc_column][\/vc_row][vc_row][vc_column][vc_column_text]<\/p>\n<p>[\/vc_column_text][\/vc_column][\/vc_row][vc_row el_class=\u00a0\u00bbmodul-4-row\u00a0\u00bb][vc_column width=\u00a0\u00bb2\/12&Prime;][\/vc_column][vc_column width=\u00a0\u00bb8\/12&Prime;][vc_empty_space height=\u00a0\u00bb45px\u00a0\u00bb el_class=\u00a0\u00bbmobile-20&Prime;]\r\n\t\t\t<div class=\"lindt-headline algin-center    topline-gold \">\t\t<span class=\"topline\">politique de cookies<\/span>\t<h1>Politique de cookies<\/h1>\r\n\t\t\t<\/div>\r\n\t\t\t[vc_column_text]<\/p>\n<p style=\"text-align: center;\">Lindt Chocolate Competence Foundation utilise des cookies et des technologies de suivi pour diverses raisons, y compris pour permettre le fonctionnement de nos Sites, pour comprendre comment vous et les autres visiteurs interagissez sur nos pages et afin de diffuser des messages publicitaires \u00e0 un public cibl\u00e9. Vous trouverez plus d\u2019informations sur l\u2019utilisation des cookies dans cette Politique de Cookies.<\/p>\n<p>&nbsp;<\/p>\n<h2 style=\"text-align: center;\">Balises web<\/h2>\n<p style=\"text-align: center;\">Notre utilisation des balises web ou des pixels invisibles nous permet de compter le nombre de visiteurs ayant consult\u00e9 nos pages ou lu nos e-mails promotionnels\/newsletters. Une balise web est un graphique invisible de 1&#215;1 pixel reli\u00e9 \u00e0 l\u2019identifiant d\u2019utilisateur de chaque abonn\u00e9 \u00e0 la newsletter ou utilisateur de Site. Gr\u00e2ce \u00e0 l\u2019utilisation de ces balises web dans les e-mails promotionnels\/newsletter, nous recevoir les informations sur l\u2019adresse du fichier utilis\u00e9, l\u2019objet et le nombre d\u2019e-mails promotionnels\/newsletter envoy\u00e9s. En outre, cela permet de voir quelles adresses n\u2019ont pas re\u00e7u la communication, \u00e0 quelles adresses l\u2019e-mail a \u00e9t\u00e9 envoy\u00e9 et l\u2019envoi \u00e0 quelles adresses a \u00e9chou\u00e9. De plus, le taux d\u2019ouverture peut contenir l\u2019information sur les adresses qui ont ouvert l\u2019e-mail promotionnel\/la newsletter et celles qui se sont d\u00e9sinscrites de la distribution. Nous utilisons ces donn\u00e9es \u00e0 des fins statistiques et pour optimiser le contenu et la structure des e-mails promotionnels\/newsletters. Cela nous permet de mieux ajuster l\u2019information et les offres dans nos communications avec les int\u00e9r\u00eats personnels des destinataires. Le pixel de suivi est supprim\u00e9 lorsque vous supprimez l\u2019e-mail promotionnel\/la newsletter ou quittez la page correspondante.\u00a0Pour emp\u00eacher l\u2019utilisation des balises ou des pixels invisibles sur nos pages, veuillez d\u00e9sactiver les cookies de performance ou d\u2019analyse plac\u00e9s sur nos pages par notre Centre de pr\u00e9f\u00e9rences en mati\u00e8re de confidentialit\u00e9. Vous pouvez \u00e9galement emp\u00eacher l\u2019utilisation de balises web dans nos e-mails promotionnels\/newsletters en r\u00e9glant votre programme e-mail de mani\u00e8re \u00e0 interdire l\u2019affichage de HTML dans les messages, se ce n\u2019est pas d\u00e9j\u00e0 le cas par d\u00e9faut. Dans ce qui suit, vous trouverez des explications de ses r\u00e9glages dans la plupart de programmes e-mail courants.<\/p>\n<p>&nbsp;<\/p>\n<p style=\"text-align: center;\">Microsoft <a href=\"https:\/\/support.microsoft.com\/fr-ch\/office\/lire-les-courriers-%C3%A9lectroniques-au-format-texte-brut-16dfe54a-fadc-4261-b2ce-19ad072ed7e3?omkt=fr-ch&amp;ui=fr-fr&amp;rs=fr-ch&amp;ad=ch\">Outlook<\/a><\/p>\n<p style=\"text-align: center;\"><a href=\"https:\/\/support.apple.com\/fr-ch\/guide\/mail\/mlhlp1009\/mac\">E-mail pour Mac (\u00ab\u00a0T\u00e9l\u00e9charger contenu \u00e0 distance dans les messages\u00a0\u00bb)<\/a><\/p>\n<p><!-- CookiePro Cookies List start --><\/p>\n<div id=\"ot-sdk-cookie-policy\"><\/div>\n<p><!-- CookiePro Cookies List end --><\/p>\n<h2 style=\"text-align: center;\">Comment contr\u00f4ler les cookies<\/h2>\n<h3 style=\"text-align: center;\">Centre de pr\u00e9f\u00e9rences en mati\u00e8re de confidentialit\u00e9<\/h3>\n<p style=\"text-align: center;\">Le Centre de pr\u00e9f\u00e9rences en mati\u00e8re de confidentialit\u00e9 de Lindt peut \u00eatre utilis\u00e9 pour personnaliser vos pr\u00e9f\u00e9rences en mati\u00e8re de cookies. Notre site est balay\u00e9 r\u00e9guli\u00e8rement au moyen de notre outil de balayage de cookies pour garder leur liste la plus exacte possible. Vous pouvez d\u00e9sactiver chaque cat\u00e9gorie de cookie en cliquant sur le bouton \u00ab\u00a0Param\u00e8tres de cookies\u00a0\u00bb ci-dessous. Les cookies strictement n\u00e9cessaires ne peuvent pas \u00eatre d\u00e9sactiv\u00e9s, de m\u00eame qu\u2019il impossible d\u2019utiliser l\u2019outil pour bloquer les cookies sur les sites Internet de tiers reli\u00e9s par un lien \u00e0 partir de notre site Internet.<\/p>\n<p>&nbsp;<\/p>\n<p style=\"text-align: center;\"><!-- CookiePro Cookies Settings button start --><br \/>\n<button id=\"ot-sdk-btn\" class=\"ot-sdk-show-settings\">Cookie Settings<\/button><br \/>\n<!-- CookiePro Cookies Settings button end --><\/p>\n<p>&nbsp;<\/p>\n<h3 style=\"text-align: center;\">Utilisation de votre navigateur<\/h3>\n<p style=\"text-align: center;\">Beaucoup de cookies utilis\u00e9s sur notre Site peuvent \u00eatre activ\u00e9s et d\u00e9sactiv\u00e9s \u00e0 l\u2019aide du Centre de pr\u00e9f\u00e9rences en mati\u00e8re de confidentialit\u00e9 de Lindt ou de la d\u00e9sactivation des cookies par votre navigateur. La plupart de navigateurs sont param\u00e9tr\u00e9s pour accepter les cookies. Toutefois, si vous le souhaitez, vous pouvez r\u00e9gler votre navigateur de mani\u00e8re \u00e0 limiter le nombre de cookies accept\u00e9s et \u00e0 bloquer tous les cookies en modifiant les r\u00e9glages du navigateur par les proc\u00e9dures suivantes\u00a0:<\/p>\n<p>&nbsp;<\/p>\n<table style=\"border-collapse: collapse; width: 100%;\">\n<tbody>\n<tr>\n<td style=\"width: 100%;\">\n<ul>\n<li>Microsoft Internet Explorer: Cliquez sur \u00ab Outils \u00bb dans le coin sup\u00e9rieur droit et s\u00e9lectionnez \u00ab Param\u00e8tres Internet \u00bb. S\u00e9lectionnez \u00ab Confidentialit\u00e9 \u00bb dans la fen\u00eatre pop-up : l\u2019utilisateur peut ici modifier les param\u00e8tres de cookies.<\/li>\n<li>Google Chrome: Cliquez sur la \u00ab clef \u00bb dans le coin sup\u00e9rieur droit et s\u00e9lectionnez \u00ab R\u00e9glages \u00bb. Puis, s\u00e9lectionnez \u00ab Afficher les r\u00e9glages avanc\u00e9s \u00bb et modifiez les param\u00e8tre \u00ab Confidentialit\u00e9 \u00bb.<\/li>\n<li>Mozilla Firefox: S\u00e9lectionnez \u00ab R\u00e9glages \u00bb dans le menu en haut \u00e0 gauche. S\u00e9lectionnez \u00ab Confidentialit\u00e9 \u00bb dans la fen\u00eatre pop-up : l\u2019utilisateur peut ici modifier les param\u00e8tres de cookies.<\/li>\n<li>Safari: S\u00e9lectionnez \u00ab Pr\u00e9f\u00e9rences \u00bb dans le menu en haut \u00e0 droite. Puis, s\u00e9lectionnez \u00ab S\u00e9curit\u00e9 \u00bb et modifiez les param\u00e8tres de cookies.<\/li>\n<\/ul>\n<\/td>\n<\/tr>\n<\/tbody>\n<\/table>\n<p>&nbsp;<\/p>\n<p style=\"text-align: center;\">Pour effectuer ce genre d\u2019op\u00e9ration sur des appareils mobiles, veuillez consulter le manuel de l\u2019appareil.\u00a0Sachez que si vous d\u00e9sactivez tous les cookies sur le Site, certaines fonctionnalit\u00e9s peuvent ne pas \u00eatre disponibles.<\/p>\n<p>&nbsp;<\/p>\n<p style=\"text-align: center;\">Sinon, vous pouvez consulter\u00a0<a href=\"https:\/\/www.allaboutcookies.org\/fr\/\">http:\/\/www.allaboutcookies.org\/<\/a>, ou vous trouverez de l\u2019information compl\u00e8te sur la gestion et le blocage des cookies concernant une grande vari\u00e9t\u00e9 de navigateurs (<a href=\"https:\/\/www.allaboutcookies.org\/fr\/gerer-les-cookies\/\">http:\/\/www.allaboutcookies.org\/manage-cookies\/<\/a>).\u00a0Nous nous r\u00e9servons le droit d\u2019apporter des modifications ou corrections \u00e0 cette Politique de Cookies. Si n\u00e9cessaire, nous vous redemanderons votre consentement pour de nouveaux cookies et autres technologies de suivi. Veuillez consulter cette page de temps en temps afin de consulter notre liste de cookies et autres technologies de suivi.<\/p>\n<p>&nbsp;<\/p>\n<p style=\"text-align: center;\">\u00a9 Lindt Chocolate Competence Foundation AG 2023<\/p>\n<p>[\/vc_column_text][\/vc_column][vc_column width=\u00a0\u00bb2\/12&Prime;][\/vc_column][\/vc_row][vc_row][vc_column][vc_empty_space height=\u00a0\u00bb40px\u00a0\u00bb el_class=\u00a0\u00bbmobile-30&Prime;][\/vc_column][\/vc_row]<\/p>\n<\/div>","protected":false},"excerpt":{"rendered":"<p>[vc_row full_width=\u00a0\u00bbstretch_row_content\u00a0\u00bb][vc_column][\/vc_column][\/vc_row][vc_row][vc_column][vc_column_text] [\/vc_column_text][\/vc_column][\/vc_row][vc_row el_class=\u00a0\u00bbmodul-4-row\u00a0\u00bb][vc_column width=\u00a0\u00bb2\/12&Prime;][\/vc_column][vc_column width=\u00a0\u00bb8\/12&Prime;][vc_empty_space height=\u00a0\u00bb45px\u00a0\u00bb el_class=\u00a0\u00bbmobile-20&Prime;][vc_column_text] Lindt Chocolate Competence Foundation utilise des cookies et des technologies de suivi pour diverses raisons, y compris pour permettre le fonctionnement de nos Sites, pour comprendre comment vous et les autres visiteurs interagissez sur nos pages et afin de diffuser des messages publicitaires \u00e0 un public cibl\u00e9. [&hellip;]<\/p>\n","protected":false},"author":3,"featured_media":0,"parent":0,"menu_order":0,"comment_status":"closed","ping_status":"closed","template":"fullwidth.php","meta":{"_acf_changed":false,"_relevanssi_hide_post":"","_relevanssi_hide_content":"","_relevanssi_pin_for_all":"","_relevanssi_pin_keywords":"","_relevanssi_unpin_keywords":"","_relevanssi_related_keywords":"","_relevanssi_related_include_ids":"","_relevanssi_related_exclude_ids":"","_relevanssi_related_no_append":"","_relevanssi_related_not_related":"","_relevanssi_related_posts":"","_relevanssi_noindex_reason":"","footnotes":""},"class_list":["post-2204","page","type-page","status-publish","hentry"],"acf":[],"yoast_head":"<!-- This site is optimized with the Yoast SEO plugin v26.8 - https:\/\/yoast.com\/product\/yoast-seo-wordpress\/ -->\n<title>Politique de cookies - Lindt Home of Chocolate<\/title>\n<meta name=\"description\" content=\"Retrouvez sur cette page la politique des cookies et de plus amples informations sur notre site www.lindt-home-of-chocolate.com\" \/>\n<meta name=\"robots\" content=\"index, follow, max-snippet:-1, max-image-preview:large, max-video-preview:-1\" \/>\n<link rel=\"canonical\" href=\"https:\/\/www.lindt-home-of-chocolate.com\/fr\/politique-de-cookies\/\" \/>\n<meta property=\"og:locale\" content=\"fr_FR\" \/>\n<meta property=\"og:type\" content=\"article\" \/>\n<meta property=\"og:title\" content=\"Politique de cookies - Lindt Home of Chocolate\" \/>\n<meta property=\"og:description\" content=\"Retrouvez sur cette page la politique des cookies et de plus amples informations sur notre site www.lindt-home-of-chocolate.com\" \/>\n<meta property=\"og:url\" content=\"https:\/\/www.lindt-home-of-chocolate.com\/fr\/politique-de-cookies\/\" \/>\n<meta property=\"og:site_name\" content=\"lindt-home-of-chocolate.com\" \/>\n<meta property=\"article:modified_time\" content=\"2023-08-18T14:39:53+00:00\" \/>\n<meta property=\"og:image\" content=\"https:\/\/www.lindt-home-of-chocolate.com\/wp-content\/uploads\/2020\/04\/rechtliches-facebook.jpg\" \/>\n\t<meta property=\"og:image:width\" content=\"1200\" \/>\n\t<meta property=\"og:image:height\" content=\"630\" \/>\n\t<meta property=\"og:image:type\" content=\"image\/jpeg\" \/>\n<meta name=\"twitter:card\" content=\"summary_large_image\" \/>\n<meta name=\"twitter:image\" content=\"https:\/\/www.lindt-home-of-chocolate.com\/wp-content\/uploads\/2020\/04\/rechtliches-twitter.jpg\" \/>\n<meta name=\"twitter:label1\" content=\"Dur\u00e9e de lecture estim\u00e9e\" \/>\n\t<meta name=\"twitter:data1\" content=\"5 minutes\" \/>\n<script type=\"application\/ld+json\" class=\"yoast-schema-graph\">{\"@context\":\"https:\/\/schema.org\",\"@graph\":[{\"@type\":\"WebPage\",\"@id\":\"https:\/\/www.lindt-home-of-chocolate.com\/fr\/politique-de-cookies\/\",\"url\":\"https:\/\/www.lindt-home-of-chocolate.com\/fr\/politique-de-cookies\/\",\"name\":\"Politique de cookies - Lindt Home of Chocolate\",\"isPartOf\":{\"@id\":\"https:\/\/www.lindt-home-of-chocolate.com\/fr\/#website\"},\"datePublished\":\"2020-03-20T05:17:59+00:00\",\"dateModified\":\"2023-08-18T14:39:53+00:00\",\"description\":\"Retrouvez sur cette page la politique des cookies et de plus amples informations sur notre site www.lindt-home-of-chocolate.com\",\"breadcrumb\":{\"@id\":\"https:\/\/www.lindt-home-of-chocolate.com\/fr\/politique-de-cookies\/#breadcrumb\"},\"inLanguage\":\"fr-FR\",\"potentialAction\":[{\"@type\":\"ReadAction\",\"target\":[\"https:\/\/www.lindt-home-of-chocolate.com\/fr\/politique-de-cookies\/\"]}]},{\"@type\":\"BreadcrumbList\",\"@id\":\"https:\/\/www.lindt-home-of-chocolate.com\/fr\/politique-de-cookies\/#breadcrumb\",\"itemListElement\":[{\"@type\":\"ListItem\",\"position\":1,\"name\":\"Startseite\",\"item\":\"https:\/\/www.lindt-home-of-chocolate.com\/fr\/\"},{\"@type\":\"ListItem\",\"position\":2,\"name\":\"Politique de cookies\"}]},{\"@type\":\"WebSite\",\"@id\":\"https:\/\/www.lindt-home-of-chocolate.com\/fr\/#website\",\"url\":\"https:\/\/www.lindt-home-of-chocolate.com\/fr\/\",\"name\":\"lindt-home-of-chocolate.com\",\"description\":\"Das Schokoladenmuseum\",\"potentialAction\":[{\"@type\":\"SearchAction\",\"target\":{\"@type\":\"EntryPoint\",\"urlTemplate\":\"https:\/\/www.lindt-home-of-chocolate.com\/fr\/?s={search_term_string}\"},\"query-input\":{\"@type\":\"PropertyValueSpecification\",\"valueRequired\":true,\"valueName\":\"search_term_string\"}}],\"inLanguage\":\"fr-FR\"}]}<\/script>\n<!-- \/ Yoast SEO plugin. -->","yoast_head_json":{"title":"Politique de cookies - Lindt Home of Chocolate","description":"Retrouvez sur cette page la politique des cookies et de plus amples informations sur notre site www.lindt-home-of-chocolate.com","robots":{"index":"index","follow":"follow","max-snippet":"max-snippet:-1","max-image-preview":"max-image-preview:large","max-video-preview":"max-video-preview:-1"},"canonical":"https:\/\/www.lindt-home-of-chocolate.com\/fr\/politique-de-cookies\/","og_locale":"fr_FR","og_type":"article","og_title":"Politique de cookies - Lindt Home of Chocolate","og_description":"Retrouvez sur cette page la politique des cookies et de plus amples informations sur notre site www.lindt-home-of-chocolate.com","og_url":"https:\/\/www.lindt-home-of-chocolate.com\/fr\/politique-de-cookies\/","og_site_name":"lindt-home-of-chocolate.com","article_modified_time":"2023-08-18T14:39:53+00:00","og_image":[{"width":1200,"height":630,"url":"https:\/\/www.lindt-home-of-chocolate.com\/wp-content\/uploads\/2020\/04\/rechtliches-facebook.jpg","type":"image\/jpeg"}],"twitter_card":"summary_large_image","twitter_image":"https:\/\/www.lindt-home-of-chocolate.com\/wp-content\/uploads\/2020\/04\/rechtliches-twitter.jpg","twitter_misc":{"Dur\u00e9e de lecture estim\u00e9e":"5 minutes"},"schema":{"@context":"https:\/\/schema.org","@graph":[{"@type":"WebPage","@id":"https:\/\/www.lindt-home-of-chocolate.com\/fr\/politique-de-cookies\/","url":"https:\/\/www.lindt-home-of-chocolate.com\/fr\/politique-de-cookies\/","name":"Politique de cookies - Lindt Home of Chocolate","isPartOf":{"@id":"https:\/\/www.lindt-home-of-chocolate.com\/fr\/#website"},"datePublished":"2020-03-20T05:17:59+00:00","dateModified":"2023-08-18T14:39:53+00:00","description":"Retrouvez sur cette page la politique des cookies et de plus amples informations sur notre site www.lindt-home-of-chocolate.com","breadcrumb":{"@id":"https:\/\/www.lindt-home-of-chocolate.com\/fr\/politique-de-cookies\/#breadcrumb"},"inLanguage":"fr-FR","potentialAction":[{"@type":"ReadAction","target":["https:\/\/www.lindt-home-of-chocolate.com\/fr\/politique-de-cookies\/"]}]},{"@type":"BreadcrumbList","@id":"https:\/\/www.lindt-home-of-chocolate.com\/fr\/politique-de-cookies\/#breadcrumb","itemListElement":[{"@type":"ListItem","position":1,"name":"Startseite","item":"https:\/\/www.lindt-home-of-chocolate.com\/fr\/"},{"@type":"ListItem","position":2,"name":"Politique de cookies"}]},{"@type":"WebSite","@id":"https:\/\/www.lindt-home-of-chocolate.com\/fr\/#website","url":"https:\/\/www.lindt-home-of-chocolate.com\/fr\/","name":"lindt-home-of-chocolate.com","description":"Das Schokoladenmuseum","potentialAction":[{"@type":"SearchAction","target":{"@type":"EntryPoint","urlTemplate":"https:\/\/www.lindt-home-of-chocolate.com\/fr\/?s={search_term_string}"},"query-input":{"@type":"PropertyValueSpecification","valueRequired":true,"valueName":"search_term_string"}}],"inLanguage":"fr-FR"}]}},"_links":{"self":[{"href":"https:\/\/www.lindt-home-of-chocolate.com\/fr\/wp-json\/wp\/v2\/pages\/2204","targetHints":{"allow":["GET"]}}],"collection":[{"href":"https:\/\/www.lindt-home-of-chocolate.com\/fr\/wp-json\/wp\/v2\/pages"}],"about":[{"href":"https:\/\/www.lindt-home-of-chocolate.com\/fr\/wp-json\/wp\/v2\/types\/page"}],"author":[{"embeddable":true,"href":"https:\/\/www.lindt-home-of-chocolate.com\/fr\/wp-json\/wp\/v2\/users\/3"}],"replies":[{"embeddable":true,"href":"https:\/\/www.lindt-home-of-chocolate.com\/fr\/wp-json\/wp\/v2\/comments?post=2204"}],"version-history":[{"count":15,"href":"https:\/\/www.lindt-home-of-chocolate.com\/fr\/wp-json\/wp\/v2\/pages\/2204\/revisions"}],"predecessor-version":[{"id":16643,"href":"https:\/\/www.lindt-home-of-chocolate.com\/fr\/wp-json\/wp\/v2\/pages\/2204\/revisions\/16643"}],"wp:attachment":[{"href":"https:\/\/www.lindt-home-of-chocolate.com\/fr\/wp-json\/wp\/v2\/media?parent=2204"}],"curies":[{"name":"wp","href":"https:\/\/api.w.org\/{rel}","templated":true}]}}